{"id":6882,"date":"2021-03-29T13:59:32","date_gmt":"2021-03-29T11:59:32","guid":{"rendered":"https:\/\/cirugiadegenero.com\/politica-de-cookies\/"},"modified":"2024-03-04T13:10:12","modified_gmt":"2024-03-04T12:10:12","slug":"cookies-policy","status":"publish","type":"page","link":"https:\/\/imgender.com\/en\/cookies-policy\/","title":{"rendered":"Cookies policy"},"content":{"rendered":"<p><script id=\"CookieDeclaration\" src=\"https:\/\/consent.cookiebot.com\/e8084d1c-4e7b-4e0e-84a6-37f0172400b9\/cd.js\" type=\"text\/javascript\" async><\/script><\/p>\n","protected":false},"excerpt":{"rendered":"","protected":false},"author":2,"featured_media":0,"parent":0,"menu_order":0,"comment_status":"closed","ping_status":"closed","template":"","meta":{"_acf_changed":false,"footnotes":""},"class_list":["post-6882","page","type-page","status-publish","hentry"],"acf":[],"yoast_head":"<!-- This site is optimized with the Yoast SEO plugin v26.4 - https:\/\/yoast.com\/wordpress\/plugins\/seo\/ -->\n<title>Cookies policy | IM GENDER<\/title>\n<meta name=\"description\" content=\"Este documento recoge la pol\u00edtica de cookies de IM GENDER, la Unidad de G\u00e9nero de IM CLINIC. M\u00e1s de 20 a\u00f1os de experiencia.\" \/>\n<meta name=\"robots\" content=\"noindex, nofollow\" \/>\n<meta property=\"og:locale\" content=\"en_US\" \/>\n<meta property=\"og:type\" content=\"article\" \/>\n<meta property=\"og:title\" content=\"Cookies policy | IM GENDER\" \/>\n<meta property=\"og:description\" content=\"Este documento recoge la pol\u00edtica de cookies de IM GENDER, la Unidad de G\u00e9nero de IM CLINIC. M\u00e1s de 20 a\u00f1os de experiencia.\" \/>\n<meta property=\"og:url\" content=\"https:\/\/imgender.com\/en\/cookies-policy\/\" \/>\n<meta property=\"og:site_name\" content=\"IM GENDER\" \/>\n<meta property=\"article:modified_time\" content=\"2024-03-04T12:10:12+00:00\" \/>\n<meta property=\"og:image\" content=\"https:\/\/imgender.com\/wp-content\/uploads\/2025\/11\/vaginoplastia-110-110.jpg\" \/>\n\t<meta property=\"og:image:width\" content=\"110\" \/>\n\t<meta property=\"og:image:height\" content=\"110\" \/>\n\t<meta property=\"og:image:type\" content=\"image\/jpeg\" \/>\n<meta name=\"twitter:card\" content=\"summary_large_image\" \/>\n<meta name=\"twitter:label1\" content=\"Est. reading time\" \/>\n\t<meta name=\"twitter:data1\" content=\"6 minutes\" \/>\n<!-- \/ Yoast SEO plugin. -->","yoast_head_json":{"title":"Cookies policy | IM GENDER","description":"Este documento recoge la pol\u00edtica de cookies de IM GENDER, la Unidad de G\u00e9nero de IM CLINIC. M\u00e1s de 20 a\u00f1os de experiencia.","robots":{"index":"noindex","follow":"nofollow"},"og_locale":"en_US","og_type":"article","og_title":"Cookies policy | IM GENDER","og_description":"Este documento recoge la pol\u00edtica de cookies de IM GENDER, la Unidad de G\u00e9nero de IM CLINIC. M\u00e1s de 20 a\u00f1os de experiencia.","og_url":"https:\/\/imgender.com\/en\/cookies-policy\/","og_site_name":"IM GENDER","article_modified_time":"2024-03-04T12:10:12+00:00","og_image":[{"width":110,"height":110,"url":"https:\/\/imgender.com\/wp-content\/uploads\/2025\/11\/vaginoplastia-110-110.jpg","type":"image\/jpeg"}],"twitter_card":"summary_large_image","twitter_misc":{"Est. reading time":"6 minutes"},"schema":{"@context":"https:\/\/schema.org","@graph":[{"@type":"WebPage","@id":"https:\/\/imgender.com\/en\/cookies-policy\/","url":"https:\/\/imgender.com\/en\/cookies-policy\/","name":"Cookies policy | IM GENDER","isPartOf":{"@id":"https:\/\/imgender.com\/en\/#website"},"datePublished":"2021-03-29T11:59:32+00:00","dateModified":"2024-03-04T12:10:12+00:00","description":"Este documento recoge la pol\u00edtica de cookies de IM GENDER, la Unidad de G\u00e9nero de IM CLINIC. M\u00e1s de 20 a\u00f1os de experiencia.","breadcrumb":{"@id":"https:\/\/imgender.com\/en\/cookies-policy\/#breadcrumb"},"inLanguage":"en-US","potentialAction":[{"@type":"ReadAction","target":["https:\/\/imgender.com\/en\/cookies-policy\/"]}]},{"@type":"BreadcrumbList","@id":"https:\/\/imgender.com\/en\/cookies-policy\/#breadcrumb","itemListElement":[{"@type":"ListItem","position":1,"name":"Portada","item":"https:\/\/imgender.com\/en\/"},{"@type":"ListItem","position":2,"name":"Cookies policy"}]},{"@type":"WebSite","@id":"https:\/\/imgender.com\/en\/#website","url":"https:\/\/imgender.com\/en\/","name":"IM GENDER","description":"Unidad de Cirug\u00eda de G\u00e9nero de IM CLINIC","publisher":{"@id":"https:\/\/imgender.com\/en\/#organization"},"alternateName":"IM GENDER","potentialAction":[{"@type":"SearchAction","target":{"@type":"EntryPoint","urlTemplate":"https:\/\/imgender.com\/en\/?s={search_term_string}"},"query-input":{"@type":"PropertyValueSpecification","valueRequired":true,"valueName":"search_term_string"}}],"inLanguage":"en-US"},{"@type":"Organization","@id":"https:\/\/imgender.com\/en\/#organization","name":"IM GENDER","url":"https:\/\/imgender.com\/en\/","logo":{"@type":"ImageObject","inLanguage":"en-US","@id":"https:\/\/imgender.com\/en\/#\/schema\/logo\/image\/","url":"https:\/\/imgender.com\/wp-content\/uploads\/2021\/03\/imclinic_gender.png","contentUrl":"https:\/\/imgender.com\/wp-content\/uploads\/2021\/03\/imclinic_gender.png","width":150,"height":151,"caption":"IM GENDER"},"image":{"@id":"https:\/\/imgender.com\/en\/#\/schema\/logo\/image\/"}}]}},"_links":{"self":[{"href":"https:\/\/imgender.com\/en\/wp-json\/wp\/v2\/pages\/6882","targetHints":{"allow":["GET"]}}],"collection":[{"href":"https:\/\/imgender.com\/en\/wp-json\/wp\/v2\/pages"}],"about":[{"href":"https:\/\/imgender.com\/en\/wp-json\/wp\/v2\/types\/page"}],"author":[{"embeddable":true,"href":"https:\/\/imgender.com\/en\/wp-json\/wp\/v2\/users\/2"}],"replies":[{"embeddable":true,"href":"https:\/\/imgender.com\/en\/wp-json\/wp\/v2\/comments?post=6882"}],"version-history":[{"count":0,"href":"https:\/\/imgender.com\/en\/wp-json\/wp\/v2\/pages\/6882\/revisions"}],"wp:attachment":[{"href":"https:\/\/imgender.com\/en\/wp-json\/wp\/v2\/media?parent=6882"}],"curies":[{"name":"wp","href":"https:\/\/api.w.org\/{rel}","templated":true}]}}