{"id":65740,"date":"2021-02-22T15:34:21","date_gmt":"2021-02-22T13:34:21","guid":{"rendered":"https:\/\/imgender.com\/faqs-mastectomia\/"},"modified":"2026-01-08T16:39:21","modified_gmt":"2026-01-08T15:39:21","slug":"faqs-mastectomia","status":"publish","type":"page","link":"https:\/\/imgender.com\/it\/faqs-mastectomia\/","title":{"rendered":"Domande frequenti sulla mastectomia"},"content":{"rendered":"<section class=\"l-section wpb_row us_custom_df037c3f height_medium\"><div class=\"l-section-overlay\" style=\"background:linear-gradient(90deg, rgba(0,0,0,0.15) 0%,rgba(0,0,0,0.2) 100%)\"><\/div><div class=\"l-section-h i-cf\"><div class=\"g-cols vc_row via_grid cols_1 laptops-cols_inherit tablets-cols_inherit mobiles-cols_1 valign_top type_default stacking_default\"><div class=\"wpb_column vc_column_container\"><div class=\"vc_column-inner\"><div class=\"g-cols wpb_row via_grid cols_2 laptops-cols_inherit tablets-cols_inherit mobiles-cols_1 valign_top type_default stacking_default\" style=\"--columns-gap:3rem;\"><div class=\"wpb_column vc_column_container us_custom_6f6e1665 has_bg_color\"><div class=\"vc_column-inner\"><h1 class=\"w-text us_custom_42587a2f has_text_color\"><span class=\"w-text-h\"><span class=\"w-text-value\">Domande frequenti sulla mastectomia<\/span><\/span><\/h1><div class=\"wpb_text_column us_custom_f73f4019\"><div class=\"wpb_wrapper\"><p><span style=\"font-weight: 400;\">Questi sono i dubbi pi\u00f9 frequenti tra le persone trans che stanno considerando di sottoporsi a una <\/span><b>mastectomia bilaterale sottocutanea,<\/b><span style=\"font-weight: 400;\"> con l&#8217;intento di dare al loro torace un aspetto pi\u00f9 simile a quello che viene comunemente inteso come maschile. Se hai altri dubbi, inviaci la tua domanda.<\/span><\/p>\n<\/div><\/div><\/div><\/div><div class=\"wpb_column vc_column_container\"><div class=\"vc_column-inner\"><\/div><\/div><\/div><\/div><\/div><\/div><\/div><\/section><section class=\"l-section wpb_row height_medium\"><div class=\"l-section-h i-cf\"><div class=\"g-cols vc_row via_grid cols_1 laptops-cols_inherit tablets-cols_inherit mobiles-cols_1 valign_top type_default stacking_default\"><div class=\"wpb_column vc_column_container us_custom_8aaab345 margin-auto\"><div class=\"vc_column-inner\"><div class=\"wpb_text_column us_custom_5ecb7f7a contenido-faqs has_text_color\"><div class=\"wpb_wrapper\"><h2>Intervento chirurgico di mastectomia<\/h2>\n<h3>\u00c8 necessaria una terapia ormonale prima di sottoporsi a una mastectomia per la mascolinizzazione del torace?<\/h3>\n<p><span style=\"font-weight: 400;\">La terapia ormonale non influisce in modo significativo sulle dimensioni del seno, se questo \u00e8 gi\u00e0 sviluppato. Per questo motivo, non \u00e8 indispensabile una terapia ormonale prima dell&#8217;intervento chirurgico.<\/span><\/p>\n<h3>Posso sviluppare il cancro al seno dopo essermi sottoposto a una mascolinizzazione del torace?<\/h3>\n<p><span style=\"font-weight: 400;\">Dopo la mascolinizzazione del torace, praticata su persone trans, il rischio di sviluppare il cancro al seno \u00e8 praticamente nullo, poich\u00e9 l&#8217;intervento comporta l&#8217;exeresi, ovvero l&#8217;asportazione totale della ghiandola mammaria. Ci\u00f2 nonostante, sono stati registrati casi molto rari di cancro al seno in pazienti mastectomizzati mediante mastectomia sottocutanea. In una percentuale molto bassa di casi, infatti, possono persistere residui di ghiandola mammaria dopo l&#8217;intervento. Pertanto, \u00e8 consigliabile eseguire l&#8217;autopalpazione e consultare il chirurgo in caso di eventuali tumefazioni nell&#8217;area mammaria o ascellare.<\/span><\/p>\n<h3>Dovr\u00f2 indossare un indumento speciale dopo la mastectomia o la mascolinizzazione del torace?<\/h3>\n<p><span style=\"font-weight: 400;\">S\u00ec, dopo la mastectomia \u00e8 consigliabile indossare una guaina<\/span><b> compressiva<\/b><span style=\"font-weight: 400;\"> per circa quattro settimane.<\/span><\/p>\n<h3>Potr\u00f2 tornare a fare sport dopo la mastectomia?<\/h3>\n<p><span style=\"font-weight: 400;\">Di solito, \u00e8 necessario aspettare <\/span><b>circa un mese<\/b><span style=\"font-weight: 400;\"> prima di riprendere l&#8217;attivit\u00e0 sportiva o fare sforzi come sollevare pesi. Tuttavia, \u00e8 fondamentale seguire sempre i consigli del chirurgo.<\/span><\/p>\n<h3>Cosa succede se interrompo la terapia ormonale dopo la mastectomia?<\/h3>\n<p><span style=\"font-weight: 400;\">Prima di interrompere la terapia ormonale, dovrai parlarne con il tuo endocrinologo, che ti informer\u00e0 sui rischi, poich\u00e9 se persistono residui di ghiandola mammaria dopo l&#8217;intervento, potrebbe verificarsi un aumento del tessuto ghiandolare. <\/span><b>NON INTERROMPERE IL TRATTAMENTO SENZA PRIMA CONSULTARE IL TUO ENDOCRINOLOGO<\/b><span style=\"font-weight: 400;\">, \u00e8 importante per la tua salute.<\/span><\/p>\n<\/div><\/div><\/div><\/div><\/div><\/div><\/section><section class=\"l-section wpb_row us_custom_685ee0ed height_medium\"><div class=\"l-section-h i-cf\"><div class=\"g-cols vc_row via_grid cols_1 laptops-cols_inherit tablets-cols_inherit mobiles-cols_1 valign_top type_default stacking_default\"><div class=\"wpb_column vc_column_container us_custom_eb849559\"><div class=\"vc_column-inner\"><p class=\"w-text us_custom_0cad52e0 has_text_color\"><span class=\"w-text-h\"><span class=\"w-text-value\">TESTIMONIANZE DEI <strong> NOSTRI PAZIENTI<\/strong><\/span><\/span><\/p><div class=\"w-html\"><div data-src=\"https:\/\/cdn.trustindex.io\/loader.js?579b6b858c220527e136e7c85d1\"><\/div><\/div><\/div><\/div><\/div><\/div><\/section><section class=\"l-section wpb_row us_custom_9018be24 height_medium\"><div class=\"l-section-h i-cf\"><div class=\"g-cols vc_row via_grid cols_1 laptops-cols_inherit tablets-cols_inherit mobiles-cols_1 valign_top type_default stacking_default\"><div class=\"wpb_column vc_column_container us_custom_89909d76\"><div class=\"vc_column-inner\"><p class=\"w-text us_custom_c2f1cdb8 has_text_color\"><span class=\"w-text-h\"><span class=\"w-text-value\">Hai altri dubbi sulla mastectomia o su qualsiasi altro intervento chirurgico?<\/span><\/span><\/p><p class=\"w-text us_custom_c2f1cdb8 has_text_color\"><span class=\"w-text-h\"><span class=\"w-text-value\">Richiedi un appuntamento o invia la tua richiesta online e ti aiuteremo.<\/span><\/span><\/p><div class=\"g-cols wpb_row via_grid cols_2 laptops-cols_inherit tablets-cols_inherit mobiles-cols_1 valign_top type_default stacking_default\" style=\"--columns-gap:7rem;--laptops-columns-gap:7rem;--tablets-columns-gap:7rem;--mobiles-columns-gap:1.6rem;\"><div class=\"wpb_column vc_column_container us_custom_65dee96e\"><div class=\"vc_column-inner\"><div class=\"w-btn-wrapper align_none\"><a class=\"w-btn us-btn-style_3 us_custom_a3d5695e\" href=\"\/pedir-cita\/\"><span class=\"w-btn-label\">Prendere un appuntamento<\/span><\/a><\/div><\/div><\/div><div class=\"wpb_column vc_column_container us_custom_e46c6d82\"><div class=\"vc_column-inner\"><div class=\"w-btn-wrapper align_none\"><a class=\"w-btn us-btn-style_3 us_custom_a3d5695e\" href=\"\/it\/contatto\/\"><span class=\"w-btn-label\">Consulenza online<\/span><\/a><\/div><\/div><\/div><\/div><\/div><\/div><\/div><\/div><\/section>\n","protected":false},"excerpt":{"rendered":"Domande frequenti sulla mastectomiaQuesti sono i dubbi pi\u00f9 frequenti tra le persone trans che stanno considerando di sottoporsi a una mastectomia bilaterale sottocutanea, con l&#8217;intento di dare al loro torace un aspetto pi\u00f9 simile a quello che viene comunemente inteso come maschile. Se hai altri dubbi, inviaci la tua domanda. Intervento chirurgico di mastectomia \u00c8...","protected":false},"author":2,"featured_media":0,"parent":0,"menu_order":0,"comment_status":"closed","ping_status":"closed","template":"","meta":{"_acf_changed":false,"footnotes":""},"class_list":["post-65740","page","type-page","status-publish","hentry"],"acf":[],"yoast_head":"<!-- This site is optimized with the Yoast SEO plugin v26.4 - https:\/\/yoast.com\/wordpress\/plugins\/seo\/ -->\n<title>Domande frequenti sulla mastectomia | IM Gender<\/title>\n<meta name=\"description\" content=\"La rimozione del seno \u00e8 uno dei primi passi per gli uomini trans. In questa pagina rispondiamo alle domande pi\u00f9 comuni sulla mastectomia.\" \/>\n<meta name=\"robots\" content=\"index, follow, max-snippet:-1, max-image-preview:large, max-video-preview:-1\" \/>\n<link rel=\"canonical\" href=\"https:\/\/imgender.com\/it\/faqs-mastectomia\/\" \/>\n<meta property=\"og:locale\" content=\"it_IT\" \/>\n<meta property=\"og:type\" content=\"article\" \/>\n<meta property=\"og:title\" content=\"Domande frequenti sulla mastectomia | IM Gender\" \/>\n<meta property=\"og:description\" content=\"La rimozione del seno \u00e8 uno dei primi passi per gli uomini trans. In questa pagina rispondiamo alle domande pi\u00f9 comuni sulla mastectomia.\" \/>\n<meta property=\"og:url\" content=\"https:\/\/imgender.com\/it\/faqs-mastectomia\/\" \/>\n<meta property=\"og:site_name\" content=\"IM GENDER\" \/>\n<meta property=\"article:modified_time\" content=\"2026-01-08T15:39:21+00:00\" \/>\n<meta property=\"og:image\" content=\"https:\/\/imgender.com\/wp-content\/uploads\/2025\/11\/vaginoplastia-110-110.jpg\" \/>\n\t<meta property=\"og:image:width\" content=\"110\" \/>\n\t<meta property=\"og:image:height\" content=\"110\" \/>\n\t<meta property=\"og:image:type\" content=\"image\/jpeg\" \/>\n<meta name=\"twitter:card\" content=\"summary_large_image\" \/>\n<meta name=\"twitter:label1\" content=\"Tempo di lettura stimato\" \/>\n\t<meta name=\"twitter:data1\" content=\"2 minuti\" \/>\n<!-- \/ Yoast SEO plugin. -->","yoast_head_json":{"title":"Domande frequenti sulla mastectomia | IM Gender","description":"La rimozione del seno \u00e8 uno dei primi passi per gli uomini trans. In questa pagina rispondiamo alle domande pi\u00f9 comuni sulla mastectomia.","robots":{"index":"index","follow":"follow","max-snippet":"max-snippet:-1","max-image-preview":"max-image-preview:large","max-video-preview":"max-video-preview:-1"},"canonical":"https:\/\/imgender.com\/it\/faqs-mastectomia\/","og_locale":"it_IT","og_type":"article","og_title":"Domande frequenti sulla mastectomia | IM Gender","og_description":"La rimozione del seno \u00e8 uno dei primi passi per gli uomini trans. In questa pagina rispondiamo alle domande pi\u00f9 comuni sulla mastectomia.","og_url":"https:\/\/imgender.com\/it\/faqs-mastectomia\/","og_site_name":"IM GENDER","article_modified_time":"2026-01-08T15:39:21+00:00","og_image":[{"width":110,"height":110,"url":"https:\/\/imgender.com\/wp-content\/uploads\/2025\/11\/vaginoplastia-110-110.jpg","type":"image\/jpeg"}],"twitter_card":"summary_large_image","twitter_misc":{"Tempo di lettura stimato":"2 minuti"},"schema":{"@context":"https:\/\/schema.org","@graph":[{"@type":"WebPage","@id":"https:\/\/imgender.com\/it\/faqs-mastectomia\/","url":"https:\/\/imgender.com\/it\/faqs-mastectomia\/","name":"Domande frequenti sulla mastectomia | IM Gender","isPartOf":{"@id":"https:\/\/imgender.com\/it\/#website"},"datePublished":"2021-02-22T13:34:21+00:00","dateModified":"2026-01-08T15:39:21+00:00","description":"La rimozione del seno \u00e8 uno dei primi passi per gli uomini trans. In questa pagina rispondiamo alle domande pi\u00f9 comuni sulla mastectomia.","breadcrumb":{"@id":"https:\/\/imgender.com\/it\/faqs-mastectomia\/#breadcrumb"},"inLanguage":"it-IT","potentialAction":[{"@type":"ReadAction","target":["https:\/\/imgender.com\/it\/faqs-mastectomia\/"]}]},{"@type":"BreadcrumbList","@id":"https:\/\/imgender.com\/it\/faqs-mastectomia\/#breadcrumb","itemListElement":[{"@type":"ListItem","position":1,"name":"Portada","item":"https:\/\/imgender.com\/it\/"},{"@type":"ListItem","position":2,"name":"Domande frequenti sulla mastectomia"}]},{"@type":"WebSite","@id":"https:\/\/imgender.com\/it\/#website","url":"https:\/\/imgender.com\/it\/","name":"IM GENDER","description":"Unidad de Cirug\u00eda de G\u00e9nero de IM CLINIC","publisher":{"@id":"https:\/\/imgender.com\/it\/#organization"},"alternateName":"IM GENDER","potentialAction":[{"@type":"SearchAction","target":{"@type":"EntryPoint","urlTemplate":"https:\/\/imgender.com\/it\/?s={search_term_string}"},"query-input":{"@type":"PropertyValueSpecification","valueRequired":true,"valueName":"search_term_string"}}],"inLanguage":"it-IT"},{"@type":"Organization","@id":"https:\/\/imgender.com\/it\/#organization","name":"IM GENDER","url":"https:\/\/imgender.com\/it\/","logo":{"@type":"ImageObject","inLanguage":"it-IT","@id":"https:\/\/imgender.com\/it\/#\/schema\/logo\/image\/","url":"https:\/\/imgender.com\/wp-content\/uploads\/2021\/03\/imclinic_gender.png","contentUrl":"https:\/\/imgender.com\/wp-content\/uploads\/2021\/03\/imclinic_gender.png","width":150,"height":151,"caption":"IM GENDER"},"image":{"@id":"https:\/\/imgender.com\/it\/#\/schema\/logo\/image\/"}}]}},"_links":{"self":[{"href":"https:\/\/imgender.com\/it\/wp-json\/wp\/v2\/pages\/65740","targetHints":{"allow":["GET"]}}],"collection":[{"href":"https:\/\/imgender.com\/it\/wp-json\/wp\/v2\/pages"}],"about":[{"href":"https:\/\/imgender.com\/it\/wp-json\/wp\/v2\/types\/page"}],"author":[{"embeddable":true,"href":"https:\/\/imgender.com\/it\/wp-json\/wp\/v2\/users\/2"}],"replies":[{"embeddable":true,"href":"https:\/\/imgender.com\/it\/wp-json\/wp\/v2\/comments?post=65740"}],"version-history":[{"count":0,"href":"https:\/\/imgender.com\/it\/wp-json\/wp\/v2\/pages\/65740\/revisions"}],"wp:attachment":[{"href":"https:\/\/imgender.com\/it\/wp-json\/wp\/v2\/media?parent=65740"}],"curies":[{"name":"wp","href":"https:\/\/api.w.org\/{rel}","templated":true}]}}