{"id":65759,"date":"2021-02-12T20:35:32","date_gmt":"2021-02-12T18:35:32","guid":{"rendered":"https:\/\/imgender.com\/metaidoioplastia\/"},"modified":"2025-11-11T08:13:10","modified_gmt":"2025-11-11T07:13:10","slug":"metoidioplastica","status":"publish","type":"page","link":"https:\/\/imgender.com\/it\/metoidioplastica\/","title":{"rendered":"Metoidioplastica"},"content":{"rendered":"<h1><span style=\"color: #ffffff;\">Metoidioplastia<\/span><\/h1>\n<p><span style=\"color: #ffffff;\">La metoidioplastia o metaidoplastia es una t\u00e9cnica quir\u00fargica que permite crear un micropene a partir del cl\u00edtoris. Este \u00f3rgano tiene una gran sensibilidad er\u00f3gena pero no permite la penetraci\u00f3n sexual.<strong>\u00a0<\/strong><\/span><\/p>\n<h2 style=\"text-align: center;\">\u00bfQU\u00c9 ES LA METOIDIOPLASTIA?<\/h2>\n<p style=\"text-align: center;\"><span style=\"font-weight: 400;\">La <strong>metoidioplastia<\/strong> es una cirug\u00eda de afirmaci\u00f3n genital que tiene el objetivo de crear un neopene con unos genitales externos que permitan la micci\u00f3n en bipedestaci\u00f3n, es decir, de pie, y una<strong> estimulaci\u00f3n er\u00f3gena satisfactoria<\/strong>.\u00a0Esta t\u00e9cnica quir\u00fargica permite la reconstrucci\u00f3n de un microfalo de unos 3 a 6 cent\u00edmetros de longitud por 1,5 a 2 cent\u00edmetros de di\u00e1metro. Este<strong> neopene cumple con la mayor\u00eda de los requisitos funcionales pero el resultado no permite la penetraci\u00f3n sexual.<\/strong><\/span><\/p>\n<p>&nbsp;<\/p>\n<p>Pide tu cita<\/p>\n\n<div class=\"wpcf7 no-js\" id=\"wpcf7-f3165-o1\" lang=\"es-ES\" dir=\"ltr\" data-wpcf7-id=\"3165\">\n<div class=\"screen-reader-response\"><p role=\"status\" aria-live=\"polite\" aria-atomic=\"true\"><\/p> <ul><\/ul><\/div>\n<form action=\"\/it\/wp-json\/wp\/v2\/pages\/65759#wpcf7-f3165-o1\" method=\"post\" class=\"wpcf7-form init\" aria-label=\"Formulario de contacto\" novalidate=\"novalidate\" data-status=\"init\">\n<fieldset class=\"hidden-fields-container\"><input type=\"hidden\" name=\"_wpcf7\" value=\"3165\" \/><input type=\"hidden\" name=\"_wpcf7_version\" value=\"6.1.3\" \/><input type=\"hidden\" name=\"_wpcf7_locale\" value=\"es_ES\" \/><input type=\"hidden\" name=\"_wpcf7_unit_tag\" value=\"wpcf7-f3165-o1\" \/><input type=\"hidden\" name=\"_wpcf7_container_post\" value=\"0\" \/><input type=\"hidden\" name=\"_wpcf7_posted_data_hash\" value=\"\" \/>\n<\/fieldset>\n<div class=\"et_pb_contact\">\n\t<p class=\"et_pb_contact_field et_pb_contact_field_half\"><br \/>\n<span class=\"wpcf7-form-control-wrap\" data-name=\"nombre\"><input size=\"40\" maxlength=\"400\" class=\"wpcf7-form-control wpcf7-text wpcf7-validates-as-required\" aria-required=\"true\" aria-invalid=\"false\" placeholder=\"Nombre y apellidos*\" value=\"\" type=\"text\" name=\"nombre\" \/><\/span>\n\t<\/p>\n\t<p class=\"et_pb_contact_field et_pb_contact_field_half et_pb_contact_field_last\"><br \/>\n<span class=\"wpcf7-form-control-wrap\" data-name=\"telefono\"><input size=\"40\" maxlength=\"400\" class=\"wpcf7-form-control wpcf7-tel wpcf7-validates-as-required wpcf7-text wpcf7-validates-as-tel\" aria-required=\"true\" aria-invalid=\"false\" placeholder=\"Tel\u00e9fono*\" value=\"\" type=\"tel\" name=\"telefono\" \/><\/span>\n\t<\/p>\n\t<p class=\"et_pb_contact_field et_pb_contact_field_half\"><br \/>\n<span class=\"wpcf7-form-control-wrap\" data-name=\"your-email\"><input size=\"40\" maxlength=\"400\" class=\"wpcf7-form-control wpcf7-email wpcf7-validates-as-required wpcf7-text wpcf7-validates-as-email\" aria-required=\"true\" aria-invalid=\"false\" placeholder=\"Correo electr\u00f3nico*\" value=\"\" type=\"email\" name=\"your-email\" \/><\/span>\n\t<\/p>\n\t<p class=\"et_pb_contact_field et_pb_contact_field_half et_pb_contact_field_last\"><br \/>\n<span class=\"wpcf7-form-control-wrap\" data-name=\"ciudad\"><input size=\"40\" maxlength=\"400\" class=\"wpcf7-form-control wpcf7-text wpcf7-validates-as-required\" aria-required=\"true\" aria-invalid=\"false\" placeholder=\"Ciudad*\" value=\"\" type=\"text\" name=\"ciudad\" \/><\/span>\n\t<\/p>\n\t<p class=\"et_pb_contact_field et_pb_contact_field_half\"><br \/>\n<span class=\"wpcf7-form-control-wrap\" data-name=\"dni\"><input size=\"40\" maxlength=\"400\" class=\"wpcf7-form-control wpcf7-text wpcf7-validates-as-required\" aria-required=\"true\" aria-invalid=\"false\" placeholder=\"DNI*\" value=\"\" type=\"text\" name=\"dni\" \/><\/span>\n\t<\/p>\n\t<p class=\"et_pb_contact_field et_pb_contact_field_half desplegable et_pb_contact_field_last\"><br \/>\n<span class=\"wpcf7-form-control-wrap\" data-name=\"tipo_cita\"><select class=\"wpcf7-form-control wpcf7-select wpcf7-validates-as-required et_pb_contact_field et_pb_contact_select input\" aria-required=\"true\" aria-invalid=\"false\" name=\"tipo_cita\"><option value=\"\">Tipo de cita<\/option><option value=\"Cita presencial\">Cita presencial<\/option><option value=\"Videollamada\">Videollamada<\/option><\/select><\/span>\n\t<\/p>\n\t<p class=\"et_pb_contact_field et_pb_contact_left\"><br \/>\n<span class=\"wpcf7-form-control-wrap\" data-name=\"tu_consulta\"><textarea cols=\"40\" rows=\"10\" maxlength=\"2000\" class=\"wpcf7-form-control wpcf7-textarea\" aria-invalid=\"false\" placeholder=\"Tu consulta\" name=\"tu_consulta\"><\/textarea><\/span>\n\t<\/p>\n<\/div>\n<p><span id=\"wpcf7-69dbb24db497a-wrapper\" class=\"wpcf7-form-control-wrap anti-spam-wrap\" style=\"display:none !important; visibility:hidden !important;\"><label for=\"wpcf7-69dbb24db497a-field\" class=\"hp-message\">Por favor, deja este campo vac\u00edo.<\/label><input id=\"wpcf7-69dbb24db497a-field\"  class=\"wpcf7-form-control wpcf7-text\" type=\"text\" name=\"anti-spam\" value=\"\" size=\"40\" tabindex=\"-1\" autocomplete=\"new-password\" \/><\/span>\n<\/p>\n<p class=\"et_pb_contact_field et_pb_contact_field_checkbox\"><span class=\"wpcf7-form-control-wrap\" data-name=\"politica-privacitat\"><span class=\"wpcf7-form-control wpcf7-acceptance\"><span class=\"wpcf7-list-item\"><label><input type=\"checkbox\" name=\"politica-privacitat\" value=\"1\" aria-invalid=\"false\" \/><span class=\"wpcf7-list-item-label\">He le\u00eddo y acepto la <a href=\"\/politica-de-privacidad\/\">pol\u00edtica de privacidad<\/a><\/span><\/label><\/span><\/span><\/span>\n<\/p>\n<div>\n<input class=\"wpcf7-form-control wpcf7-hidden\" value=\"\" type=\"hidden\" name=\"pais\" \/>\n<input class=\"wpcf7-form-control wpcf7-hidden\" value=\"\" type=\"hidden\" name=\"apellidos\" \/>\n<input class=\"wpcf7-form-control wpcf7-hidden\" value=\"\" type=\"hidden\" name=\"movil\" \/>\n<input class=\"wpcf7-form-control wpcf7-hidden\" value=\"\" type=\"hidden\" name=\"tipo_consulta\" \/>\n<input class=\"wpcf7-form-control wpcf7-hidden\" value=\"\" type=\"hidden\" name=\"centro\" \/>\n\t<p>[utm_campaign_i]<input type=\"hidden\" name=\"utm_campaign\" value=\"%s\" \/>[\/utm_campaign_i][utm_source_i]<input type=\"hidden\" name=\"utm_source\" value=\"%s\" \/>[\/utm_source_i][utm_term_i]<input type=\"hidden\" name=\"utm_term\" value=\"%s\" \/>[\/utm_term_i][utm_medium_i]<input type=\"hidden\" name=\"utm_medium\" value=\"%s\" \/>[\/utm_medium_i][utm_content_i]<input type=\"hidden\" name=\"utm_content\" value=\"%s\" \/>[\/utm_content_i][gclid_i]<input type=\"hidden\" name=\"gclid\" value=\"%s\" \/>[\/gclid_i][handl_original_ref_i]<input type=\"hidden\" name=\"handl_original_ref\" value=\"%s\" \/>[\/handl_original_ref_i][handl_landing_page_i]<input type=\"hidden\" name=\"handl_landing_page\" value=\"%s\" \/>[\/handl_landing_page_i][handl_ip_i]<input type=\"hidden\" name=\"handl_ip\" value=\"%s\" \/>[\/handl_ip_i][handl_ref_i]<input type=\"hidden\" name=\"handl_ref\" value=\"%s\" \/>[\/handl_ref_i][handl_url_i]<input type=\"hidden\" name=\"handl_url\" value=\"%s\" \/>[\/handl_url_i]\n\t<\/p>\n<\/div>\n<div class=\"enviar_formulari\">\n\t<p><input class=\"wpcf7-form-control wpcf7-submit has-spinner\" type=\"submit\" value=\"Enviar\" \/>\n\t<\/p>\n<\/div>\n<p style=\"clear:both;\">\n<\/p><input type='hidden' class='wpcf7-pum' value='{\"closepopup\":false,\"closedelay\":0,\"openpopup\":false,\"openpopup_id\":0}' \/><div class=\"wpcf7-response-output\" aria-hidden=\"true\"><\/div>\n<\/form>\n<\/div>\n\n<h2>Resultados de Metoidioplastia<\/h2>\n<p>Es importante que conozcas los resultados reales de metaidoioplastia realizada por el equipo de IM GENDER. De esta manera podr\u00e1s tener una idea clara de qu\u00e9 puedes esperar de tu cirug\u00eda de afirmaci\u00f3n genital.<\/p>\n<h2>ANTES DE LA METOIDIOPLASTIA<\/h2>\n<p><b>\u00bfQui\u00e9n puede someterse a una metoidioplastia?<\/b><\/p>\n<p><span style=\"font-weight: 400;\">Mientras que para algunos hombres trans la metaidoplastia o metoidioplastia es imprescindible, para otros no. \u00a0<\/span><span style=\"font-weight: 400;\">Antes de someterse a la metoidioplastia es imprescindible que el equipo m\u00e9dico valore su estado de salud y la idoneidad de este procedimiento. Es importante\u00a0 valorar conjuntamente con su cirujano todas las posibles opciones.<\/span><\/p>\n<p><b>\u00a0<\/b><\/p>\n<p><b>Los preparativos &#8211; El tratamiento hormonal en la metoidioplastia<\/b><\/p>\n<p><span style=\"font-weight: 400;\">Para conseguir un micropene a trav\u00e9s de la t\u00e9cnica de la metaidoioplastia es necesario que, previamente,\u00a0 se haya sometido\u00a0 a un tratamiento androg\u00e9nico que consiga aumentar considerablemente el tama\u00f1o del cl\u00edtoris. Su endocrino,\u00a0 le aconsejar\u00e1 c\u00f3mo y cu\u00e1ndo seguir este tratamiento.<\/span><\/p>\n<h2>LA CIRUG\u00cdA DE METOIDIOPLASTIA<\/h2>\n<p><b>El ingreso<\/b><\/p>\n<p><span style=\"font-weight: 400;\">Se ingresa el mismo d\u00eda de la intervenci\u00f3n de metoidioplastia en el centro hospitalario. Y durante las horas previas a la cirug\u00eda se llevar\u00e1n a cabo los controles necesarios.\u00a0<\/span><\/p>\n<p><span style=\"font-weight: 400;\"><br \/>\n<\/span><b>La cirug\u00eda de metaidoioplastia<\/b><\/p>\n<p><span style=\"font-weight: 400;\">La metoidioplastia es una t\u00e9cnica que utiliza el cl\u00edtoris, previamente hipertrofiado a trav\u00e9s de un tratamiento hormonal, para conseguir un micropene. El resultado es un pene de peque\u00f1o tama\u00f1o pero sensible, er\u00f3geno y er\u00e9ctil.<\/span><\/p>\n<p><span style=\"font-weight: 400;\">Esta t\u00e9cnica se realiza siempre bajo anestesia general y la cirug\u00eda de metaidoioplastia suele durar entre 5 y 6 horas de quir\u00f3fano.<\/span><\/p>\n<p><span style=\"font-weight: 400;\">Para construir una uretra desde la base del cl\u00edtoris hasta la punta, el cirujano utilizar\u00e1 un colgajo de la pared anterior de la vagina (con una longitud aproximada de 5 a 7,5 cent\u00edmetros y una anchura de 2 a 3 cent\u00edmetros) y un colgajo con la piel del labio menor. <\/span><span style=\"font-weight: 400;\">Con todo ello el cirujano consigue una forma tubular para lograr el alargamiento de la uretra.<\/span><\/p>\n<p><span style=\"font-weight: 400;\">Durante la misma intervenci\u00f3n, los labios mayores son movilizados dorsalmente y unidos en la l\u00ednea media para formar un nuevo escroto. Una vez realizada la bolsa escrotal, se colocan implantes testiculares de silicona. La implantaci\u00f3n de las pr\u00f3tesis testiculares se puede realizar durante el mismo acto quir\u00fargico o ser pospuesta a una segunda intervenci\u00f3n seg\u00fan decida el equipo quir\u00fargico que lleva a cabo la intervenci\u00f3n.<\/span><\/p>\n<h2>POSTOPERATORIO<br \/>\nMETOIDIOPLASTIA<\/h2>\n<p><b>El ingreso en planta despu\u00e9s de la metoidioplastia<\/b><\/p>\n<p><span style=\"font-weight: 400;\">Durante la cirug\u00eda de metaidoioplastia, se colocan dos drenajes en la zona perineal que, generalmente, se retiran a las 24 horas. Durante el segundo d\u00eda de postoperatorio se permite la movilizaci\u00f3n del paciente. <\/span><span style=\"font-weight: 400;\">Despu\u00e9s de la metoidioplastia, el ingreso suele durar entre 5 y 7 d\u00edas dependiendo de su evoluci\u00f3n. En todo momento, el objetivo del equipo de IM GENDER ser\u00e1 ofrecerle a usted y sus acompa\u00f1antes una estancia confortable para conseguir una pronta recuperaci\u00f3n.<\/span><\/p>\n<p><span style=\"font-weight: 400;\">Durante los siete d\u00edas siguientes a la metaidoioplastia, es imprescindible seguir una dieta sin residuos.<\/span><\/p>\n<p>&nbsp;<\/p>\n<p><b>La vuelta a casa despu\u00e9s de la metoidioplastia<\/b><\/p>\n<p><span style=\"font-weight: 400;\">Si bien podr\u00e1 volver a casa en unos 5 o 7 d\u00edas despu\u00e9s de la metaidoioplastia, deber\u00e1 continuar llevando la sonda vesical durante al menos 21 d\u00edas.<\/span><\/p>\n<p>&nbsp;<\/p>\n<p><b>Posibles complicaciones<\/b><\/p>\n<p><span style=\"font-weight: 400;\">El equipo de IM GENDER explicar\u00e1 al paciente c\u00f3mo evitar las posibles complicaciones de la metoidioplastia y, en el caso de que aparecieran, c\u00f3mo actuar. Entre las complicaciones que se podr\u00edan presentar est\u00e1:\u00a0<\/span><\/p>\n<ul>\n<li><span style=\"font-weight: 400;\">Infecci\u00f3n<\/span><\/li>\n<li><span style=\"font-weight: 400;\">Sangrado: es posible experimentar un episodio de sangrado durante o despu\u00e9s de la intervenci\u00f3n.<\/span><\/li>\n<li><span style=\"font-weight: 400;\">Extrusi\u00f3n de la pr\u00f3tesis testicular.<\/span><\/li>\n<li><span style=\"font-weight: 400;\">F\u00edstula uretro-cut\u00e1nea: comunicaci\u00f3n de la uretra con la piel escrotal.<\/span><\/li>\n<li><span style=\"font-weight: 400;\">Estenosis uretral: disminuci\u00f3n del di\u00e1metro de la uretra.<\/span><\/li>\n<li><span style=\"font-weight: 400;\">F\u00edstula vesico-vaginal: comunicaci\u00f3n entre la vejiga y la vagina.<\/span><\/li>\n<\/ul>\n<p><span style=\"font-weight: 400;\">Si aparece malestar o, simplemente, alguna duda,\u00a0 deber\u00e1 consultarlo con el equipo de atenci\u00f3n al paciente o con su cirujano de referencia. Adem\u00e1s, tendr\u00e1 a su disposici\u00f3n un tel\u00e9fono h\u00e1bil las 24 horas del d\u00eda para que pueda resolver sus dudas.<\/span><\/p>\n<h2>LOS RESULTADOS\u00a0 METOIDIOPLASTIA<\/h2>\n<p><b>Los resultados<\/b><\/p>\n<p><span style=\"font-weight: 400;\">Una vez recuperado de la metaidoioplastia, tendr\u00e1 un micropene funcional de unos 3 a 6 cm de longitud con una est\u00e9tica similar a la de un pene natural. Este \u00f3rgano tendr\u00e1 sensibilidad er\u00f3gena. Sin embargo, el resultado de la metoidioplastia no permitir\u00e1 tener relaciones sexuales con penetraci\u00f3n.<\/span><span style=\"font-weight: 400; color: #e02b20;\">\u00a0<\/span><\/p>\n<p>&nbsp;<\/p>\n<p><b>Visitas postoperatorias<\/b><\/p>\n<p><span style=\"font-weight: 400;\">Durante el postoperatorio siga siempre las indicaciones del equipo m\u00e9dico de IM GENDER para conseguir una r\u00e1pida recuperaci\u00f3n. Una vez le den el alta hospitalaria, el equipo de atenci\u00f3n al paciente le agendar\u00e1 las siguientes visitas m\u00e9dicas y revisiones hasta el alta definitiva, normalmente, pasado un a\u00f1o de la metaidoioplastia.<\/span><\/p>\n<h2 style=\"text-align: center;\">CONSEJOS <strong>DESPU\u00c9S DE LA METOIDIOPLASTIA<\/strong><\/h2>\n<p>Es muy importante que durante los primeros 7 d\u00edas despu\u00e9s de la cirug\u00eda de metaidoioplastia lleves una dieta blanda.<\/p>\n<p>Deber\u00e1s llevarla durante 21 d\u00edas aproximadamente. Sigue los consejos del equipo m\u00e9dico para evitar cualquier molestia.<\/p>\n<p>Te llevar\u00e1s una gu\u00eda postoperatoria en la que se incluir\u00e1 toda la informaci\u00f3n necesaria para tu completa recuperaci\u00f3n.<\/p>\n<p>Pregunta todas las dudas que tengas sobre la metaidoioplastia y el postoperatorio, estaremos encantados de ayudarte.<\/p>\n<p>Deber\u00e1s evitar hacer ejercicios f\u00edsico durante el primer mes. Despu\u00e9s tu cirujano te indicar\u00e1 c\u00f3mo y cu\u00e1ndo empezar a hacer deporte.<\/p>\n<p>Es importante no faltar a las visitas despu\u00e9s de tu cirug\u00eda para que el equipo m\u00e9dico de IM GENDER pueda evaluar tu evoluci\u00f3n.<\/p>\n<p style=\"text-align: center;\">TESTIMONIOS DE <strong>NUESTROS PACIENTES<\/strong><\/p>\n<div data-src=\"https:\/\/cdn.trustindex.io\/loader.js?d2922d653d622817873644636a8\"><\/div>\n<p>Equipo IM GENDER<\/p>\n<p>M\u00e1s de 20 a\u00f1os de experiencia, profesionalidad, estudios y formaci\u00f3n avalan un equipo m\u00e9dico dedicado a la atenci\u00f3n especializada de las personas trans.<\/p>\n<p><strong>\u00bfNecesitas m\u00e1s informaci\u00f3n sobre la Unidad de G\u00e9nero de IM GENDER? <\/strong><\/p>\n<p>\u00bfQuieres saber el precio de una metoidioplastia?<\/p>\n","protected":false},"excerpt":{"rendered":"<p>Metoidioplastia La metoidioplastia o metaidoplastia es una t\u00e9cnica quir\u00fargica que permite crear un micropene a partir del cl\u00edtoris. Este \u00f3rgano tiene una gran sensibilidad er\u00f3gena pero no permite la penetraci\u00f3n sexual.\u00a0 \u00bfQU\u00c9 ES LA METOIDIOPLASTIA? La metoidioplastia es una cirug\u00eda de afirmaci\u00f3n genital que tiene el objetivo de crear un neopene con unos genitales externos&#8230;<\/p>\n","protected":false},"author":2,"featured_media":65761,"parent":0,"menu_order":0,"comment_status":"closed","ping_status":"closed","template":"","meta":{"_acf_changed":false,"footnotes":""},"class_list":["post-65759","page","type-page","status-publish","has-post-thumbnail","hentry"],"acf":[],"yoast_head":"<!-- This site is optimized with the Yoast SEO plugin v26.4 - https:\/\/yoast.com\/wordpress\/plugins\/seo\/ -->\n<title>Chirurgia di metoidioplastica | IM GENDER<\/title>\n<meta name=\"description\" content=\"La metoidioplastica ha l&#039;obiettivo di creare un neofallo che permetta la minzione in piedi e una soddisfacente stimolazione erogena. Richiedi informazioni!\" \/>\n<meta name=\"robots\" content=\"index, follow, max-snippet:-1, max-image-preview:large, max-video-preview:-1\" \/>\n<link rel=\"canonical\" href=\"https:\/\/imgender.com\/it\/metoidioplastica\/\" \/>\n<meta property=\"og:locale\" content=\"it_IT\" \/>\n<meta property=\"og:type\" content=\"article\" \/>\n<meta property=\"og:title\" content=\"Chirurgia di metoidioplastica | IM GENDER\" \/>\n<meta property=\"og:description\" content=\"La metoidioplastica ha l&#039;obiettivo di creare un neofallo che permetta la minzione in piedi e una soddisfacente stimolazione erogena. Richiedi informazioni!\" \/>\n<meta property=\"og:url\" content=\"https:\/\/imgender.com\/it\/metoidioplastica\/\" \/>\n<meta property=\"og:site_name\" content=\"IM GENDER\" \/>\n<meta property=\"article:modified_time\" content=\"2025-11-11T07:13:10+00:00\" \/>\n<meta property=\"og:image\" content=\"https:\/\/imgender.com\/wp-content\/uploads\/2025\/07\/metoidioplastia-operacion-pros-y-contras-1.jpg\" \/>\n\t<meta property=\"og:image:width\" content=\"549\" \/>\n\t<meta property=\"og:image:height\" content=\"784\" \/>\n\t<meta property=\"og:image:type\" content=\"image\/jpeg\" \/>\n<meta name=\"twitter:card\" content=\"summary_large_image\" \/>\n<meta name=\"twitter:label1\" content=\"Tempo di lettura stimato\" \/>\n\t<meta name=\"twitter:data1\" content=\"5 minuti\" \/>\n<!-- \/ Yoast SEO plugin. -->","yoast_head_json":{"title":"Chirurgia di metoidioplastica | IM GENDER","description":"La metoidioplastica ha l'obiettivo di creare un neofallo che permetta la minzione in piedi e una soddisfacente stimolazione erogena. Richiedi informazioni!","robots":{"index":"index","follow":"follow","max-snippet":"max-snippet:-1","max-image-preview":"max-image-preview:large","max-video-preview":"max-video-preview:-1"},"canonical":"https:\/\/imgender.com\/it\/metoidioplastica\/","og_locale":"it_IT","og_type":"article","og_title":"Chirurgia di metoidioplastica | IM GENDER","og_description":"La metoidioplastica ha l'obiettivo di creare un neofallo che permetta la minzione in piedi e una soddisfacente stimolazione erogena. Richiedi informazioni!","og_url":"https:\/\/imgender.com\/it\/metoidioplastica\/","og_site_name":"IM GENDER","article_modified_time":"2025-11-11T07:13:10+00:00","og_image":[{"width":549,"height":784,"url":"https:\/\/imgender.com\/wp-content\/uploads\/2025\/07\/metoidioplastia-operacion-pros-y-contras-1.jpg","type":"image\/jpeg"}],"twitter_card":"summary_large_image","twitter_misc":{"Tempo di lettura stimato":"5 minuti"},"schema":{"@context":"https:\/\/schema.org","@graph":[{"@type":"WebPage","@id":"https:\/\/imgender.com\/it\/metoidioplastica\/","url":"https:\/\/imgender.com\/it\/metoidioplastica\/","name":"Chirurgia di metoidioplastica | IM GENDER","isPartOf":{"@id":"https:\/\/imgender.com\/it\/#website"},"primaryImageOfPage":{"@id":"https:\/\/imgender.com\/it\/metoidioplastica\/#primaryimage"},"image":{"@id":"https:\/\/imgender.com\/it\/metoidioplastica\/#primaryimage"},"thumbnailUrl":"https:\/\/imgender.com\/wp-content\/uploads\/2025\/07\/metoidioplastia-operacion-pros-y-contras-1.jpg","datePublished":"2021-02-12T18:35:32+00:00","dateModified":"2025-11-11T07:13:10+00:00","description":"La metoidioplastica ha l'obiettivo di creare un neofallo che permetta la minzione in piedi e una soddisfacente stimolazione erogena. Richiedi informazioni!","breadcrumb":{"@id":"https:\/\/imgender.com\/it\/metoidioplastica\/#breadcrumb"},"inLanguage":"it-IT","potentialAction":[{"@type":"ReadAction","target":["https:\/\/imgender.com\/it\/metoidioplastica\/"]}]},{"@type":"ImageObject","inLanguage":"it-IT","@id":"https:\/\/imgender.com\/it\/metoidioplastica\/#primaryimage","url":"https:\/\/imgender.com\/wp-content\/uploads\/2025\/07\/metoidioplastia-operacion-pros-y-contras-1.jpg","contentUrl":"https:\/\/imgender.com\/wp-content\/uploads\/2025\/07\/metoidioplastia-operacion-pros-y-contras-1.jpg","width":549,"height":784},{"@type":"BreadcrumbList","@id":"https:\/\/imgender.com\/it\/metoidioplastica\/#breadcrumb","itemListElement":[{"@type":"ListItem","position":1,"name":"Portada","item":"https:\/\/imgender.com\/it\/"},{"@type":"ListItem","position":2,"name":"Metoidioplastica"}]},{"@type":"WebSite","@id":"https:\/\/imgender.com\/it\/#website","url":"https:\/\/imgender.com\/it\/","name":"IM GENDER","description":"Unidad de Cirug\u00eda de G\u00e9nero de IM CLINIC","publisher":{"@id":"https:\/\/imgender.com\/it\/#organization"},"alternateName":"IM GENDER","potentialAction":[{"@type":"SearchAction","target":{"@type":"EntryPoint","urlTemplate":"https:\/\/imgender.com\/it\/?s={search_term_string}"},"query-input":{"@type":"PropertyValueSpecification","valueRequired":true,"valueName":"search_term_string"}}],"inLanguage":"it-IT"},{"@type":"Organization","@id":"https:\/\/imgender.com\/it\/#organization","name":"IM GENDER","url":"https:\/\/imgender.com\/it\/","logo":{"@type":"ImageObject","inLanguage":"it-IT","@id":"https:\/\/imgender.com\/it\/#\/schema\/logo\/image\/","url":"https:\/\/imgender.com\/wp-content\/uploads\/2021\/03\/imclinic_gender.png","contentUrl":"https:\/\/imgender.com\/wp-content\/uploads\/2021\/03\/imclinic_gender.png","width":150,"height":151,"caption":"IM GENDER"},"image":{"@id":"https:\/\/imgender.com\/it\/#\/schema\/logo\/image\/"}}]}},"_links":{"self":[{"href":"https:\/\/imgender.com\/it\/wp-json\/wp\/v2\/pages\/65759","targetHints":{"allow":["GET"]}}],"collection":[{"href":"https:\/\/imgender.com\/it\/wp-json\/wp\/v2\/pages"}],"about":[{"href":"https:\/\/imgender.com\/it\/wp-json\/wp\/v2\/types\/page"}],"author":[{"embeddable":true,"href":"https:\/\/imgender.com\/it\/wp-json\/wp\/v2\/users\/2"}],"replies":[{"embeddable":true,"href":"https:\/\/imgender.com\/it\/wp-json\/wp\/v2\/comments?post=65759"}],"version-history":[{"count":0,"href":"https:\/\/imgender.com\/it\/wp-json\/wp\/v2\/pages\/65759\/revisions"}],"wp:featuredmedia":[{"embeddable":true,"href":"https:\/\/imgender.com\/it\/wp-json\/wp\/v2\/media\/65761"}],"wp:attachment":[{"href":"https:\/\/imgender.com\/it\/wp-json\/wp\/v2\/media?parent=65759"}],"curies":[{"name":"wp","href":"https:\/\/api.w.org\/{rel}","templated":true}]}}