{"id":65851,"date":"2021-02-08T11:49:32","date_gmt":"2021-02-08T09:49:32","guid":{"rendered":"https:\/\/imgender.com\/trans-family\/"},"modified":"2025-11-12T12:53:15","modified_gmt":"2025-11-12T11:53:15","slug":"trans-family","status":"publish","type":"page","link":"https:\/\/imgender.com\/it\/trans-family\/","title":{"rendered":"Trans family"},"content":{"rendered":"<section class=\"l-section wpb_row us_custom_1bf57f52 height_medium\"><div class=\"l-section-h i-cf\"><div class=\"g-cols vc_row via_grid cols_1 laptops-cols_inherit tablets-cols_inherit mobiles-cols_1 valign_top type_default stacking_default\"><div class=\"wpb_column vc_column_container\"><div class=\"vc_column-inner\"><div class=\"g-cols wpb_row via_grid cols_3-2 laptops-cols_inherit tablets-cols_inherit mobiles-cols_1 valign_top type_default stacking_default\" style=\"--columns-gap:3rem;\"><div class=\"wpb_column vc_column_container\"><div class=\"vc_column-inner\"><h1 class=\"w-text us_custom_92bc948f has_text_color\"><span class=\"w-text-h\"><span class=\"w-text-value\">Cos&#8217;\u00e8 la transessualit\u00e0?<\/span><\/span><\/h1><div class=\"wpb_text_column us_custom_6f4eaf86 has_text_color\"><div class=\"wpb_wrapper\"><p>Questo \u00e8 uno spazio pensato per offrire risorse a famiglie, educatori, persone trans e alla societ\u00e0 in generale, affinch\u00e9 abbiano pi\u00f9 informazioni sulla transessualit\u00e0 e sull&#8217;identit\u00e0 di genere.<\/p>\n<\/div><\/div><\/div><\/div><div class=\"wpb_column vc_column_container\"><div class=\"vc_column-inner\"><\/div><\/div><\/div><\/div><\/div><\/div><\/div><\/section><section class=\"l-section wpb_row us_custom_6a472345 height_medium\"><div class=\"l-section-h i-cf\"><div class=\"g-cols vc_row via_grid cols_1 laptops-cols_inherit tablets-cols_inherit mobiles-cols_1 valign_top type_default stacking_default\"><div class=\"wpb_column vc_column_container\"><div class=\"vc_column-inner\"><div class=\"wpb_text_column us_custom_45a706ae p_cabin-sketch p_cabin-sketch_stroke has_text_color\"><div class=\"wpb_wrapper\"><p>Un bambino trans \u00e8&#8230; semplicemente un bambino.<\/p>\n<\/div><\/div><div class=\"wpb_text_column us_custom_fcbefe18 p_cabin-sketch p_cabin-sketch_stroke has_text_color\"><div class=\"wpb_wrapper\"><p>Una bambina transgender \u00e8&#8230; semplicemente una bambina.<\/p>\n<\/div><\/div><\/div><\/div><\/div><\/div><\/section><section class=\"l-section wpb_row us_custom_501407cb height_medium\"><div class=\"l-section-h i-cf\"><div class=\"g-cols vc_row via_grid cols_1 laptops-cols_inherit tablets-cols_inherit mobiles-cols_1 valign_top type_default stacking_default\"><div class=\"wpb_column vc_column_container us_custom_eb849559\"><div class=\"vc_column-inner\"><div class=\"g-cols wpb_row via_grid cols_2 laptops-cols_inherit tablets-cols_inherit mobiles-cols_1 valign_top type_default stacking_default\" style=\"--columns-gap:3rem;\"><div class=\"wpb_column vc_column_container\"><div class=\"vc_column-inner\"><\/div><\/div><div class=\"wpb_column vc_column_container us_custom_14511239\"><div class=\"vc_column-overlay\" style=\"background:rgba(249,249,249,0.64)\"><\/div><div class=\"vc_column-inner\"><h2 class=\"w-text us_custom_ca572831 has_text_color\"><span class=\"w-text-h\"><span class=\"w-text-value\">Cos&#8217;\u00e8 la transessualit\u00e0? Cos&#8217;\u00e8 l&#8217;identit\u00e0 di genere?<\/span><\/span><\/h2><div class=\"w-btn-wrapper align_none\"><a class=\"w-btn us-btn-style_1 us_custom_ce0f6543\" href=\"\/it\/trans-family\/transessualita\/\"><span class=\"w-btn-label\">Scopri di pi\u00f9<\/span><\/a><\/div><\/div><\/div><\/div><\/div><\/div><\/div><\/div><\/section><section class=\"l-section wpb_row us_custom_c8619792 height_medium\"><div class=\"l-section-h i-cf\"><div class=\"g-cols vc_row via_grid cols_1 laptops-cols_inherit tablets-cols_inherit mobiles-cols_1 valign_top type_default stacking_default\"><div class=\"wpb_column vc_column_container\"><div class=\"vc_column-inner\"><h2 class=\"w-text us_custom_cedf4ffc has_text_color\"><span class=\"w-text-h\"><span class=\"w-text-value\">Hai bisogno di informazioni sul genere?<\/span><\/span><\/h2><div class=\"wpb_text_column us_custom_03a68204 has_text_color\"><div class=\"wpb_wrapper\"><p>Che tu sia genitore, educatore, operatore sanitario o una persona trans, se hai bisogno di risorse e informazioni sul genere, ti offriamo questo spazio di condivisione.<\/p>\n<\/div><\/div><div class=\"w-btn-wrapper align_center\"><a class=\"w-btn us-btn-style_2\" href=\"https:\/\/imgender.com\/it\/trans-family\/risorse-sul-genere\/\"><span class=\"w-btn-label\">MAGGIORI INFORMAZIONI<\/span><\/a><\/div><\/div><\/div><\/div><\/div><\/section><section class=\"l-section wpb_row us_custom_d82c569c height_medium\"><div class=\"l-section-h i-cf\"><div class=\"g-cols vc_row via_grid cols_1 laptops-cols_inherit tablets-cols_inherit mobiles-cols_1 valign_top type_default stacking_default\"><div class=\"wpb_column vc_column_container us_custom_eb849559\"><div class=\"vc_column-inner\"><div class=\"g-cols wpb_row via_grid cols_2 laptops-cols_inherit tablets-cols_inherit mobiles-cols_1 valign_top type_default stacking_default\" style=\"--columns-gap:3rem;\"><div class=\"wpb_column vc_column_container us_custom_14511239\"><div class=\"vc_column-overlay\" style=\"background:rgba(249,249,249,0.64)\"><\/div><div class=\"vc_column-inner\"><h2 class=\"w-text us_custom_bfc2e482 has_text_color\"><span class=\"w-text-h\"><span class=\"w-text-value\">Come posso dare sostegno a mio\/a figlio\/a trans?<\/span><\/span><\/h2><div class=\"wpb_text_column us_custom_27c45222 has_text_color\"><div class=\"wpb_wrapper\"><p>Il miglior sostegno che una famiglia pu\u00f2 offrire a un\/una figlio\/a trans \u00e8 il proprio supporto e amore incondizionato. Qui troverai alcune risorse utili per comprendere le necessit\u00e0 dei bambini e delle bambine trans. Che tu sia un familiare o un educatore, queste informazioni possono esserti d&#8217;aiuto.<\/p>\n<\/div><\/div><div class=\"w-btn-wrapper align_none\"><a class=\"w-btn us-btn-style_1 us_custom_ce0f6543\" href=\"\/it\/trans-family\/famiglie-trans\/\"><span class=\"w-btn-label\">Leggi di pi\u00f9<\/span><\/a><\/div><\/div><\/div><div class=\"wpb_column vc_column_container\"><div class=\"vc_column-inner\"><\/div><\/div><\/div><\/div><\/div><\/div><\/div><\/section><section class=\"l-section wpb_row height_medium\"><div class=\"l-section-h i-cf\"><div class=\"g-cols vc_row via_grid cols_1 laptops-cols_inherit tablets-cols_inherit mobiles-cols_1 valign_top type_default stacking_default\"><div class=\"wpb_column vc_column_container us_custom_eb849559\"><div class=\"vc_column-inner\"><section class=\"l-section wpb_row us_custom_2af29b77 title_testimonios height_medium\"><div class=\"l-section-h i-cf\"><div class=\"g-cols vc_row via_grid cols_1 laptops-cols_inherit tablets-cols_inherit mobiles-cols_1 valign_top type_default stacking_default\"><div class=\"wpb_column vc_column_container us_custom_eb849559\"><div class=\"vc_column-inner\"><p class=\"w-text us_custom_e707f37a has_text_color\"><span class=\"w-text-h\"><span class=\"w-text-value\">TESTIMONIANZE DEI <strong>NOSTRI PAZIENTI<\/strong><\/span><\/span><\/p><div class=\"w-html\"><div data-src=\"https:\/\/cdn.trustindex.io\/loader.js?579b6b858c220527e136e7c85d1\"><\/div><\/div><\/div><\/div><\/div><\/div><\/section>\n<\/div><\/div><\/div><\/div><\/section>\n","protected":false},"excerpt":{"rendered":"Cos&#8217;\u00e8 la transessualit\u00e0?Questo \u00e8 uno spazio pensato per offrire risorse a famiglie, educatori, persone trans e alla societ\u00e0 in generale, affinch\u00e9 abbiano pi\u00f9 informazioni sulla transessualit\u00e0 e sull&#8217;identit\u00e0 di genere. Un bambino trans \u00e8&#8230; semplicemente un bambino. Una bambina transgender \u00e8&#8230; semplicemente una bambina. Cos&#8217;\u00e8 la transessualit\u00e0? Cos&#8217;\u00e8 l&#8217;identit\u00e0 di genere?Scopri di pi\u00f9Hai bisogno di...","protected":false},"author":2,"featured_media":0,"parent":0,"menu_order":0,"comment_status":"closed","ping_status":"closed","template":"","meta":{"_acf_changed":false,"footnotes":""},"class_list":["post-65851","page","type-page","status-publish","hentry"],"acf":[],"yoast_head":"<!-- This site is optimized with the Yoast SEO plugin v26.4 - https:\/\/yoast.com\/wordpress\/plugins\/seo\/ -->\n<title>Cos&#039;\u00e8 la transessualit\u00e0? Transessualit\u00e0 e identit\u00e0 di genere | IM GENDER<\/title>\n<meta name=\"description\" content=\"Trans Family \u00e8 lo spazio di IM GENDER dedicato a condividere informazioni sulla transessualit\u00e0 e sull&#039;identit\u00e0 di genere.\" \/>\n<meta name=\"robots\" content=\"index, follow, max-snippet:-1, max-image-preview:large, max-video-preview:-1\" \/>\n<link rel=\"canonical\" href=\"https:\/\/imgender.com\/it\/trans-family\/\" \/>\n<meta property=\"og:locale\" content=\"it_IT\" \/>\n<meta property=\"og:type\" content=\"article\" \/>\n<meta property=\"og:title\" content=\"Cos&#039;\u00e8 la transessualit\u00e0? Transessualit\u00e0 e identit\u00e0 di genere | IM GENDER\" \/>\n<meta property=\"og:description\" content=\"Trans Family \u00e8 lo spazio di IM GENDER dedicato a condividere informazioni sulla transessualit\u00e0 e sull&#039;identit\u00e0 di genere.\" \/>\n<meta property=\"og:url\" content=\"https:\/\/imgender.com\/it\/trans-family\/\" \/>\n<meta property=\"og:site_name\" content=\"IM GENDER\" \/>\n<meta property=\"article:modified_time\" content=\"2025-11-12T11:53:15+00:00\" \/>\n<meta property=\"og:image\" content=\"https:\/\/imgender.com\/wp-content\/uploads\/2025\/11\/vaginoplastia-110-110.jpg\" \/>\n\t<meta property=\"og:image:width\" content=\"110\" \/>\n\t<meta property=\"og:image:height\" content=\"110\" \/>\n\t<meta property=\"og:image:type\" content=\"image\/jpeg\" \/>\n<meta name=\"twitter:card\" content=\"summary_large_image\" \/>\n<meta name=\"twitter:label1\" content=\"Tempo di lettura stimato\" \/>\n\t<meta name=\"twitter:data1\" content=\"1 minuto\" \/>\n<!-- \/ Yoast SEO plugin. -->","yoast_head_json":{"title":"Cos'\u00e8 la transessualit\u00e0? Transessualit\u00e0 e identit\u00e0 di genere | IM GENDER","description":"Trans Family \u00e8 lo spazio di IM GENDER dedicato a condividere informazioni sulla transessualit\u00e0 e sull'identit\u00e0 di genere.","robots":{"index":"index","follow":"follow","max-snippet":"max-snippet:-1","max-image-preview":"max-image-preview:large","max-video-preview":"max-video-preview:-1"},"canonical":"https:\/\/imgender.com\/it\/trans-family\/","og_locale":"it_IT","og_type":"article","og_title":"Cos'\u00e8 la transessualit\u00e0? Transessualit\u00e0 e identit\u00e0 di genere | IM GENDER","og_description":"Trans Family \u00e8 lo spazio di IM GENDER dedicato a condividere informazioni sulla transessualit\u00e0 e sull'identit\u00e0 di genere.","og_url":"https:\/\/imgender.com\/it\/trans-family\/","og_site_name":"IM GENDER","article_modified_time":"2025-11-12T11:53:15+00:00","og_image":[{"width":110,"height":110,"url":"https:\/\/imgender.com\/wp-content\/uploads\/2025\/11\/vaginoplastia-110-110.jpg","type":"image\/jpeg"}],"twitter_card":"summary_large_image","twitter_misc":{"Tempo di lettura stimato":"1 minuto"},"schema":{"@context":"https:\/\/schema.org","@graph":[{"@type":"WebPage","@id":"https:\/\/imgender.com\/it\/trans-family\/","url":"https:\/\/imgender.com\/it\/trans-family\/","name":"Cos'\u00e8 la transessualit\u00e0? Transessualit\u00e0 e identit\u00e0 di genere | IM GENDER","isPartOf":{"@id":"https:\/\/imgender.com\/it\/#website"},"datePublished":"2021-02-08T09:49:32+00:00","dateModified":"2025-11-12T11:53:15+00:00","description":"Trans Family \u00e8 lo spazio di IM GENDER dedicato a condividere informazioni sulla transessualit\u00e0 e sull'identit\u00e0 di genere.","breadcrumb":{"@id":"https:\/\/imgender.com\/it\/trans-family\/#breadcrumb"},"inLanguage":"it-IT","potentialAction":[{"@type":"ReadAction","target":["https:\/\/imgender.com\/it\/trans-family\/"]}]},{"@type":"BreadcrumbList","@id":"https:\/\/imgender.com\/it\/trans-family\/#breadcrumb","itemListElement":[{"@type":"ListItem","position":1,"name":"Portada","item":"https:\/\/imgender.com\/it\/"},{"@type":"ListItem","position":2,"name":"Trans family"}]},{"@type":"WebSite","@id":"https:\/\/imgender.com\/it\/#website","url":"https:\/\/imgender.com\/it\/","name":"IM GENDER","description":"Unidad de Cirug\u00eda de G\u00e9nero de IM CLINIC","publisher":{"@id":"https:\/\/imgender.com\/it\/#organization"},"alternateName":"IM GENDER","potentialAction":[{"@type":"SearchAction","target":{"@type":"EntryPoint","urlTemplate":"https:\/\/imgender.com\/it\/?s={search_term_string}"},"query-input":{"@type":"PropertyValueSpecification","valueRequired":true,"valueName":"search_term_string"}}],"inLanguage":"it-IT"},{"@type":"Organization","@id":"https:\/\/imgender.com\/it\/#organization","name":"IM GENDER","url":"https:\/\/imgender.com\/it\/","logo":{"@type":"ImageObject","inLanguage":"it-IT","@id":"https:\/\/imgender.com\/it\/#\/schema\/logo\/image\/","url":"https:\/\/imgender.com\/wp-content\/uploads\/2021\/03\/imclinic_gender.png","contentUrl":"https:\/\/imgender.com\/wp-content\/uploads\/2021\/03\/imclinic_gender.png","width":150,"height":151,"caption":"IM GENDER"},"image":{"@id":"https:\/\/imgender.com\/it\/#\/schema\/logo\/image\/"}}]}},"_links":{"self":[{"href":"https:\/\/imgender.com\/it\/wp-json\/wp\/v2\/pages\/65851","targetHints":{"allow":["GET"]}}],"collection":[{"href":"https:\/\/imgender.com\/it\/wp-json\/wp\/v2\/pages"}],"about":[{"href":"https:\/\/imgender.com\/it\/wp-json\/wp\/v2\/types\/page"}],"author":[{"embeddable":true,"href":"https:\/\/imgender.com\/it\/wp-json\/wp\/v2\/users\/2"}],"replies":[{"embeddable":true,"href":"https:\/\/imgender.com\/it\/wp-json\/wp\/v2\/comments?post=65851"}],"version-history":[{"count":0,"href":"https:\/\/imgender.com\/it\/wp-json\/wp\/v2\/pages\/65851\/revisions"}],"wp:attachment":[{"href":"https:\/\/imgender.com\/it\/wp-json\/wp\/v2\/media?parent=65851"}],"curies":[{"name":"wp","href":"https:\/\/api.w.org\/{rel}","templated":true}]}}