{"id":65936,"date":"2021-02-08T09:59:19","date_gmt":"2021-02-08T07:59:19","guid":{"rendered":"https:\/\/imgender.com\/opiniones-im-gender\/"},"modified":"2026-01-15T15:44:47","modified_gmt":"2026-01-15T14:44:47","slug":"testimonianze-im-gender","status":"publish","type":"page","link":"https:\/\/imgender.com\/it\/unita-di-genere\/testimonianze-im-gender\/","title":{"rendered":"Testimonianze"},"content":{"rendered":"<section class=\"l-section wpb_row us_custom_e3ac02f8 height_medium\"><div class=\"l-section-h i-cf\"><div class=\"g-cols vc_row via_grid cols_1 laptops-cols_inherit tablets-cols_inherit mobiles-cols_1 valign_top type_default stacking_default\"><div class=\"wpb_column vc_column_container us_custom_eb849559\"><div class=\"vc_column-inner\"><h1 class=\"w-text us_custom_7ac5e98c\"><span class=\"w-text-h\"><span class=\"w-text-value\">La loro esperienza pu\u00f2 essere la tua<\/span><\/span><\/h1><div class=\"w-html\">    <div class=\"videos-servicio\">\n                    <div class=\"video-principal\">\n                <div class=\"video-wrapper\">\n                    <iframe loading=\"lazy\" title=\"IM GENDER, la mejor Unidad de Cirug\u00eda de Afirmaci\u00f3n de G\u00e9nero del mundo\" width=\"640\" height=\"360\" src=\"https:\/\/www.youtube.com\/embed\/AtkKkM6MWlk?feature=oembed\" frameborder=\"0\" allow=\"accelerometer; autoplay; clipboard-write; encrypted-media; gyroscope; picture-in-picture; web-share\" referrerpolicy=\"strict-origin-when-cross-origin\" allowfullscreen><\/iframe>                <\/div>\n            <\/div>\n        \n                        <div class=\"videos-carrusel swiper\">\n                    <div class=\"swiper-wrapper\">\n                                                    <div class=\"swiper-slide\">\n                                <div class=\"video-thumb\">\n                                    <iframe loading=\"lazy\" title=\"Cirug\u00eda de Afirmaci\u00f3n Genital | Experiencia de \u00c1ngela Ponce en IM GENDER\" width=\"320\" height=\"180\" src=\"https:\/\/www.youtube.com\/embed\/lAOEfOkEIBw?feature=oembed\" frameborder=\"0\" allow=\"accelerometer; autoplay; clipboard-write; encrypted-media; gyroscope; picture-in-picture; web-share\" referrerpolicy=\"strict-origin-when-cross-origin\" allowfullscreen><\/iframe>                                <\/div>\n                            <\/div>\n                                                    <div class=\"swiper-slide\">\n                                <div class=\"video-thumb\">\n                                    <iframe loading=\"lazy\" title=\"Cirug\u00eda de Afirmaci\u00f3n de G\u00e9nero  | La historia de Katy Thompson\" width=\"320\" height=\"180\" src=\"https:\/\/www.youtube.com\/embed\/H8-PLGTxusg?feature=oembed\" frameborder=\"0\" allow=\"accelerometer; autoplay; clipboard-write; encrypted-media; gyroscope; picture-in-picture; web-share\" referrerpolicy=\"strict-origin-when-cross-origin\" allowfullscreen><\/iframe>                                <\/div>\n                            <\/div>\n                                                    <div class=\"swiper-slide\">\n                                <div class=\"video-thumb\">\n                                    <iframe loading=\"lazy\" title=\"Susi y Michelle |  Cirug\u00eda de afirmaci\u00f3n de g\u00e9nero  | La historia de Susi y Michelle | IM GENDER\" width=\"320\" height=\"180\" src=\"https:\/\/www.youtube.com\/embed\/arRZk_yc6ms?feature=oembed\" frameborder=\"0\" allow=\"accelerometer; autoplay; clipboard-write; encrypted-media; gyroscope; picture-in-picture; web-share\" referrerpolicy=\"strict-origin-when-cross-origin\" allowfullscreen><\/iframe>                                <\/div>\n                            <\/div>\n                                                    <div class=\"swiper-slide\">\n                                <div class=\"video-thumb\">\n                                    <iframe loading=\"lazy\" title=\"Kim&#039;s Facial Feminization and Gender Affirming Surgery Testimonial |IM GENDER\" width=\"320\" height=\"180\" src=\"https:\/\/www.youtube.com\/embed\/9Mi1oXiCRAQ?feature=oembed\" frameborder=\"0\" allow=\"accelerometer; autoplay; clipboard-write; encrypted-media; gyroscope; picture-in-picture; web-share\" referrerpolicy=\"strict-origin-when-cross-origin\" allowfullscreen><\/iframe>                                <\/div>\n                            <\/div>\n                                                    <div class=\"swiper-slide\">\n                                <div class=\"video-thumb\">\n                                    <iframe loading=\"lazy\" title=\"OLD Alexa&#039;s Gender Affirmation Surgery at IM GENDER\" width=\"320\" height=\"180\" src=\"https:\/\/www.youtube.com\/embed\/UvQL8-5nlbM?feature=oembed\" frameborder=\"0\" allow=\"accelerometer; autoplay; clipboard-write; encrypted-media; gyroscope; picture-in-picture; web-share\" referrerpolicy=\"strict-origin-when-cross-origin\" allowfullscreen><\/iframe>                                <\/div>\n                            <\/div>\n                                                    <div class=\"swiper-slide\">\n                                <div class=\"video-thumb\">\n                                    <iframe loading=\"lazy\" title=\"Dilataciones vaginales | Vaginoplastia. Cirug\u00eda de Afirmaci\u00f3n de G\u00e9nero | IM GENDER\" width=\"320\" height=\"180\" src=\"https:\/\/www.youtube.com\/embed\/VNttGlWY_yg?feature=oembed\" frameborder=\"0\" allow=\"accelerometer; autoplay; clipboard-write; encrypted-media; gyroscope; picture-in-picture; web-share\" referrerpolicy=\"strict-origin-when-cross-origin\" allowfullscreen><\/iframe>                                <\/div>\n                            <\/div>\n                                                    <div class=\"swiper-slide\">\n                                <div class=\"video-thumb\">\n                                    <iframe loading=\"lazy\" title=\"Gender Affirming Surgery |Sophie&#039;s Story (Part 1) | IM GENDER\" width=\"320\" height=\"180\" src=\"https:\/\/www.youtube.com\/embed\/BVkFF50QfRg?feature=oembed\" frameborder=\"0\" allow=\"accelerometer; autoplay; clipboard-write; encrypted-media; gyroscope; picture-in-picture; web-share\" referrerpolicy=\"strict-origin-when-cross-origin\" allowfullscreen><\/iframe>                                <\/div>\n                            <\/div>\n                                            <\/div>\n                    <div class=\"swiper-button-prev\"><\/div>\n                    <div class=\"swiper-button-next\"><\/div>\n                <\/div>\n                <\/div>\n\n    <script>\n    document.addEventListener('DOMContentLoaded', () => {\n        if (typeof Swiper !== 'undefined') {\n            new Swiper('.videos-carrusel', {\n                slidesPerView: 4,\n                spaceBetween: 20,\n                loop: false,\n                navigation: {\n                    nextEl: '.swiper-button-next',\n                    prevEl: '.swiper-button-prev',\n                },\n                breakpoints: {\n                    0: { slidesPerView: 1.2 },\n                    768: { slidesPerView: 2 },\n                    1024: { slidesPerView: 3 }\n                }\n            });\n        } else {\n            console.warn('\u26a0\ufe0f Swiper no est\u00e1 disponible');\n        }\n    });\n    <\/script>\n    <\/div><\/div><\/div><\/div><\/div><\/section><section class=\"l-section wpb_row us_custom_7dcf5242 height_medium\"><div class=\"l-section-h i-cf\"><div class=\"g-cols vc_row via_grid cols_1 laptops-cols_inherit tablets-cols_inherit mobiles-cols_1 valign_top type_default stacking_default\"><div class=\"wpb_column vc_column_container us_custom_d9691a36\"><div class=\"vc_column-inner\"><div class=\"w-html\"><div id=\"zf_div_As6Vk8EYSX0OJ_n2DiaOgwyG6hl0Vn82p061QYWgR4M\">\n<\/div>\n<script type=\"text\/javascript\">\n(function() {\n\ttry{\n\t\tvar f = document.createElement(\"iframe\");\n\t\t\n\t\t\tvar ifrmSrc = 'https:\/\/formularios.imgender.com\/cirugiamedicinaestetica1\/form\/Richiediiltuoappuntamento1\/formperma\/As6Vk8EYSX0OJ_n2DiaOgwyG6hl0Vn82p061QYWgR4M?zf_rszfm=1';\n\t\t\n\t\t\n        try{\n\t\t\tif ( typeof ZFAdvLead != \"undefined\" && typeof zfutm_zfAdvLead != \"undefined\" ) {\n\t\t\t\tfor( var prmIdx = 0 ; prmIdx < ZFAdvLead.utmPNameArr.length ; prmIdx ++ ) {\n\t\t\t\t    var utmPm = ZFAdvLead.utmPNameArr[ prmIdx ];\n\t\t\t\t    utmPm = ( ZFAdvLead.isSameDomian && ( ZFAdvLead.utmcustPNameArr.indexOf(utmPm) == -1 ) ) ? \"zf_\" + utmPm : utmPm;\n\t\t\t\t    var utmVal = zfutm_zfAdvLead.zfautm_gC_enc( ZFAdvLead.utmPNameArr[ prmIdx ] );\n\t\t\t\t    if ( typeof utmVal !== \"undefined\" ) {\n\t\t\t\t      if ( utmVal != \"\" ) {\n\t\t\t\t        if(ifrmSrc.indexOf('?') > 0){\n\t\t\t\t             ifrmSrc = ifrmSrc+'&'+utmPm+'='+utmVal;\n\t\t\t\t        }else{\n\t\t\t\t            ifrmSrc = ifrmSrc+'?'+utmPm+'='+utmVal;\n\t\t\t\t        }\n\t\t\t\t      }\n\t\t\t\t    }\n\t\t\t\t}\n\t\t\t}\n\t\t\tif ( typeof ZFLead !== \"undefined\" && typeof zfutm_zfLead !== \"undefined\" ) {\n\t\t\t\tfor( var prmIdx = 0 ; prmIdx < ZFLead.utmPNameArr.length ; prmIdx ++ ) {\n\t\t        \tvar utmPm = ZFLead.utmPNameArr[ prmIdx ];\n\t\t        \tvar utmVal = zfutm_zfLead.zfutm_gC_enc( ZFLead.utmPNameArr[ prmIdx ] );\n\t\t\t        if ( typeof utmVal !== \"undefined\" ) {\n\t\t\t          if ( utmVal != \"\" ){\n\t\t\t            if(ifrmSrc.indexOf('?') > 0){\n\t\t\t              ifrmSrc = ifrmSrc+'&'+utmPm+'='+utmVal;\/\/No I18N\n\t\t\t            }else{\n\t\t\t              ifrmSrc = ifrmSrc+'?'+utmPm+'='+utmVal;\/\/No I18N\n\t\t\t            }\n\t\t\t          }\n\t\t\t        }\n\t\t      \t}\n\t\t\t}\n\t\t}catch(e){}\n\t\t\n\t\tf.src = ifrmSrc;\n\t\tf.style.border=\"none\";\n\t\tf.style.height=\"977px\";\n\t\tf.style.width=\"90%\";\n\t\tf.style.transition=\"all 0.5s ease\";\n\t\tf.setAttribute(\"aria-label\", 'Richiedi il tuo appuntamento');\n\t\t\n\t\tvar d = document.getElementById(\"zf_div_As6Vk8EYSX0OJ_n2DiaOgwyG6hl0Vn82p061QYWgR4M\");\n\t\td.appendChild(f);\n\t\twindow.addEventListener('message', function (){\n\t\t\tvar evntData = event.data;\n\t\t\tif( evntData && evntData.constructor == String ){\n\t\t\t\tvar zf_ifrm_data = evntData.split(\"|\");\n\t\t\t\tif ( zf_ifrm_data.length == 2 || zf_ifrm_data.length == 3 ) {\n\t\t\t\t\tvar zf_perma = zf_ifrm_data[0];\n\t\t\t\t\tvar zf_ifrm_ht_nw = ( parseInt(zf_ifrm_data[1], 10) + 15 ) + \"px\";\n\t\t\t\t\tvar iframe = document.getElementById(\"zf_div_As6Vk8EYSX0OJ_n2DiaOgwyG6hl0Vn82p061QYWgR4M\").getElementsByTagName(\"iframe\")[0];\n\t\t\t\t\tif ( (iframe.src).indexOf('formperma') > 0 && (iframe.src).indexOf(zf_perma) > 0 ) {\n\t\t\t\t\t\tvar prevIframeHeight = iframe.style.height;\n\t\t\t\t\t\tvar zf_tout = false;\n\t\t\t\t\t\tif( zf_ifrm_data.length == 3 ) {\n\t\t\t\t\t\t    iframe.scrollIntoView();\n\t\t\t\t\t\t    zf_tout = true;\n\t\t\t\t\t\t}\n\n\t\t\t\t\t\tif ( prevIframeHeight != zf_ifrm_ht_nw ) {\n\t\t\t\t\t\t\tif( zf_tout ) {\n\t\t\t\t\t\t\t    setTimeout(function(){\n\t\t\t\t\t\t\t        iframe.style.height = zf_ifrm_ht_nw;\n\t\t\t\t\t\t\t    },500);\n\t\t\t\t\t\t\t} else {\n\t\t\t\t\t\t\t    iframe.style.height = zf_ifrm_ht_nw;\n\t\t\t\t\t\t\t}\n\t\t\t\t\t\t}\n\t\t\t\t\t}\n\t\t\t\t}\n\t\t\t}\n\t\t}, false);\n    }catch(e){}\n})();\n<\/script>\n<\/div><\/div><\/div><\/div><\/div><\/section><section class=\"l-section wpb_row us_custom_2af29b77 height_medium\"><div class=\"l-section-h i-cf\"><div class=\"g-cols vc_row via_grid cols_1 laptops-cols_inherit tablets-cols_inherit mobiles-cols_1 valign_top type_default stacking_default\"><div class=\"wpb_column vc_column_container us_custom_eb849559\"><div class=\"vc_column-inner\"><section class=\"l-section wpb_row us_custom_2af29b77 title_testimonios height_medium\"><div class=\"l-section-h i-cf\"><div class=\"g-cols vc_row via_grid cols_1 laptops-cols_inherit tablets-cols_inherit mobiles-cols_1 valign_top type_default stacking_default\"><div class=\"wpb_column vc_column_container us_custom_eb849559\"><div class=\"vc_column-inner\"><p class=\"w-text us_custom_e707f37a has_text_color\"><span class=\"w-text-h\"><span class=\"w-text-value\">TESTIMONIANZE DEI <strong>NOSTRI PAZIENTI<\/strong><\/span><\/span><\/p><div class=\"w-html\"><div data-src=\"https:\/\/cdn.trustindex.io\/loader.js?579b6b858c220527e136e7c85d1\"><\/div><\/div><\/div><\/div><\/div><\/div><\/section>\n<\/div><\/div><\/div><\/div><\/section>\n","protected":false},"excerpt":{"rendered":"La loro esperienza pu\u00f2 essere la tua TESTIMONIANZE DEI NOSTRI PAZIENTI","protected":false},"author":2,"featured_media":0,"parent":66291,"menu_order":0,"comment_status":"closed","ping_status":"closed","template":"","meta":{"_acf_changed":false,"footnotes":""},"class_list":["post-65936","page","type-page","status-publish","hentry"],"acf":[],"yoast_head":"<!-- This site is optimized with the Yoast SEO plugin v26.4 - https:\/\/yoast.com\/wordpress\/plugins\/seo\/ -->\n<title>Testimonianze e opinioni | IM GENDER<\/title>\n<meta name=\"description\" content=\"Queste sono le opinioni di alcuni dei pazienti che si sono rivolti a IM GENDER. Entra e scopri le loro storie.\" \/>\n<meta name=\"robots\" content=\"index, follow, max-snippet:-1, max-image-preview:large, max-video-preview:-1\" \/>\n<link rel=\"canonical\" href=\"https:\/\/imgender.com\/it\/unita-di-genere\/testimonianze-im-gender\/\" \/>\n<meta property=\"og:locale\" content=\"it_IT\" \/>\n<meta property=\"og:type\" content=\"article\" \/>\n<meta property=\"og:title\" content=\"Testimonianze e opinioni | IM GENDER\" \/>\n<meta property=\"og:description\" content=\"Queste sono le opinioni di alcuni dei pazienti che si sono rivolti a IM GENDER. Entra e scopri le loro storie.\" \/>\n<meta property=\"og:url\" content=\"https:\/\/imgender.com\/it\/unita-di-genere\/testimonianze-im-gender\/\" \/>\n<meta property=\"og:site_name\" content=\"IM GENDER\" \/>\n<meta property=\"article:modified_time\" content=\"2026-01-15T14:44:47+00:00\" \/>\n<meta property=\"og:image\" content=\"https:\/\/imgender.com\/wp-content\/uploads\/2025\/11\/vaginoplastia-110-110.jpg\" \/>\n\t<meta property=\"og:image:width\" content=\"110\" \/>\n\t<meta property=\"og:image:height\" content=\"110\" \/>\n\t<meta property=\"og:image:type\" content=\"image\/jpeg\" \/>\n<meta name=\"twitter:card\" content=\"summary_large_image\" \/>\n<meta name=\"twitter:label1\" content=\"Tempo di lettura stimato\" \/>\n\t<meta name=\"twitter:data1\" content=\"1 minuto\" \/>\n<!-- \/ Yoast SEO plugin. -->","yoast_head_json":{"title":"Testimonianze e opinioni | IM GENDER","description":"Queste sono le opinioni di alcuni dei pazienti che si sono rivolti a IM GENDER. Entra e scopri le loro storie.","robots":{"index":"index","follow":"follow","max-snippet":"max-snippet:-1","max-image-preview":"max-image-preview:large","max-video-preview":"max-video-preview:-1"},"canonical":"https:\/\/imgender.com\/it\/unita-di-genere\/testimonianze-im-gender\/","og_locale":"it_IT","og_type":"article","og_title":"Testimonianze e opinioni | IM GENDER","og_description":"Queste sono le opinioni di alcuni dei pazienti che si sono rivolti a IM GENDER. Entra e scopri le loro storie.","og_url":"https:\/\/imgender.com\/it\/unita-di-genere\/testimonianze-im-gender\/","og_site_name":"IM GENDER","article_modified_time":"2026-01-15T14:44:47+00:00","og_image":[{"width":110,"height":110,"url":"https:\/\/imgender.com\/wp-content\/uploads\/2025\/11\/vaginoplastia-110-110.jpg","type":"image\/jpeg"}],"twitter_card":"summary_large_image","twitter_misc":{"Tempo di lettura stimato":"1 minuto"},"schema":{"@context":"https:\/\/schema.org","@graph":[{"@type":"WebPage","@id":"https:\/\/imgender.com\/it\/unita-di-genere\/testimonianze-im-gender\/","url":"https:\/\/imgender.com\/it\/unita-di-genere\/testimonianze-im-gender\/","name":"Testimonianze e opinioni | IM GENDER","isPartOf":{"@id":"https:\/\/imgender.com\/it\/#website"},"datePublished":"2021-02-08T07:59:19+00:00","dateModified":"2026-01-15T14:44:47+00:00","description":"Queste sono le opinioni di alcuni dei pazienti che si sono rivolti a IM GENDER. Entra e scopri le loro storie.","breadcrumb":{"@id":"https:\/\/imgender.com\/it\/unita-di-genere\/testimonianze-im-gender\/#breadcrumb"},"inLanguage":"it-IT","potentialAction":[{"@type":"ReadAction","target":["https:\/\/imgender.com\/it\/unita-di-genere\/testimonianze-im-gender\/"]}]},{"@type":"BreadcrumbList","@id":"https:\/\/imgender.com\/it\/unita-di-genere\/testimonianze-im-gender\/#breadcrumb","itemListElement":[{"@type":"ListItem","position":1,"name":"Portada","item":"https:\/\/imgender.com\/it\/"},{"@type":"ListItem","position":2,"name":"UNIT\u00c0 DI GENERE","item":"https:\/\/imgender.com\/it\/unita-di-genere\/"},{"@type":"ListItem","position":3,"name":"Testimonianze"}]},{"@type":"WebSite","@id":"https:\/\/imgender.com\/it\/#website","url":"https:\/\/imgender.com\/it\/","name":"IM GENDER","description":"Unidad de Cirug\u00eda de G\u00e9nero de IM CLINIC","publisher":{"@id":"https:\/\/imgender.com\/it\/#organization"},"alternateName":"IM GENDER","potentialAction":[{"@type":"SearchAction","target":{"@type":"EntryPoint","urlTemplate":"https:\/\/imgender.com\/it\/?s={search_term_string}"},"query-input":{"@type":"PropertyValueSpecification","valueRequired":true,"valueName":"search_term_string"}}],"inLanguage":"it-IT"},{"@type":"Organization","@id":"https:\/\/imgender.com\/it\/#organization","name":"IM GENDER","url":"https:\/\/imgender.com\/it\/","logo":{"@type":"ImageObject","inLanguage":"it-IT","@id":"https:\/\/imgender.com\/it\/#\/schema\/logo\/image\/","url":"https:\/\/imgender.com\/wp-content\/uploads\/2021\/03\/imclinic_gender.png","contentUrl":"https:\/\/imgender.com\/wp-content\/uploads\/2021\/03\/imclinic_gender.png","width":150,"height":151,"caption":"IM GENDER"},"image":{"@id":"https:\/\/imgender.com\/it\/#\/schema\/logo\/image\/"}}]}},"_links":{"self":[{"href":"https:\/\/imgender.com\/it\/wp-json\/wp\/v2\/pages\/65936","targetHints":{"allow":["GET"]}}],"collection":[{"href":"https:\/\/imgender.com\/it\/wp-json\/wp\/v2\/pages"}],"about":[{"href":"https:\/\/imgender.com\/it\/wp-json\/wp\/v2\/types\/page"}],"author":[{"embeddable":true,"href":"https:\/\/imgender.com\/it\/wp-json\/wp\/v2\/users\/2"}],"replies":[{"embeddable":true,"href":"https:\/\/imgender.com\/it\/wp-json\/wp\/v2\/comments?post=65936"}],"version-history":[{"count":0,"href":"https:\/\/imgender.com\/it\/wp-json\/wp\/v2\/pages\/65936\/revisions"}],"up":[{"embeddable":true,"href":"https:\/\/imgender.com\/it\/wp-json\/wp\/v2\/pages\/66291"}],"wp:attachment":[{"href":"https:\/\/imgender.com\/it\/wp-json\/wp\/v2\/media?parent=65936"}],"curies":[{"name":"wp","href":"https:\/\/api.w.org\/{rel}","templated":true}]}}