{"id":66021,"date":"2021-01-19T18:26:55","date_gmt":"2021-01-19T16:26:55","guid":{"rendered":"https:\/\/imgender.com\/politica-de-privacidad\/"},"modified":"2025-11-11T07:19:14","modified_gmt":"2025-11-11T06:19:14","slug":"informativa-sulla-privacy","status":"publish","type":"page","link":"https:\/\/imgender.com\/it\/informativa-sulla-privacy\/","title":{"rendered":"INFORMATIVA SULLA PRIVACY"},"content":{"rendered":"<section class=\"l-section wpb_row height_medium\"><div class=\"l-section-h i-cf\"><div class=\"g-cols vc_row via_grid cols_1 laptops-cols_inherit tablets-cols_inherit mobiles-cols_1 valign_top type_default stacking_default\"><div class=\"wpb_column vc_column_container\"><div class=\"vc_column-inner\"><div class=\"wpb_text_column\"><div class=\"wpb_wrapper\"><h1><b>INFORMATIVA SULLA PRIVACY<\/b><\/h1>\n<h3><b>INFORMAZIONI PER L<\/b><b>&#8216;<\/b><b>UTENTE<\/b><\/h3>\n<p><b>Chi \u00e8 il responsabile del trattamento dei tuoi dati personali?<\/b><\/p>\n<p><b>IVAN MA\u00d1ERO CLINIC, S.L.<\/b><span style=\"font-weight: 400;\"> \u00e8 il RESPONSABILE del trattamento dei dati personali dell&#8217;UTENTE e informa che tali dati saranno trattati in conformit\u00e0 a quanto previsto dal <\/span><b>Regolamento (UE) 2016\/679<\/b><span style=\"font-weight: 400;\"> del 27 aprile (RGPD) e dalla <\/span><b>Legge Organica 3\/2018<\/b><span style=\"font-weight: 400;\"> del 5 dicembre (LOPDGDD).<\/span><\/p>\n<h3><b>A quale scopo trattiamo i tuoi dati personali?<\/b><\/h3>\n<p><span style=\"font-weight: 400;\">Per mantenere un rapporto commerciale con l&#8217;UTENTE. Le operazioni previste per il trattamento comprendono:<\/span><\/p>\n<ul>\n<li style=\"font-weight: 400;\" aria-level=\"1\"><span style=\"font-weight: 400;\">Invio di comunicazioni commerciali e pubblicitarie tramite e-mail, fax, SMS, MMS, social network o qualsiasi altro mezzo elettronico o fisico, presente o futuro, che consenta l&#8217;invio di comunicazioni commerciali. Tali comunicazioni saranno effettuate dal RESPONSABILE e riguarderanno i suoi prodotti e servizi, oppure quelli dei suoi collaboratori o fornitori con cui abbia stipulato accordi di promozione. In nessun caso soggetti terzi avranno accesso ai dati personali.<\/span><span style=\"font-weight: 400;\"><br \/>\n<\/span><\/li>\n<li style=\"font-weight: 400;\" aria-level=\"1\"><span style=\"font-weight: 400;\">Gestione dei servizi sottoscritti.<\/span><span style=\"font-weight: 400;\"><br \/>\n<\/span><\/li>\n<li style=\"font-weight: 400;\" aria-level=\"1\"><span style=\"font-weight: 400;\">Partecipazione alle attivit\u00e0 del RESPONSABILE.<\/span><span style=\"font-weight: 400;\"><br \/>\n<\/span><\/li>\n<li style=\"font-weight: 400;\" aria-level=\"1\"><span style=\"font-weight: 400;\">Adempimento degli obblighi giuridici e normativi.<\/span><span style=\"font-weight: 400;\"><br \/>\n<\/span><\/li>\n<li style=\"font-weight: 400;\" aria-level=\"1\"><span style=\"font-weight: 400;\">Realizzazione di studi di mercato e analisi statistiche.<\/span><span style=\"font-weight: 400;\"><br \/>\n<\/span><\/li>\n<li style=\"font-weight: 400;\" aria-level=\"1\"><span style=\"font-weight: 400;\">Gestione di ordini, richieste e risposte a domande o a qualsiasi altro tipo di istanza presentata dall&#8217;UTENTE attraverso uno dei canali di contatto messi a disposizione sul sito web del RESPONSABILE.<\/span><span style=\"font-weight: 400;\"><br \/>\n<\/span><\/li>\n<li style=\"font-weight: 400;\" aria-level=\"1\"><span style=\"font-weight: 400;\">Invio della newsletter online con novit\u00e0, offerte e promozioni del RESPONSABILE.<\/span><\/li>\n<\/ul>\n<h3><b>Per quale motivo possiamo trattare i tuoi dati personali?<\/b><\/h3>\n<p><span style=\"font-weight: 400;\">Perch\u00e9 il trattamento dei dati \u00e8 legittimato dall&#8217;articolo 6 del RGPD come segue:<\/span><\/p>\n<ul>\n<li style=\"font-weight: 400;\" aria-level=\"1\"><b>Con il consenso dell&#8217;UTENTE:<\/b><span style=\"font-weight: 400;\"> invio di comunicazioni commerciali e della newsletter.<\/span><span style=\"font-weight: 400;\"><br \/>\n<\/span><\/li>\n<li style=\"font-weight: 400;\" aria-level=\"1\"><b>Per l&#8217;adempimento di un obbligo legale al quale \u00e8 soggetto il RESPONSABILE:<\/b><span style=\"font-weight: 400;\"> adempiere agli obblighi giuridici e normativi.<\/span><span style=\"font-weight: 400;\"><br \/>\n<\/span><\/li>\n<li style=\"font-weight: 400;\" aria-level=\"1\"><b>In quanto necessario all&#8217;esecuzione di un contratto:<\/b><span style=\"font-weight: 400;\"> gestione dei servizi sottoscritti.<\/span><span style=\"font-weight: 400;\"><br \/>\n<\/span><\/li>\n<li style=\"font-weight: 400;\" aria-level=\"1\"><b>Per il legittimo interesse del RESPONSABILE:<\/b><span style=\"font-weight: 400;\"> realizzazione di studi di mercato, analisi statistiche e gestione di ordini, richieste o altre istanze presentate dall&#8217;UTENTE.<\/span><\/li>\n<\/ul>\n<h3><b>Per quanto tempo conserveremo i tuoi dati personali?<\/b><\/h3>\n<p><span style=\"font-weight: 400;\">I dati saranno conservati solo per il tempo strettamente necessario per perseguire le finalit\u00e0 del trattamento o finch\u00e9 esistano obblighi di legge che ne impongano la conservazione. Non appena non saranno pi\u00f9 necessari, verranno eliminati adottando misure di sicurezza adeguate che garantiscano l&#8217;anonimizzazione dei dati o la loro distruzione totale.<\/span><\/p>\n<p><span style=\"font-weight: 400;\">\u00a0<\/span><\/p>\n<h3><b>A chi comunichiamo i tuoi dati personali?<\/b><\/h3>\n<p><span style=\"font-weight: 400;\">Non \u00e8 prevista alcuna comunicazione dei dati personali a terzi, eccetto, qualora fosse necessario per lo svolgimento e l&#8217;esecuzione delle finalit\u00e0 del trattamento, ai nostri fornitori di servizi connessi alle comunicazioni, con i quali il RESPONSABILE ha stipulato contratti di riservatezza e di autorizzato al trattamento (incaricato), come previsto dalla normativa vigente in materia di privacy, o nel caso in cui sussista un obbligo legale.\u00a0<\/span><\/p>\n<p><span style=\"font-weight: 400;\">\u00a0<\/span><\/p>\n<h3><b>Quali sono i tuoi diritti?<\/b><\/h3>\n<p><span style=\"font-weight: 400;\">I diritti riconosciuti all&#8217;UTENTE includono:<\/span><\/p>\n<ul>\n<li style=\"font-weight: 400;\" aria-level=\"1\"><span style=\"font-weight: 400;\">Diritto di revoca del consenso in qualsiasi momento.<\/span><span style=\"font-weight: 400;\"><br \/>\n<\/span><\/li>\n<li style=\"font-weight: 400;\" aria-level=\"1\"><span style=\"font-weight: 400;\">Diritto di accesso, rettifica, portabilit\u00e0 e cancellazione dei propri dati, nonch\u00e9 di limitazione o opposizione al loro trattamento.<\/span><span style=\"font-weight: 400;\"><br \/>\n<\/span><\/li>\n<li style=\"font-weight: 400;\" aria-level=\"1\"><span style=\"font-weight: 400;\">Diritto di presentare un reclamo all&#8217;autorit\u00e0 di controllo (<\/span><a href=\"http:\/\/www.aepd.es\"><b>www.aepd.es<\/b><\/a><span style=\"font-weight: 400;\">) qualora si ritenga che il trattamento non sia conforme alla normativa vigente. <\/span><\/li>\n<\/ul>\n<p><b>Dati di contatto per l&#8217;esercizio dei tuoi diritti:<\/b><b><br \/>\n<\/b><span style=\"font-weight: 400;\">IVAN MA\u00d1ERO CLINIC, S.L. \u2013 C\/ V\u00edctor Hugo, 24 \u2013 08174 Sant Cugat del Vall\u00e8s (Barcellona)<\/span><span style=\"font-weight: 400;\"><br \/>\n<\/span><span style=\"font-weight: 400;\">E-mail: <\/span><b>lopd@ivanmanero.com<\/b><\/p>\n<p><b>Dati di contatto del responsabile della protezione dei dati:<\/b> <b>dpo@ivanmanero.com<\/b><\/p>\n<p><span style=\"font-weight: 400;\">Scarica il <\/span><b>modello per l&#8217;esercizio dei diritti<\/b><span style=\"font-weight: 400;\">.<\/span><\/p>\n<p><span style=\"font-weight: 400;\">\u00a0<\/span><\/p>\n<h3><b>NATURA OBBLIGATORIA O FACOLTATIVA DELLE INFORMAZIONI FORNITE DALL<\/b><b>&#8216;<\/b><b>UTENTE<\/b><\/h3>\n<p><span style=\"font-weight: 400;\">L&#8217;UTENTE, contrassegnando le caselle corrispondenti e inserendo i dati nei campi previsti, accetta espressamente, liberamente e in modo inequivocabile che i propri dati sono necessari per soddisfare la sua richiesta.<\/span><span style=\"font-weight: 400;\"><br \/>\n<\/span><span style=\"font-weight: 400;\">Il RESPONSABILE indicher\u00e0 quali dati sono necessari per la fornitura di un servizio ottimale all&#8217;UTENTE. Qualora tali dati non vengano forniti, non si garantisce che le informazioni e i servizi messi a disposizione dell&#8217;utente siano completamente adeguati alle sue esigenze.\u00a0<\/span><\/p>\n<p><span style=\"font-weight: 400;\">L&#8217;UTENTE garantisce la veridicit\u00e0 dei dati personali forniti al RESPONSABILE e si impegna a comunicare qualsiasi eventuale modifica degli stessi.\u00a0<\/span><\/p>\n<p><span style=\"font-weight: 400;\">\u00a0<\/span><\/p>\n<h3><b>MISURE DI SICUREZZA<\/b><\/h3>\n<p><span style=\"font-weight: 400;\">In conformit\u00e0 a quanto previsto dalle normative vigenti in materia di protezione dei dati personali, il RESPONSABILE dichiara di adempiere a tutte le disposizioni del RGPD e della LOPDGDD relative al trattamento dei dati personali sotto la sua responsabilit\u00e0, e in particolare ai principi di cui all&#8217;articolo 5 del RGPD, secondo i quali i dati sono trattati in modo lecito, corretto e trasparente nei confronti dell&#8217;interessato, nonch\u00e9 adeguati, pertinenti e limitati a quanto necessario rispetto alle finalit\u00e0 per le quali sono trattati.\u00a0\u00a0<\/span><\/p>\n<p><span style=\"font-weight: 400;\">Il RESPONSABILE garantisce di aver implementato politiche tecniche e organizzative adeguate per adottare le misure di sicurezza previste dal RGPD e dalla LOPDGDD, al fine di proteggere i diritti e le libert\u00e0 degli UTENTI, e di aver fornito loro le informazioni necessarie per esercitarli.<\/span><\/p>\n<p><span style=\"font-weight: 400;\">Per ulteriori informazioni sulle garanzie in materia di privacy, puoi contattare il RESPONSABILE all&#8217;indirizzo:<\/span><span style=\"font-weight: 400;\"><br \/>\n<\/span><b>IVAN MA\u00d1ERO CLINIC, S.L. \u2013 C\/ V\u00edctor Hugo, 24 \u2013 08174 Sant Cugat del Vall\u00e8s (Barcellona)<\/b><b><br \/>\n<\/b><span style=\"font-weight: 400;\">E-mail: <\/span><b>lopd@ivanmanero.com<\/b><\/p>\n<p><b>Dati di contatto del responsabile della protezione dei dati:<\/b> <b>dpo@ivanmanero.com<\/b><\/p>\n<\/div><\/div><\/div><\/div><\/div><\/div><\/section>\n","protected":false},"excerpt":{"rendered":"INFORMATIVA SULLA PRIVACY INFORMAZIONI PER L&#8216;UTENTE Chi \u00e8 il responsabile del trattamento dei tuoi dati personali? IVAN MA\u00d1ERO CLINIC, S.L. \u00e8 il RESPONSABILE del trattamento dei dati personali dell&#8217;UTENTE e informa che tali dati saranno trattati in conformit\u00e0 a quanto previsto dal Regolamento (UE) 2016\/679 del 27 aprile (RGPD) e dalla Legge Organica 3\/2018 del...","protected":false},"author":1,"featured_media":0,"parent":0,"menu_order":0,"comment_status":"closed","ping_status":"open","template":"","meta":{"_acf_changed":false,"footnotes":""},"class_list":["post-66021","page","type-page","status-publish","hentry"],"acf":[],"yoast_head":"<!-- This site is optimized with the Yoast SEO plugin v26.4 - https:\/\/yoast.com\/wordpress\/plugins\/seo\/ -->\n<title>INFORMATIVA SULLA PRIVACY | IM GENDER<\/title>\n<meta name=\"description\" content=\"Informativa sulla privacy di IM GENDER, l&#039;Unit\u00e0 di Genere di IM CLINIC. Oltre 20 anni di esperienza nella chirurgia di affermazione di genere.\" \/>\n<meta name=\"robots\" content=\"noindex, nofollow\" \/>\n<meta property=\"og:locale\" content=\"it_IT\" \/>\n<meta property=\"og:type\" content=\"article\" \/>\n<meta property=\"og:title\" content=\"INFORMATIVA SULLA PRIVACY | IM GENDER\" \/>\n<meta property=\"og:description\" content=\"Informativa sulla privacy di IM GENDER, l&#039;Unit\u00e0 di Genere di IM CLINIC. Oltre 20 anni di esperienza nella chirurgia di affermazione di genere.\" \/>\n<meta property=\"og:url\" content=\"https:\/\/imgender.com\/it\/informativa-sulla-privacy\/\" \/>\n<meta property=\"og:site_name\" content=\"IM GENDER\" \/>\n<meta property=\"article:modified_time\" content=\"2025-11-11T06:19:14+00:00\" \/>\n<meta property=\"og:image\" content=\"https:\/\/imgender.com\/wp-content\/uploads\/2025\/11\/vaginoplastia-110-110.jpg\" \/>\n\t<meta property=\"og:image:width\" content=\"110\" \/>\n\t<meta property=\"og:image:height\" content=\"110\" \/>\n\t<meta property=\"og:image:type\" content=\"image\/jpeg\" \/>\n<meta name=\"twitter:card\" content=\"summary_large_image\" \/>\n<meta name=\"twitter:label1\" content=\"Tempo di lettura stimato\" \/>\n\t<meta name=\"twitter:data1\" content=\"4 minuti\" \/>\n<!-- \/ Yoast SEO plugin. -->","yoast_head_json":{"title":"INFORMATIVA SULLA PRIVACY | IM GENDER","description":"Informativa sulla privacy di IM GENDER, l'Unit\u00e0 di Genere di IM CLINIC. Oltre 20 anni di esperienza nella chirurgia di affermazione di genere.","robots":{"index":"noindex","follow":"nofollow"},"og_locale":"it_IT","og_type":"article","og_title":"INFORMATIVA SULLA PRIVACY | IM GENDER","og_description":"Informativa sulla privacy di IM GENDER, l'Unit\u00e0 di Genere di IM CLINIC. Oltre 20 anni di esperienza nella chirurgia di affermazione di genere.","og_url":"https:\/\/imgender.com\/it\/informativa-sulla-privacy\/","og_site_name":"IM GENDER","article_modified_time":"2025-11-11T06:19:14+00:00","og_image":[{"width":110,"height":110,"url":"https:\/\/imgender.com\/wp-content\/uploads\/2025\/11\/vaginoplastia-110-110.jpg","type":"image\/jpeg"}],"twitter_card":"summary_large_image","twitter_misc":{"Tempo di lettura stimato":"4 minuti"},"schema":{"@context":"https:\/\/schema.org","@graph":[{"@type":"WebPage","@id":"https:\/\/imgender.com\/it\/informativa-sulla-privacy\/","url":"https:\/\/imgender.com\/it\/informativa-sulla-privacy\/","name":"INFORMATIVA SULLA PRIVACY | IM GENDER","isPartOf":{"@id":"https:\/\/imgender.com\/it\/#website"},"datePublished":"2021-01-19T16:26:55+00:00","dateModified":"2025-11-11T06:19:14+00:00","description":"Informativa sulla privacy di IM GENDER, l'Unit\u00e0 di Genere di IM CLINIC. Oltre 20 anni di esperienza nella chirurgia di affermazione di genere.","breadcrumb":{"@id":"https:\/\/imgender.com\/it\/informativa-sulla-privacy\/#breadcrumb"},"inLanguage":"it-IT","potentialAction":[{"@type":"ReadAction","target":["https:\/\/imgender.com\/it\/informativa-sulla-privacy\/"]}]},{"@type":"BreadcrumbList","@id":"https:\/\/imgender.com\/it\/informativa-sulla-privacy\/#breadcrumb","itemListElement":[{"@type":"ListItem","position":1,"name":"Portada","item":"https:\/\/imgender.com\/it\/"},{"@type":"ListItem","position":2,"name":"INFORMATIVA SULLA PRIVACY"}]},{"@type":"WebSite","@id":"https:\/\/imgender.com\/it\/#website","url":"https:\/\/imgender.com\/it\/","name":"IM GENDER","description":"Unidad de Cirug\u00eda de G\u00e9nero de IM CLINIC","publisher":{"@id":"https:\/\/imgender.com\/it\/#organization"},"alternateName":"IM GENDER","potentialAction":[{"@type":"SearchAction","target":{"@type":"EntryPoint","urlTemplate":"https:\/\/imgender.com\/it\/?s={search_term_string}"},"query-input":{"@type":"PropertyValueSpecification","valueRequired":true,"valueName":"search_term_string"}}],"inLanguage":"it-IT"},{"@type":"Organization","@id":"https:\/\/imgender.com\/it\/#organization","name":"IM GENDER","url":"https:\/\/imgender.com\/it\/","logo":{"@type":"ImageObject","inLanguage":"it-IT","@id":"https:\/\/imgender.com\/it\/#\/schema\/logo\/image\/","url":"https:\/\/imgender.com\/wp-content\/uploads\/2021\/03\/imclinic_gender.png","contentUrl":"https:\/\/imgender.com\/wp-content\/uploads\/2021\/03\/imclinic_gender.png","width":150,"height":151,"caption":"IM GENDER"},"image":{"@id":"https:\/\/imgender.com\/it\/#\/schema\/logo\/image\/"}}]}},"_links":{"self":[{"href":"https:\/\/imgender.com\/it\/wp-json\/wp\/v2\/pages\/66021","targetHints":{"allow":["GET"]}}],"collection":[{"href":"https:\/\/imgender.com\/it\/wp-json\/wp\/v2\/pages"}],"about":[{"href":"https:\/\/imgender.com\/it\/wp-json\/wp\/v2\/types\/page"}],"author":[{"embeddable":true,"href":"https:\/\/imgender.com\/it\/wp-json\/wp\/v2\/users\/1"}],"replies":[{"embeddable":true,"href":"https:\/\/imgender.com\/it\/wp-json\/wp\/v2\/comments?post=66021"}],"version-history":[{"count":0,"href":"https:\/\/imgender.com\/it\/wp-json\/wp\/v2\/pages\/66021\/revisions"}],"wp:attachment":[{"href":"https:\/\/imgender.com\/it\/wp-json\/wp\/v2\/media?parent=66021"}],"curies":[{"name":"wp","href":"https:\/\/api.w.org\/{rel}","templated":true}]}}