{"id":66026,"date":"2021-03-29T13:57:42","date_gmt":"2021-03-29T11:57:42","guid":{"rendered":"https:\/\/imgender.com\/aviso-legal\/"},"modified":"2025-11-11T07:23:44","modified_gmt":"2025-11-11T06:23:44","slug":"avviso-legale","status":"publish","type":"page","link":"https:\/\/imgender.com\/it\/avviso-legale\/","title":{"rendered":"Avviso legale"},"content":{"rendered":"<section class=\"l-section wpb_row height_medium\"><div class=\"l-section-h i-cf\"><div class=\"g-cols vc_row via_grid cols_1 laptops-cols_inherit tablets-cols_inherit mobiles-cols_1 valign_top type_default stacking_default\"><div class=\"wpb_column vc_column_container\"><div class=\"vc_column-inner\"><div class=\"wpb_text_column\"><div class=\"wpb_wrapper\"><h1><b>AVVISO LEGALE<\/b><\/h1>\n<h3><b>Identit\u00e0 del responsabile<\/b><\/h3>\n<p><b>Denominazione sociale:<\/b><span style=\"font-weight: 400;\"> IVAN MA\u00d1ERO CLINIC, S.L.<\/span><span style=\"font-weight: 400;\"><br \/>\n<\/span><b>Nome commerciale:<\/b><span style=\"font-weight: 400;\"> IVAN MA\u00d1ERO CLINIC, S.L.<\/span><span style=\"font-weight: 400;\"><br \/>\n<\/span><b>Partita IVA\/codice fiscale:<\/b><span style=\"font-weight: 400;\"> B65842502<\/span><span style=\"font-weight: 400;\"><br \/>\n<\/span><b>Indirizzo:<\/b><span style=\"font-weight: 400;\"> IVAN MA\u00d1ERO CLINIC, S.L. \u2013 C\/ V\u00edctor Hugo, 24 \u2013 08174 Sant Cugat del Vall\u00e8s (Barcellona)<\/span><span style=\"font-weight: 400;\"><br \/>\n<\/span><b>E-mail:<\/b><span style=\"font-weight: 400;\"> info@ivanmanero.com<\/span><span style=\"font-weight: 400;\"><br \/>\n<\/span><span style=\"font-weight: 400;\">Iscrizione nel <\/span><b>Registro dei centri, servizi e strutture sanitarie della Catalogna<\/b><span style=\"font-weight: 400;\"> con il numero: H0898590<\/span><span style=\"font-weight: 400;\"><br \/>\n<\/span><b>Registro delle imprese di Barcellona<\/b><span style=\"font-weight: 400;\">, tomo 43.299, foglio 30, scheda B 423703<\/span><\/p>\n<p><b>IVAN MA\u00d1ERO CLINIC, S.L.<\/b><span style=\"font-weight: 400;\"> si impegna a trattare le informazioni dei propri utenti e clienti garantendone la massima protezione e a rispettare i requisiti nazionali ed europei che regolano la raccolta e l&#8217;uso dei dati personali degli utenti.<\/span><\/p>\n<p><span style=\"font-weight: 400;\">Questo sito web, pertanto, \u00e8 pienamente conforme al <\/span><b>Regolamento (UE) 2016\/679<\/b><span style=\"font-weight: 400;\"> del Parlamento Europeo e del Consiglio del 27 aprile 2016 relativo alla protezione delle persone fisiche (RGPD), nonch\u00e9 alla <\/span><b>Legge 34\/2002<\/b><span style=\"font-weight: 400;\">, dell&#8217;11 luglio, sui <\/span><b>Servizi della societ\u00e0 dell&#8217;informazione e del commercio elettronico<\/b><span style=\"font-weight: 400;\"> (LSSICE o LSSI).<\/span><span style=\"font-weight: 400;\"><br \/>\n<\/span><span style=\"font-weight: 400;\">\u00c8 inoltre conforme alla <\/span><b>Legge Organica 3\/2018<\/b><span style=\"font-weight: 400;\"> del 5 dicembre sulla Protezione dei dati personali e garanzia dei diritti digitali (LOPDGDD).<\/span><\/p>\n<h3><b>Accesso al sito web<\/b><\/h3>\n<p><span style=\"font-weight: 400;\">Gli utenti possono accedere gratuitamente e liberamente al sito web. In caso di prodotti o servizi che richiedano un pagamento, <\/span><b>IVAN MA\u00d1ERO CLINIC, S.L.<\/b><span style=\"font-weight: 400;\"> informer\u00e0 gli utenti delle condizioni specifiche applicabili.<\/span><\/p>\n<p><span style=\"font-weight: 400;\">In generale, l&#8217;accesso alle informazioni e alle funzionalit\u00e0 di questo sito web non richiede alcuna registrazione preventiva. Tuttavia, gli utenti potranno richiedere, compilando gli appositi moduli, di ricevere informazioni e materiale pubblicitario relativo a <\/span><b>IVAN MA\u00d1ERO CLINIC, S.L.<\/b><span style=\"font-weight: 400;\"> (ad esempio, la newsletter).\u00a0<\/span><\/p>\n<p><span style=\"font-weight: 400;\">Gli utenti garantiscono che tutte le informazioni e i dati personali forniti nei moduli sono veritieri e di loro propriet\u00e0. Gli utenti saranno gli unici responsabili per eventuali dichiarazioni false o inesatte, nonch\u00e9 per eventuali danni che l&#8217;uso di tali informazioni possa arrecare a <\/span><b>IVAN MA\u00d1ERO CLINIC, S.L.<\/b><span style=\"font-weight: 400;\"> o a terzi.<\/span><span style=\"font-weight: 400;\"><br \/>\n<\/span><span style=\"font-weight: 400;\">Allo stesso modo, gli utenti si impegnano a comunicare a <\/span><b>IVAN MA\u00d1ERO CLINIC, S.L.<\/b><span style=\"font-weight: 400;\"> qualsiasi modifica riguardante le informazioni o i dati personali forniti.<\/span><\/p>\n<p><b>IVAN MA\u00d1ERO CLINIC, S.L.<\/b><span style=\"font-weight: 400;\"> si riserva il diritto di interrompere l&#8217;accesso al proprio sito web in qualsiasi momento e senza preavviso, per motivi di sicurezza, controllo, manutenzione, guasti elettrici o per qualsiasi altra causa. <\/span><span style=\"font-weight: 400;\"><br \/>\n<\/span><span style=\"font-weight: 400;\">Tale interruzione potr\u00e0 essere temporanea o definitiva; in quest&#8217;ultimo caso, sar\u00e0 comunicata agli utenti.<\/span><span style=\"font-weight: 400;\"><br \/>\n<\/span><span style=\"font-weight: 400;\">Di conseguenza, <\/span><b>IVAN MA\u00d1ERO CLINIC, S.L.<\/b><span style=\"font-weight: 400;\"> non garantisce l&#8217;affidabilit\u00e0, la disponibilit\u00e0 n\u00e9 la continuit\u00e0 del sito web nel caso in cui si verificassero le circostanze sopra indicate. Pertanto, in nessun caso <\/span><b>IVAN MA\u00d1ERO CLINIC, S.L.<\/b><span style=\"font-weight: 400;\">\u00a0 potr\u00e0 essere ritenuta responsabile per tali circostanze.<\/span><\/p>\n<h3><b>Utilizzo del sito web<\/b><\/h3>\n<p><span style=\"font-weight: 400;\">L&#8217;utilizzo del sito web di <\/span><b>IVAN MA\u00d1ERO CLINIC, S.L.<\/b><span style=\"font-weight: 400;\"> da parte di qualsiasi persona conferisce a quest&#8217;ultima la qualifica di \u201cutente\u201d, il quale accetta che tale utilizzo avvenga sotto la propria esclusiva responsabilit\u00e0.\u00a0\u00a0<\/span><\/p>\n<p><span style=\"font-weight: 400;\">Gli utenti si impegnano a utilizzare le informazioni, le attivit\u00e0, i prodotti o i servizi messi a loro disposizione da <\/span><b>IVAN MA\u00d1ERO CLINIC, S.L.<\/b><span style=\"font-weight: 400;\"> su questo sito web nel rispetto delle presenti condizioni generali e della normativa vigente, e a non impiegarli per attivit\u00e0 contrarie alla legge, alla morale o all&#8217;ordine pubblico.<\/span><\/p>\n<p><span style=\"font-weight: 400;\">I contenuti del sito web sono messi a disposizione degli utenti da <\/span><b>IVAN MA\u00d1ERO CLINIC, S.L.<\/b><span style=\"font-weight: 400;\"> come informazioni proprie o, eventualmente, di terzi. Pertanto, <\/span><b>IVAN MA\u00d1ERO CLINIC, S.L.<\/b><span style=\"font-weight: 400;\"> adotter\u00e0 tutti i mezzi ragionevoli a sua disposizione per garantire che i contenuti del sito siano accurati e aggiornati.<\/span><\/p>\n<p><span style=\"font-weight: 400;\">Per quanto riguarda i minori che desiderino utilizzare questo sito web, dovranno essere in possesso del permesso dei genitori o dei tutori legali, i quali saranno in ogni caso responsabili delle loro azioni. Ci\u00f2 nonostante, <\/span><b>IVAN MA\u00d1ERO CLINIC, S.L.<\/b><span style=\"font-weight: 400;\"> garantisce la protezione dei minori in merito ai contenuti specificamente destinati al pubblico familiare.<\/span><\/p>\n<h3><b>Modifiche<\/b><\/h3>\n<p><b>IVAN MA\u00d1ERO CLINIC, S.L.<\/b><span style=\"font-weight: 400;\"> si riserva il diritto di effettuare, senza preavviso, tutte le modifiche che ritenga opportune sul proprio portale, potendo modificare, eliminare o aggiungere sia i contenuti e i servizi offerti tramite lo stesso, sia la modalit\u00e0 con cui questi vengono presentati o ubicati all&#8217;interno del portale.<\/span><\/p>\n<h3><b>Informazioni sui collegamenti (\u201clink\u201d)<\/b><\/h3>\n<p><span style=\"font-weight: 400;\">Le pagine web di <\/span><b>IVAN MA\u00d1ERO CLINIC, S.L.<\/b><span style=\"font-weight: 400;\"> possono contenere collegamenti (<\/span><i><span style=\"font-weight: 400;\">link<\/span><\/i><span style=\"font-weight: 400;\">) a siti di terzi. Pertanto, <\/span><b>IVAN MA\u00d1ERO CLINIC, S.L.<\/b><span style=\"font-weight: 400;\"> non si assume alcuna responsabilit\u00e0 per i contenuti presenti su tali siti esterni.<\/span><\/p>\n<p><span style=\"font-weight: 400;\">Qualsiasi atto di trasmissione, distribuzione, cessione, riproduzione, memorizzazione o comunicazione pubblica, totale o parziale, deve essere autorizzato preventivamente e in maniera esplicita da <\/span><b>IVAN MA\u00d1ERO CLINIC, S.L.<\/b><\/p>\n<p><span style=\"font-weight: 400;\">In ottemperanza a quanto disposto dagli articoli 11 e 16 della LSSICE, <\/span><b>IVAN MA\u00d1ERO CLINIC, S.L.<\/b><span style=\"font-weight: 400;\"> si mette a disposizione degli utenti, delle autorit\u00e0 e delle forze dell&#8217;ordine, collaborando attivamente alla rimozione o, se necessario, al blocco di tutti quei contenuti che possano violare la normativa nazionale o internazionale, i diritti di terzi, la morale o l&#8217;ordine pubblico.\u00a0<\/span><\/p>\n<p><span style=\"font-weight: 400;\">Qualora l&#8217;utente ritenga che vi siano contenuti suscettibili di rientrare in tale classificazione, \u00e8 pregato di segnalarlo immediatamente all&#8217;amministratore del sito web.\u00a0<\/span><\/p>\n<h3><b>Rinuncia e limitazione della responsabilit\u00e0<\/b><\/h3>\n<p><span style=\"font-weight: 400;\">Gli utenti risponderanno dei danni e dei pregiudizi di qualsiasi natura che <\/span><b>IVAN MA\u00d1ERO CLINIC, S.L.<\/b><span style=\"font-weight: 400;\"> o terzi possano subire a causa della violazione di una qualsiasi delle disposizioni contenute nel presente Avviso Legale o, se del caso, nelle condizioni di vendita, nell&#8217;informativa sulla privacy o nelle altre condizioni legali applicabili.<\/span><\/p>\n<p><b>IVAN MA\u00d1ERO CLINIC, S.L.<\/b><span style=\"font-weight: 400;\"> non \u00e8 responsabile di eventuali danni e pregiudizi arrecati ai dispositivi informatici degli utenti o di terzi derivanti dall&#8217;accesso a questo sito web, poich\u00e9 tale accesso non implica in alcun caso l&#8217;obbligo da parte di <\/span><b>IVAN MA\u00d1ERO CLINIC, S.L.<\/b><span style=\"font-weight: 400;\"> di garantire l&#8217;assenza di virus, worm o qualsiasi altro elemento informatico dannoso.<\/span><\/p>\n<p><b>IVAN MA\u00d1ERO CLINIC, S.L.<\/b><span style=\"font-weight: 400;\"> non \u00e8 responsabile dei contenuti e dei servizi presenti nei collegamenti (<\/span><i><span style=\"font-weight: 400;\">link<\/span><\/i><span style=\"font-weight: 400;\">), nelle pagine o nei sistemi di terzi collegati a questo sito web e, pertanto, non risponder\u00e0 di eventuali danni derivanti dall&#8217;illiceit\u00e0, scarsa qualit\u00e0, mancato aggiornamento, indisponibilit\u00e0, errore o inutilit\u00e0 degli stessi.<\/span><\/p>\n<h3><b>Informazioni relative alla propriet\u00e0 intellettuale e industriale<\/b><\/h3>\n<p><span style=\"font-weight: 400;\">Tutti i contenuti di questo sito web \u2013 intendendo per tali, a titolo meramente esemplificativo, i testi, le fotografie, i grafici, le immagini, le icone, i segni distintivi o loghi, i marchi, i nomi commerciali, la tecnologia, il software, i collegamenti e qualsiasi altro contenuto audiovisivo o sonoro, nonch\u00e9 la grafica e i codici sorgente (di seguito collettivamente denominati \u201cContenuti\u201d) \u2013 sono propriet\u00e0 intellettuale di <\/span><b>IVAN MA\u00d1ERO CLINIC, S.L.<\/b><span style=\"font-weight: 400;\"> o, se del caso, di terzi, salvo diversa indicazione.<\/span><\/p>\n<p><span style=\"font-weight: 400;\">Gli utenti sono tenuti a rispettare in ogni momento tutti i diritti di propriet\u00e0 intellettuale e industriale relativi a questo sito web, di titolarit\u00e0 di <\/span><b>IVAN MA\u00d1ERO CLINIC, S.L.<\/b><span style=\"font-weight: 400;\"> o di terzi.<\/span><\/p>\n<p><span style=\"font-weight: 400;\">\u00c8 espressamente vietata la riproduzione, trasformazione, distribuzione, comunicazione al pubblico, messa a disposizione, estrazione, riutilizzo, ritrasmissione o uso, di qualsiasi natura e mediante qualsiasi mezzo o procedimento, dei suddetti diritti, salvo nei casi legalmente consentiti, ossia previa autorizzazione del titolare dei relativi diritti.<\/span><\/p>\n<p><span style=\"font-weight: 400;\">Per l&#8217;utilizzo autorizzato dei Contenuti di questo sito web, esclusivamente a fini informativi o didattici, gli utenti possono rivolgersi a <\/span><b>info@ivanmanero.com<\/b><span style=\"font-weight: 400;\">. \u00c8 comunque consentito agli utenti visualizzare e ottenere una copia temporanea dei Contenuti per uso personale e privato sui propri sistemi informatici, purch\u00e9 non sia a scopo commerciale o professionale n\u00e9 con finalit\u00e0 di distribuzione, modifica, alterazione o decompilazione.\u00a0<\/span><\/p>\n<h3><b>Protezione dei dati personali<\/b><\/h3>\n<p><span style=\"font-weight: 400;\">I dati personali forniti dagli utenti saranno trattati in modo confidenziale, nel pieno rispetto delle disposizioni contenute nel Regolamento (UE) 2016\/679 (RGPD), nella LOPDGDD e in qualsiasi altra normativa vigente o futura in materia.<\/span><\/p>\n<p><b>IVAN MA\u00d1ERO CLINIC, S.L.<\/b><span style=\"font-weight: 400;\"> si impegna a trattare i dati personali esclusivamente per le finalit\u00e0 per le quali sono stati raccolti, a non utilizzarli per scopi diversi e a non comunicarli a terzi, nemmeno per la loro conservazione, salvo previo ed espresso consenso dell&#8217;interessato.<\/span><\/p>\n<p><span style=\"font-weight: 400;\">Allo stesso modo, <\/span><b>IVAN MA\u00d1ERO CLINIC, S.L.<\/b><span style=\"font-weight: 400;\"> si impegna ad adottare e applicare le misure tecniche e organizzative adeguate per garantire un livello di sicurezza tale da evitare l&#8217;alterazione, la perdita, il trattamento o l&#8217;accesso non autorizzato ai dati, tenendo conto dello stato della tecnologia, della natura dei dati conservati e dei rischi a cui essi sono esposti, in conformit\u00e0 a quanto previsto dall&#8217;articolo 32 del RGPD.\u00a0<\/span><\/p>\n<p><span style=\"font-weight: 400;\">Per ulteriori informazioni, consulta la nostra <\/span><b>Informativa sulla privacy<\/b><span style=\"font-weight: 400;\">.<\/span><\/p>\n<h3><b>Legislazione applicabile e giurisdizione<\/b><\/h3>\n<p><span style=\"font-weight: 400;\">Il presente Avviso Legale \u00e8 soggetto alla legislazione spagnola vigente e applicabile.<\/span><span style=\"font-weight: 400;\"><br \/>\n<\/span><span style=\"font-weight: 400;\">Per la risoluzione di qualsiasi conflitto o controversia che possa derivare dall&#8217;accesso a questo sito web, gli utenti e <\/span><b>IVAN MA\u00d1ERO CLINIC, S.L.<\/b><span style=\"font-weight: 400;\"> si impegnano a sottostare ai tribunali competenti.<\/span><\/p>\n<\/div><\/div><\/div><\/div><\/div><\/div><\/section>\n","protected":false},"excerpt":{"rendered":"AVVISO LEGALE Identit\u00e0 del responsabile Denominazione sociale: IVAN MA\u00d1ERO CLINIC, S.L. Nome commerciale: IVAN MA\u00d1ERO CLINIC, S.L. Partita IVA\/codice fiscale: B65842502 Indirizzo: IVAN MA\u00d1ERO CLINIC, S.L. \u2013 C\/ V\u00edctor Hugo, 24 \u2013 08174 Sant Cugat del Vall\u00e8s (Barcellona) E-mail: info@ivanmanero.com Iscrizione nel Registro dei centri, servizi e strutture sanitarie della Catalogna con il numero: H0898590...","protected":false},"author":2,"featured_media":0,"parent":0,"menu_order":0,"comment_status":"closed","ping_status":"closed","template":"","meta":{"_acf_changed":false,"footnotes":""},"class_list":["post-66026","page","type-page","status-publish","hentry"],"acf":[],"yoast_head":"<!-- This site is optimized with the Yoast SEO plugin v26.4 - https:\/\/yoast.com\/wordpress\/plugins\/seo\/ -->\n<title>Avviso legale | IM GENDER<\/title>\n<meta name=\"description\" content=\"Avviso Legale di IM GENDER, l&#039;Unit\u00e0 di Genere di IM CLINIC. Oltre 20 anni di esperienza e successi nella chirurgia di affermazione di genere.\" \/>\n<meta name=\"robots\" content=\"noindex, nofollow\" \/>\n<meta property=\"og:locale\" content=\"it_IT\" \/>\n<meta property=\"og:type\" content=\"article\" \/>\n<meta property=\"og:title\" content=\"Avviso legale | IM GENDER\" \/>\n<meta property=\"og:description\" content=\"Avviso Legale di IM GENDER, l&#039;Unit\u00e0 di Genere di IM CLINIC. Oltre 20 anni di esperienza e successi nella chirurgia di affermazione di genere.\" \/>\n<meta property=\"og:url\" content=\"https:\/\/imgender.com\/it\/avviso-legale\/\" \/>\n<meta property=\"og:site_name\" content=\"IM GENDER\" \/>\n<meta property=\"article:modified_time\" content=\"2025-11-11T06:23:44+00:00\" \/>\n<meta property=\"og:image\" content=\"https:\/\/imgender.com\/wp-content\/uploads\/2025\/11\/vaginoplastia-110-110.jpg\" \/>\n\t<meta property=\"og:image:width\" content=\"110\" \/>\n\t<meta property=\"og:image:height\" content=\"110\" \/>\n\t<meta property=\"og:image:type\" content=\"image\/jpeg\" \/>\n<meta name=\"twitter:card\" content=\"summary_large_image\" \/>\n<meta name=\"twitter:label1\" content=\"Tempo di lettura stimato\" \/>\n\t<meta name=\"twitter:data1\" content=\"7 minuti\" \/>\n<!-- \/ Yoast SEO plugin. -->","yoast_head_json":{"title":"Avviso legale | IM GENDER","description":"Avviso Legale di IM GENDER, l'Unit\u00e0 di Genere di IM CLINIC. Oltre 20 anni di esperienza e successi nella chirurgia di affermazione di genere.","robots":{"index":"noindex","follow":"nofollow"},"og_locale":"it_IT","og_type":"article","og_title":"Avviso legale | IM GENDER","og_description":"Avviso Legale di IM GENDER, l'Unit\u00e0 di Genere di IM CLINIC. Oltre 20 anni di esperienza e successi nella chirurgia di affermazione di genere.","og_url":"https:\/\/imgender.com\/it\/avviso-legale\/","og_site_name":"IM GENDER","article_modified_time":"2025-11-11T06:23:44+00:00","og_image":[{"width":110,"height":110,"url":"https:\/\/imgender.com\/wp-content\/uploads\/2025\/11\/vaginoplastia-110-110.jpg","type":"image\/jpeg"}],"twitter_card":"summary_large_image","twitter_misc":{"Tempo di lettura stimato":"7 minuti"},"schema":{"@context":"https:\/\/schema.org","@graph":[{"@type":"WebPage","@id":"https:\/\/imgender.com\/it\/avviso-legale\/","url":"https:\/\/imgender.com\/it\/avviso-legale\/","name":"Avviso legale | IM GENDER","isPartOf":{"@id":"https:\/\/imgender.com\/it\/#website"},"datePublished":"2021-03-29T11:57:42+00:00","dateModified":"2025-11-11T06:23:44+00:00","description":"Avviso Legale di IM GENDER, l'Unit\u00e0 di Genere di IM CLINIC. Oltre 20 anni di esperienza e successi nella chirurgia di affermazione di genere.","breadcrumb":{"@id":"https:\/\/imgender.com\/it\/avviso-legale\/#breadcrumb"},"inLanguage":"it-IT","potentialAction":[{"@type":"ReadAction","target":["https:\/\/imgender.com\/it\/avviso-legale\/"]}]},{"@type":"BreadcrumbList","@id":"https:\/\/imgender.com\/it\/avviso-legale\/#breadcrumb","itemListElement":[{"@type":"ListItem","position":1,"name":"Portada","item":"https:\/\/imgender.com\/it\/"},{"@type":"ListItem","position":2,"name":"Avviso legale"}]},{"@type":"WebSite","@id":"https:\/\/imgender.com\/it\/#website","url":"https:\/\/imgender.com\/it\/","name":"IM GENDER","description":"Unidad de Cirug\u00eda de G\u00e9nero de IM CLINIC","publisher":{"@id":"https:\/\/imgender.com\/it\/#organization"},"alternateName":"IM GENDER","potentialAction":[{"@type":"SearchAction","target":{"@type":"EntryPoint","urlTemplate":"https:\/\/imgender.com\/it\/?s={search_term_string}"},"query-input":{"@type":"PropertyValueSpecification","valueRequired":true,"valueName":"search_term_string"}}],"inLanguage":"it-IT"},{"@type":"Organization","@id":"https:\/\/imgender.com\/it\/#organization","name":"IM GENDER","url":"https:\/\/imgender.com\/it\/","logo":{"@type":"ImageObject","inLanguage":"it-IT","@id":"https:\/\/imgender.com\/it\/#\/schema\/logo\/image\/","url":"https:\/\/imgender.com\/wp-content\/uploads\/2021\/03\/imclinic_gender.png","contentUrl":"https:\/\/imgender.com\/wp-content\/uploads\/2021\/03\/imclinic_gender.png","width":150,"height":151,"caption":"IM GENDER"},"image":{"@id":"https:\/\/imgender.com\/it\/#\/schema\/logo\/image\/"}}]}},"_links":{"self":[{"href":"https:\/\/imgender.com\/it\/wp-json\/wp\/v2\/pages\/66026","targetHints":{"allow":["GET"]}}],"collection":[{"href":"https:\/\/imgender.com\/it\/wp-json\/wp\/v2\/pages"}],"about":[{"href":"https:\/\/imgender.com\/it\/wp-json\/wp\/v2\/types\/page"}],"author":[{"embeddable":true,"href":"https:\/\/imgender.com\/it\/wp-json\/wp\/v2\/users\/2"}],"replies":[{"embeddable":true,"href":"https:\/\/imgender.com\/it\/wp-json\/wp\/v2\/comments?post=66026"}],"version-history":[{"count":0,"href":"https:\/\/imgender.com\/it\/wp-json\/wp\/v2\/pages\/66026\/revisions"}],"wp:attachment":[{"href":"https:\/\/imgender.com\/it\/wp-json\/wp\/v2\/media?parent=66026"}],"curies":[{"name":"wp","href":"https:\/\/api.w.org\/{rel}","templated":true}]}}