{"id":66271,"date":"2021-02-22T13:01:58","date_gmt":"2021-02-22T11:01:58","guid":{"rendered":"https:\/\/imgender.com\/trans-family\/familias-trans\/"},"modified":"2025-11-12T10:49:11","modified_gmt":"2025-11-12T09:49:11","slug":"famiglie-trans","status":"publish","type":"page","link":"https:\/\/imgender.com\/it\/trans-family\/famiglie-trans\/","title":{"rendered":"Famiglie"},"content":{"rendered":"<section class=\"l-section wpb_row us_custom_415adced height_medium\"><div class=\"l-section-overlay\" style=\"background:linear-gradient(86deg, rgba(0,0,0,0.25) 0%,rgba(0,0,0,0.44) 100%)\"><\/div><div class=\"l-section-h i-cf\"><div class=\"g-cols vc_row via_grid cols_1 laptops-cols_inherit tablets-cols_inherit mobiles-cols_1 valign_bottom type_default stacking_default\"><div class=\"wpb_column vc_column_container\"><div class=\"vc_column-inner\"><div class=\"g-cols wpb_row via_grid cols_2 laptops-cols_inherit tablets-cols_inherit mobiles-cols_1 valign_bottom type_default stacking_default\" style=\"--columns-gap:3rem;\"><div class=\"wpb_column vc_column_container us_custom_00d74670\"><div class=\"vc_column-inner\"><h1 class=\"w-text us_custom_31a17851 has_text_color\"><span class=\"w-text-h\"><span class=\"w-text-value\">Famiglie <\/span><\/span><\/h1><div class=\"wpb_text_column us_custom_a6a222d3 has_text_color\"><div class=\"wpb_wrapper\"><p>Il corpo in cui nasciamo non determina l&#8217;identit\u00e0 di genere di una persona. Non tutti rientrano nelle due categorie tradizionali, vale a dire uomo o donna. Esistono molte variabili, tra cui tratti fisici, genetici e soprattutto la percezione personale della propria identit\u00e0 e della propria espressione di genere, che danno origine a diverse possibilit\u00e0.<\/p>\n<\/div><\/div><\/div><\/div><div class=\"wpb_column vc_column_container\"><div class=\"vc_column-inner\"><\/div><\/div><\/div><\/div><\/div><\/div><\/div><\/section><section class=\"l-section wpb_row algunos-conceptos height_medium\"><div class=\"l-section-h i-cf\"><div class=\"g-cols vc_row via_grid cols_1 laptops-cols_inherit tablets-cols_inherit mobiles-cols_1 valign_top type_default stacking_default\"><div class=\"wpb_column vc_column_container us_custom_db4a5569\"><div class=\"vc_column-inner\"><p class=\"w-text us_custom_63d863aa has_text_color\"><span class=\"w-text-h\"><span class=\"w-text-value\">L&#8217;identit\u00e0 di genere, l&#8217;orientamento sessuale o l&#8217;espressione di genere non sono sempre vincolati al sesso che ci \u00e8 stato assegnato alla nascita.<\/span><\/span><\/p><h2 class=\"w-text us_custom_0ea887a2 has_text_color\"><span class=\"w-text-h\"><span class=\"w-text-value\">ALCUNI CONCETTI<\/span><\/span><\/h2><div class=\"g-cols wpb_row via_grid cols_3 laptops-cols_inherit tablets-cols_inherit mobiles-cols_1 valign_top type_default stacking_default\" style=\"--columns-gap:5%;\"><div class=\"wpb_column vc_column_container\"><div class=\"vc_column-inner\"><div class=\"w-iconbox us_custom_f49a2abc algunos-conceptos_caja has_text_color iconpos_top style_default color_primary align_center\"><div class=\"w-iconbox-icon\" style=\"font-size:2rem;\"><i class=\"far fa-address-book\"><\/i><\/div><div class=\"w-iconbox-meta\"><h3 class=\"w-iconbox-title\" style=\"font-size:14px;\">Identit\u00e0 di genere <\/h3><div class=\"w-iconbox-text\"><p>L&#8217;identit\u00e0 di genere di una persona si riferisce alla consapevolezza di essere uomo, donna, entrambi o nessuna di queste categorie (identit\u00e0 transgender non binarie).<\/p>\n<\/div><\/div><\/div><\/div><\/div><div class=\"wpb_column vc_column_container\"><div class=\"vc_column-inner\"><div class=\"w-iconbox us_custom_2db330c7 algunos-conceptos_caja has_text_color iconpos_top style_default color_primary align_center\"><div class=\"w-iconbox-icon\" style=\"font-size:2rem;\"><i class=\"far fa-puzzle-piece\"><\/i><\/div><div class=\"w-iconbox-meta\"><h3 class=\"w-iconbox-title\" style=\"font-size:14px;\">Orientamento sessuale <\/h3><div class=\"w-iconbox-text\"><p><span style=\"font-weight: 400;\">L&#8217;orientamento sessuale \u00e8 l&#8217;attrazione romantica o sessuale che proviamo verso altre persone.<\/span><\/p>\n<\/div><\/div><\/div><\/div><\/div><div class=\"wpb_column vc_column_container\"><div class=\"vc_column-inner\"><div class=\"w-iconbox us_custom_bc1a5739 algunos-conceptos_caja has_text_color iconpos_top style_default color_primary align_center\"><div class=\"w-iconbox-icon\" style=\"font-size:2rem;\"><i class=\"far fa-users\"><\/i><\/div><div class=\"w-iconbox-meta\"><h3 class=\"w-iconbox-title\" style=\"font-size:14px;\">Espressione di genere <\/h3><div class=\"w-iconbox-text\"><p>L&#8217;espressione di genere \u00e8 il modo in cui ci presentiamo al mondo attraverso il nostro aspetto, il modo di vestirci, pettinarci, giocare, ecc.<\/p>\n<\/div><\/div><\/div><\/div><\/div><\/div><\/div><\/div><\/div><\/div><\/section><section class=\"l-section wpb_row us_custom_f41fde9c height_medium\"><div class=\"l-section-h i-cf\"><div class=\"g-cols vc_row via_grid cols_1 laptops-cols_inherit tablets-cols_inherit mobiles-cols_1 valign_top type_default stacking_default\"><div class=\"wpb_column vc_column_container\"><div class=\"vc_column-inner\"><div class=\"g-cols wpb_row via_grid cols_2 laptops-cols_inherit tablets-cols_inherit mobiles-cols_1 valign_top type_default stacking_default\" style=\"--columns-gap:3rem;\"><div class=\"wpb_column vc_column_container us_custom_39724da5 has_bg_color\"><div class=\"vc_column-inner\"><h2 class=\"w-text us_custom_f31cb195 has_text_color\"><span class=\"w-text-h\"><span class=\"w-text-value\">IM GENDER<\/span><\/span><\/h2><h2 class=\"w-text us_custom_d685009a has_text_color\"><span class=\"w-text-h\"><span class=\"w-text-value\">I\/le nostri\/e figli\/e trans<\/span><\/span><\/h2><div class=\"wpb_text_column us_custom_a01bbec2 has_text_color\"><div class=\"wpb_wrapper\"><p><span style=\"font-weight: 400;\">Ci sono bambini\/e e adolescenti che si identificano con un genere diverso da quello assegnato alla nascita. Chiedono che ci si rivolga a loro con un nome differente da quello di nascita e desiderano vestirsi o pettinarsi in linea con il genere in cui si riconoscono (bambini e bambine trans). Altri, invece, manifestano semplicemente comportamenti (espressione di genere) che rompono gli schemi mentali che ancora oggi abbiamo su come dovrebbe giocare, comportarsi o vestirsi un bambino o una bambina. Le identit\u00e0 transgender non binarie sono molto variegate e molte volte si sentono pi\u00f9 a proprio agio riferendosi a s\u00e9 stess\u025c utilizzando un genere neutro: in questo caso si parla di &#8220;bambin\u025c&#8221;.<\/span><\/p>\n<p><span style=\"font-weight: 400;\">Qualunque sia il caso, ci\u00f2 che conta \u00e8 <\/span><b>rispettare l&#8217;identit\u00e0 di genere o l&#8217;espressione di genere dei propri figli.<\/b><span style=\"font-weight: 400;\"> Rispettare non significa altro che amarli cos\u00ec come sono e accompagnarli in quel processo chiamato transizione, un percorso che, a seconda delle necessit\u00e0 di ognuno, si svilupper\u00e0 in modi diversi.<\/span><\/p>\n<p><span style=\"font-weight: 400;\">La transizione \u00e8 il percorso che questi bambini intraprendono per essere riconosciuti, in famiglia e nella societ\u00e0, como appartenenti al genere che sentono proprio, e non a quello assegnato loro al momento della nascita. Nella maggior parte dei casi, sono le famiglie e le persone pi\u00f9 vicine a loro ad accompagnarli in questo percorso di transizione, imparando, tra le altre cose, a utilizzare il nome con cui si sentono identificati. La loro risposta emotiva dipender\u00e0 da molti fattori tra cui l&#8217;educazione, i valori, le credenze, ma anche dalle aspettative che la famiglia nutre nei loro confronti.<\/span><\/p>\n<\/div><\/div><\/div><\/div><div class=\"wpb_column vc_column_container\"><div class=\"vc_column-inner\"><\/div><\/div><\/div><\/div><\/div><\/div><\/div><\/section><section class=\"l-section wpb_row us_custom_0e858462 height_medium\"><div class=\"l-section-h i-cf\"><div class=\"g-cols vc_row via_grid cols_1 laptops-cols_inherit tablets-cols_inherit mobiles-cols_1 valign_top type_default stacking_default\"><div class=\"wpb_column vc_column_container us_custom_eb849559\"><div class=\"vc_column-inner\"><h2 class=\"w-text us_custom_8cc70a4d has_text_color\"><span class=\"w-text-h\"><span class=\"w-text-value\">LE NECESSIT\u00c0 DEI\/DELLE NOSTRI\/E FIGLI\/E<\/span><\/span><\/h2><div class=\"g-cols wpb_row via_grid cols_custom laptops-cols_inherit tablets-cols_inherit mobiles-cols_1 valign_top type_default stacking_default\" style=\"--columns-gap:3rem;--custom-columns:1fr 1fr 2fr\"><div class=\"wpb_column vc_column_container\"><div class=\"vc_column-inner\"><div class=\"w-image align_none\"><div class=\"w-image-h\"><img decoding=\"async\" width=\"600\" height=\"400\" src=\"https:\/\/imgender.com\/wp-content\/uploads\/2021\/02\/familia-no-binaria.jpg\" class=\"attachment-large size-large\" alt=\"Familias no binarias\" loading=\"lazy\" srcset=\"https:\/\/imgender.com\/wp-content\/uploads\/2021\/02\/familia-no-binaria.jpg 600w, https:\/\/imgender.com\/wp-content\/uploads\/2021\/02\/familia-no-binaria-300x200.jpg 300w, https:\/\/imgender.com\/wp-content\/uploads\/2021\/02\/familia-no-binaria-480x320.jpg 480w\" sizes=\"auto, (max-width: 600px) 100vw, 600px\" \/><\/div><\/div><\/div><\/div><div class=\"wpb_column vc_column_container\"><div class=\"vc_column-inner\"><div class=\"wpb_text_column us_custom_62104b76 has_text_color\"><div class=\"wpb_wrapper\"><p style=\"text-align: left;\"><span style=\"font-weight: 400;\">Qualunque siano le necessit\u00e0 riguardo al percorso da intraprendere, l&#8217;unica scelta valida \u00e8 il rispetto per ci\u00f2 di cui ogni persona e famiglia ha bisogno.<\/span><\/p>\n<\/div><\/div><\/div><\/div><div class=\"wpb_column vc_column_container\"><div class=\"vc_column-inner\"><div class=\"wpb_text_column us_custom_abd1c771 has_text_color\"><div class=\"wpb_wrapper\"><p><span style=\"font-weight: 400;\">A seconda dell&#8217;et\u00e0, delle circostanze personali e dell&#8217;ambiente circostante, le necessit\u00e0 possono essere diverse.<\/span><\/p>\n<p><b>Durante l&#8217;infanzia<\/b><span style=\"font-weight: 400;\">\u00a0<\/span><\/p>\n<p><span style=\"font-weight: 400;\">Durante l&#8217;infanzia, le identit\u00e0 transgender non binarie, cos\u00ec come i bambini e le bambine trans, hanno bisogno soltanto di <\/span><b>amore incondizionato e del sostegno<\/b><span style=\"font-weight: 400;\"> delle loro famiglie, dell&#8217;ambiente circostante e della scuola.<\/span><\/p>\n<p><b>Durante l&#8217;adolescenza<\/b><\/p>\n<ul>\n<li style=\"font-weight: 400;\" aria-level=\"1\"><span style=\"font-weight: 400;\">\u00c8 possibile che desiderino o meno accedere a un trattamento endocrino.<\/span><\/li>\n<li style=\"font-weight: 400;\" aria-level=\"1\"><span style=\"font-weight: 400;\">Che richiedano o meno un accompagnamento psicologico.<\/span><\/li>\n<li style=\"font-weight: 400;\" aria-level=\"1\"><span style=\"font-weight: 400;\">Che sentano o meno la necessit\u00e0 di rendere visibile la propria identit\u00e0 di genere.<\/span><\/li>\n<li style=\"font-weight: 400;\" aria-level=\"1\"><span style=\"font-weight: 400;\">Che chiedano o meno di entrare in contatto con gruppi di auto-aiuto.<\/span><\/li>\n<li style=\"font-weight: 400;\" aria-level=\"1\"><span style=\"font-weight: 400;\">Che considerino pi\u00f9 o meno importante la conservazione della propria fertilit\u00e0.<\/span><\/li>\n<li style=\"font-weight: 400;\" aria-level=\"1\"><span style=\"font-weight: 400;\">Che desiderino o meno sottoporsi a interventi chirurgici.<\/span><\/li>\n<\/ul>\n<p><span style=\"font-weight: 400;\">Tutto ci\u00f2 rientra pienamente in quello che potremmo considerare normalit\u00e0.<\/span><\/p>\n<\/div><\/div><\/div><\/div><\/div><\/div><\/div><\/div><\/div><\/section><section class=\"l-section wpb_row us_custom_829d1f60 height_medium\"><div class=\"l-section-overlay\" style=\"background:linear-gradient(180deg, rgba(0,0,0,0.58) 0%,rgba(0,0,0,0.43) 100%)\"><\/div><div class=\"l-section-h i-cf\"><div class=\"g-cols vc_row via_grid cols_1 laptops-cols_inherit tablets-cols_inherit mobiles-cols_1 valign_top type_default stacking_default\"><div class=\"wpb_column vc_column_container us_custom_5ad72b88\"><div class=\"vc_column-inner\"><p class=\"w-text us_custom_874b4bff has_text_color\"><span class=\"w-text-h\"><span class=\"w-text-value\">Vuoi raccontarci la tua esperienza come famiglia? Desideri contattarci per chiarire eventuali dubbi?<\/span><\/span><\/p><div class=\"g-cols wpb_row via_grid cols_1 laptops-cols_inherit tablets-cols_inherit mobiles-cols_1 valign_top type_default stacking_default\" style=\"--columns-gap:3rem;\"><div class=\"wpb_column vc_column_container us_custom_eb849559\"><div class=\"vc_column-inner\"><div class=\"w-btn-wrapper align_none\"><a class=\"w-btn us-btn-style_3 us_custom_a3d5695e\" href=\"\/it\/contatto\/\"><span class=\"w-btn-label\">La tua esperienza<\/span><\/a><\/div><\/div><\/div><\/div><\/div><\/div><\/div><\/div><\/section><section class=\"l-section wpb_row height_medium\"><div class=\"l-section-h i-cf\"><div class=\"g-cols vc_row via_grid cols_1 laptops-cols_inherit tablets-cols_inherit mobiles-cols_1 valign_top type_default stacking_default\"><div class=\"wpb_column vc_column_container us_custom_eb849559\"><div class=\"vc_column-inner\"><section class=\"l-section wpb_row us_custom_2af29b77 title_testimonios height_medium\"><div class=\"l-section-h i-cf\"><div class=\"g-cols vc_row via_grid cols_1 laptops-cols_inherit tablets-cols_inherit mobiles-cols_1 valign_top type_default stacking_default\"><div class=\"wpb_column vc_column_container us_custom_eb849559\"><div class=\"vc_column-inner\"><p class=\"w-text us_custom_e707f37a has_text_color\"><span class=\"w-text-h\"><span class=\"w-text-value\">TESTIMONIANZE DEI <strong>NOSTRI PAZIENTI<\/strong><\/span><\/span><\/p><div class=\"w-html\"><div data-src=\"https:\/\/cdn.trustindex.io\/loader.js?579b6b858c220527e136e7c85d1\"><\/div><\/div><\/div><\/div><\/div><\/div><\/section>\n<\/div><\/div><\/div><\/div><\/section>\n","protected":false},"excerpt":{"rendered":"Famiglie Il corpo in cui nasciamo non determina l&#8217;identit\u00e0 di genere di una persona. Non tutti rientrano nelle due categorie tradizionali, vale a dire uomo o donna. Esistono molte variabili, tra cui tratti fisici, genetici e soprattutto la percezione personale della propria identit\u00e0 e della propria espressione di genere, che danno origine a diverse possibilit\u00e0....","protected":false},"author":2,"featured_media":0,"parent":65851,"menu_order":0,"comment_status":"closed","ping_status":"closed","template":"","meta":{"_acf_changed":false,"footnotes":""},"class_list":["post-66271","page","type-page","status-publish","hentry"],"acf":[],"yoast_head":"<!-- This site is optimized with the Yoast SEO plugin v26.4 - https:\/\/yoast.com\/wordpress\/plugins\/seo\/ -->\n<title>Famiglie - IM GENDER<\/title>\n<meta name=\"description\" content=\"Family Trans \u00e8 pensato per offrire informazioni a educatori e famiglie, affinch\u00e9 possano affrontare il tema dell&#039;identit\u00e0 sessuale e della transessualit\u00e0 con naturalezza.\" \/>\n<meta name=\"robots\" content=\"index, follow, max-snippet:-1, max-image-preview:large, max-video-preview:-1\" \/>\n<link rel=\"canonical\" href=\"https:\/\/imgender.com\/it\/trans-family\/famiglie-trans\/\" \/>\n<meta property=\"og:locale\" content=\"it_IT\" \/>\n<meta property=\"og:type\" content=\"article\" \/>\n<meta property=\"og:title\" content=\"Famiglie - IM GENDER\" \/>\n<meta property=\"og:description\" content=\"Family Trans \u00e8 pensato per offrire informazioni a educatori e famiglie, affinch\u00e9 possano affrontare il tema dell&#039;identit\u00e0 sessuale e della transessualit\u00e0 con naturalezza.\" \/>\n<meta property=\"og:url\" content=\"https:\/\/imgender.com\/it\/trans-family\/famiglie-trans\/\" \/>\n<meta property=\"og:site_name\" content=\"IM GENDER\" \/>\n<meta property=\"article:modified_time\" content=\"2025-11-12T09:49:11+00:00\" \/>\n<meta property=\"og:image\" content=\"https:\/\/imgender.com\/wp-content\/uploads\/2025\/11\/vaginoplastia-110-110.jpg\" \/>\n\t<meta property=\"og:image:width\" content=\"110\" \/>\n\t<meta property=\"og:image:height\" content=\"110\" \/>\n\t<meta property=\"og:image:type\" content=\"image\/jpeg\" \/>\n<meta name=\"twitter:card\" content=\"summary_large_image\" \/>\n<meta name=\"twitter:label1\" content=\"Tempo di lettura stimato\" \/>\n\t<meta name=\"twitter:data1\" content=\"4 minuti\" \/>\n<!-- \/ Yoast SEO plugin. -->","yoast_head_json":{"title":"Famiglie - IM GENDER","description":"Family Trans \u00e8 pensato per offrire informazioni a educatori e famiglie, affinch\u00e9 possano affrontare il tema dell'identit\u00e0 sessuale e della transessualit\u00e0 con naturalezza.","robots":{"index":"index","follow":"follow","max-snippet":"max-snippet:-1","max-image-preview":"max-image-preview:large","max-video-preview":"max-video-preview:-1"},"canonical":"https:\/\/imgender.com\/it\/trans-family\/famiglie-trans\/","og_locale":"it_IT","og_type":"article","og_title":"Famiglie - IM GENDER","og_description":"Family Trans \u00e8 pensato per offrire informazioni a educatori e famiglie, affinch\u00e9 possano affrontare il tema dell'identit\u00e0 sessuale e della transessualit\u00e0 con naturalezza.","og_url":"https:\/\/imgender.com\/it\/trans-family\/famiglie-trans\/","og_site_name":"IM GENDER","article_modified_time":"2025-11-12T09:49:11+00:00","og_image":[{"width":110,"height":110,"url":"https:\/\/imgender.com\/wp-content\/uploads\/2025\/11\/vaginoplastia-110-110.jpg","type":"image\/jpeg"}],"twitter_card":"summary_large_image","twitter_misc":{"Tempo di lettura stimato":"4 minuti"},"schema":{"@context":"https:\/\/schema.org","@graph":[{"@type":"WebPage","@id":"https:\/\/imgender.com\/it\/trans-family\/famiglie-trans\/","url":"https:\/\/imgender.com\/it\/trans-family\/famiglie-trans\/","name":"Famiglie - IM GENDER","isPartOf":{"@id":"https:\/\/imgender.com\/it\/#website"},"datePublished":"2021-02-22T11:01:58+00:00","dateModified":"2025-11-12T09:49:11+00:00","description":"Family Trans \u00e8 pensato per offrire informazioni a educatori e famiglie, affinch\u00e9 possano affrontare il tema dell'identit\u00e0 sessuale e della transessualit\u00e0 con naturalezza.","breadcrumb":{"@id":"https:\/\/imgender.com\/it\/trans-family\/famiglie-trans\/#breadcrumb"},"inLanguage":"it-IT","potentialAction":[{"@type":"ReadAction","target":["https:\/\/imgender.com\/it\/trans-family\/famiglie-trans\/"]}]},{"@type":"BreadcrumbList","@id":"https:\/\/imgender.com\/it\/trans-family\/famiglie-trans\/#breadcrumb","itemListElement":[{"@type":"ListItem","position":1,"name":"Portada","item":"https:\/\/imgender.com\/it\/"},{"@type":"ListItem","position":2,"name":"Trans family","item":"https:\/\/imgender.com\/it\/trans-family\/"},{"@type":"ListItem","position":3,"name":"Famiglie"}]},{"@type":"WebSite","@id":"https:\/\/imgender.com\/it\/#website","url":"https:\/\/imgender.com\/it\/","name":"IM GENDER","description":"Unidad de Cirug\u00eda de G\u00e9nero de IM CLINIC","publisher":{"@id":"https:\/\/imgender.com\/it\/#organization"},"alternateName":"IM GENDER","potentialAction":[{"@type":"SearchAction","target":{"@type":"EntryPoint","urlTemplate":"https:\/\/imgender.com\/it\/?s={search_term_string}"},"query-input":{"@type":"PropertyValueSpecification","valueRequired":true,"valueName":"search_term_string"}}],"inLanguage":"it-IT"},{"@type":"Organization","@id":"https:\/\/imgender.com\/it\/#organization","name":"IM GENDER","url":"https:\/\/imgender.com\/it\/","logo":{"@type":"ImageObject","inLanguage":"it-IT","@id":"https:\/\/imgender.com\/it\/#\/schema\/logo\/image\/","url":"https:\/\/imgender.com\/wp-content\/uploads\/2021\/03\/imclinic_gender.png","contentUrl":"https:\/\/imgender.com\/wp-content\/uploads\/2021\/03\/imclinic_gender.png","width":150,"height":151,"caption":"IM GENDER"},"image":{"@id":"https:\/\/imgender.com\/it\/#\/schema\/logo\/image\/"}}]}},"_links":{"self":[{"href":"https:\/\/imgender.com\/it\/wp-json\/wp\/v2\/pages\/66271","targetHints":{"allow":["GET"]}}],"collection":[{"href":"https:\/\/imgender.com\/it\/wp-json\/wp\/v2\/pages"}],"about":[{"href":"https:\/\/imgender.com\/it\/wp-json\/wp\/v2\/types\/page"}],"author":[{"embeddable":true,"href":"https:\/\/imgender.com\/it\/wp-json\/wp\/v2\/users\/2"}],"replies":[{"embeddable":true,"href":"https:\/\/imgender.com\/it\/wp-json\/wp\/v2\/comments?post=66271"}],"version-history":[{"count":0,"href":"https:\/\/imgender.com\/it\/wp-json\/wp\/v2\/pages\/66271\/revisions"}],"up":[{"embeddable":true,"href":"https:\/\/imgender.com\/it\/wp-json\/wp\/v2\/pages\/65851"}],"wp:attachment":[{"href":"https:\/\/imgender.com\/it\/wp-json\/wp\/v2\/media?parent=66271"}],"curies":[{"name":"wp","href":"https:\/\/api.w.org\/{rel}","templated":true}]}}