{"id":66291,"date":"2021-01-28T14:47:51","date_gmt":"2021-01-28T12:47:51","guid":{"rendered":"https:\/\/imgender.com\/unidad-de-genero\/"},"modified":"2025-11-12T12:28:34","modified_gmt":"2025-11-12T11:28:34","slug":"unita-di-genere","status":"publish","type":"page","link":"https:\/\/imgender.com\/it\/unita-di-genere\/","title":{"rendered":"UNIT\u00c0 DI GENERE"},"content":{"rendered":"<section class=\"l-section wpb_row us_custom_9704d7c1 height_medium\"><div class=\"l-section-h i-cf\"><div class=\"g-cols vc_row via_grid cols_1 laptops-cols_inherit tablets-cols_inherit mobiles-cols_1 valign_top type_default stacking_default\"><div class=\"wpb_column vc_column_container\"><div class=\"vc_column-inner\"><div class=\"g-cols wpb_row via_grid cols_2 laptops-cols_inherit tablets-cols_inherit mobiles-cols_1 valign_top type_default stacking_default\" style=\"--columns-gap:3rem;\"><div class=\"wpb_column vc_column_container\"><div class=\"vc_column-inner\"><\/div><\/div><div class=\"wpb_column vc_column_container\"><div class=\"vc_column-inner\"><h1 class=\"w-text us_custom_34284691 has_text_color\"><span class=\"w-text-h\"><span class=\"w-text-value\">CHE COS&#8217;\u00c8 IM GENDER?<\/span><\/span><\/h1><p class=\"w-text us_custom_70704b4a has_text_color\"><span class=\"w-text-h\"><span class=\"w-text-value\">UNIT\u00c0 DI GENERE<\/span><\/span><\/p><div class=\"wpb_text_column us_custom_7b861111 has_text_color\"><div class=\"wpb_wrapper\"><p><span style=\"font-weight: 400;\">L&#8217;Unit\u00e0 di Genere <\/span><b>IM GENDER<\/b><span style=\"font-weight: 400;\"> di IM CLINIC ha aperto le sue porte nel 1999, diventando un punto di riferimento a livello internazionale nella chirurgia di affermazione di genere (gender affirming surgery). IM GENDER, parte di IM CLINIC, assiste persone trans che hanno deciso di sottoporsi a un intervento di chirurgia plastica del viso, del corpo, del seno o dei genitali.<\/span><\/p>\n<\/div><\/div><\/div><\/div><\/div><\/div><\/div><\/div><\/div><\/section><section class=\"l-section wpb_row us_custom_991a26e2 height_medium\"><div class=\"l-section-h i-cf\"><div class=\"g-cols vc_row via_grid cols_1 laptops-cols_inherit tablets-cols_inherit mobiles-cols_1 valign_top type_default stacking_default\"><div class=\"wpb_column vc_column_container\"><div class=\"vc_column-inner\"><h2 class=\"w-text us_custom_b18782fb has_text_color\"><span class=\"w-text-h\"><span class=\"w-text-value\">IM GENDER, la clinica di riassegnazione di genere pi\u00f9 avanzata che esista<\/span><\/span><\/h2><\/div><\/div><\/div><\/div><\/section><section class=\"l-section wpb_row us_custom_b6a72ce1 fondo-mitad height_medium\"><div class=\"l-section-h i-cf\"><div class=\"g-cols vc_row via_grid cols_1 laptops-cols_inherit tablets-cols_inherit mobiles-cols_1 valign_top type_default stacking_default\"><div class=\"wpb_column vc_column_container\"><div class=\"vc_column-inner\"><div class=\"g-cols wpb_row via_grid cols_2 laptops-cols_inherit tablets-cols_inherit mobiles-cols_1 valign_top type_default stacking_default\" style=\"--columns-gap:0px;\"><div class=\"wpb_column vc_column_container us_custom_50c213e2 has_bg_color\"><div class=\"vc_column-inner\"><h2 class=\"w-text us_custom_f4aa1d48 has_text_color\"><span class=\"w-text-h\"><span class=\"w-text-value\">Unit\u00e0 di Genere<\/span><\/span><\/h2><div class=\"wpb_text_column us_custom_fa51adb7 has_text_color\"><div class=\"wpb_wrapper\"><p><span style=\"font-weight: 400;\">IM GENDER usufruisce di tutti i vantaggi offerti da IM CLINIC, una clinica pionieristica a livello mondiale per il suo approccio globale e personalizzato all&#8217;assistenza sanitaria. Questo le conferisce caratteristiche distintive che le permettono di offrire un&#8217;assistenza di altissima qualit\u00e0. Oltre all&#8217;eccellenza delle sue strutture, dispone di sale operatorie tra le pi\u00f9 tecnologicamente avanzate d&#8217;Europa e di apparecchiature tra le pi\u00f9 innovative del settore.<\/span><\/p>\n<\/div><\/div><\/div><\/div><div class=\"wpb_column vc_column_container us_custom_6b057cbd has_bg_color\"><div class=\"vc_column-inner\"><div class=\"w-separator size_custom\" style=\"height:276px\"><\/div><\/div><\/div><\/div><\/div><\/div><\/div><\/div><\/section><section class=\"l-section wpb_row us_custom_b6a72ce1 fondo-mitad hide_on_mobiles height_medium\"><div class=\"l-section-h i-cf\"><div class=\"g-cols vc_row via_grid cols_1 laptops-cols_inherit tablets-cols_inherit mobiles-cols_1 valign_top type_default stacking_default\"><div class=\"wpb_column vc_column_container\"><div class=\"vc_column-inner\"><div class=\"w-separator size_custom\" style=\"height:10px\"><\/div><\/div><\/div><\/div><\/div><\/section><section class=\"l-section wpb_row us_custom_812591ac height_medium\"><div class=\"l-section-h i-cf\"><div class=\"g-cols vc_row via_grid cols_1 laptops-cols_inherit tablets-cols_inherit mobiles-cols_1 valign_top type_default stacking_default\"><div class=\"wpb_column vc_column_container\"><div class=\"vc_column-inner\"><\/div><\/div><\/div><\/div><\/section><section class=\"l-section wpb_row us_custom_8355ccfc height_medium\"><div class=\"l-section-h i-cf\"><div class=\"g-cols vc_row via_grid cols_1 laptops-cols_inherit tablets-cols_inherit mobiles-cols_1 valign_top type_default stacking_default\"><div class=\"wpb_column vc_column_container us_custom_887a049b\"><div class=\"vc_column-inner\"><div class=\"g-cols wpb_row us_custom_a3dda067 via_grid cols_1-2-1 laptops-cols_inherit tablets-cols_inherit mobiles-cols_1 valign_top type_default stacking_default\" style=\"--columns-gap:3rem;\"><div class=\"wpb_column vc_column_container\"><div class=\"vc_column-inner\"><\/div><\/div><div class=\"wpb_column vc_column_container us_custom_624bd248 has_bg_color\"><div class=\"vc_column-inner\"><h2 class=\"w-text us_custom_81ad3e9a has_text_color\"><span class=\"w-text-h\"><span class=\"w-text-value\">Esperti in chirurgia di genere<\/span><\/span><\/h2><div class=\"wpb_text_column us_custom_621de7bd has_text_color\"><div class=\"wpb_wrapper\"><p><span style=\"font-weight: 400;\">Senza alcun dubbio, uno dei valori fondamentali che contraddistinguono IM GENDER sono i suoi <\/span><b>oltre 25 anni<\/b><span style=\"font-weight: 400;\"> di esperienza al servizio delle persone trans e non binarie e delle loro necessit\u00e0, cos\u00ec come delle loro famiglie e accompagnatori.<\/span><\/p>\n<p><span style=\"font-weight: 400;\">Noi di IM GENDER sappiamo che, quando si prende la decisione di sottoporsi a un intervento di chirurgia genitale, \u00e8 fondamentale disporre di tutte le informazioni necessarie prima di compiere questo passo, oltre a ricevere tutto il supporto emotivo e psicologico possibile.<\/span><\/p>\n<\/div><\/div><\/div><\/div><div class=\"wpb_column vc_column_container\"><div class=\"vc_column-inner\"><div class=\"w-vwrapper us_custom_1cd42ae2 align_none valign_top\"><div class=\"w-counter us_custom_189183d7 has_text_color color_custom align_left has_font_size\" data-duration=\"2\"><div class=\"w-counter-value\" style=\"color:var(--color-white-color);\"><span class=\"w-counter-value-part type_text\" data-final=\"+\"><\/span><span class=\"w-counter-value-part type_number\" data-final=\"25\">0<\/span><span class=\"w-counter-value-part type_text\" data-final=\"\"><\/span><\/div><h2 class=\"w-counter-title\" style=\"font-size:18px;\">Anni di esperienza<\/h2><\/div><\/div><div class=\"w-vwrapper us_custom_1c3eac4e align_none valign_top\"><div class=\"w-counter us_custom_189183d7 has_text_color color_custom align_left has_font_size\" data-duration=\"2\"><div class=\"w-counter-value\" style=\"color:var(--color-white-color);\"><span class=\"w-counter-value-part type_text\" data-final=\"+\"><\/span><span class=\"w-counter-value-part type_number\" data-final=\"3.100\">0<\/span><span class=\"w-counter-value-part type_text\" data-final=\"\"><\/span><\/div><h2 class=\"w-counter-title\" style=\"font-size:18px;\">Pazienti assistiti<\/h2><\/div><\/div><\/div><\/div><\/div><\/div><\/div><\/div><\/div><\/section><section class=\"l-section wpb_row us_custom_bf65523a height_medium\"><div class=\"l-section-h i-cf\"><div class=\"g-cols vc_row via_grid cols_1 laptops-cols_inherit tablets-cols_inherit mobiles-cols_1 valign_top type_default stacking_default\"><div class=\"wpb_column vc_column_container us_custom_eb849559\"><div class=\"vc_column-inner\"><div class=\"g-cols wpb_row via_grid cols_2 laptops-cols_inherit tablets-cols_inherit mobiles-cols_1 valign_top type_default stacking_default\" style=\"--columns-gap:3rem;\"><div class=\"wpb_column vc_column_container\"><div class=\"vc_column-inner\"><\/div><\/div><div class=\"wpb_column vc_column_container us_custom_14511239\"><div class=\"vc_column-overlay\" style=\"background:rgba(249,249,249,0.64)\"><\/div><div class=\"vc_column-inner\"><h2 class=\"w-text us_custom_bfc2e482 has_text_color\"><span class=\"w-text-h\"><span class=\"w-text-value\">Team IM GENDER<\/span><\/span><\/h2><div class=\"wpb_text_column us_custom_27c45222 has_text_color\"><div class=\"wpb_wrapper\"><p><span style=\"font-weight: 400;\">Tutto il personale di IM GENDER, dal team di assistenza al paziente ai professionisti medici, sanitari, psicologi e fisioterapisti, \u00e8 formato per offrire un&#8217;assistenza sanitaria basata sui diritti umani, sul rispetto e sulla tutela della privacy di ogni paziente, fornendo loro tutte le informazioni necessarie prima, durante e dopo l&#8217;intervento.<\/span><\/p>\n<p><span style=\"font-weight: 400;\">Disponiamo di un numero di emergenza e assistenza attivo 24 ore su 24, 365 giorni all&#8217;anno, per risolvere qualsiasi dubbio o problema possa sorgere una volta dimesso\/a dall&#8217;ospedale.<\/span><\/p>\n<\/div><\/div><\/div><\/div><\/div><\/div><\/div><\/div><\/div><\/section><section class=\"l-section wpb_row us_custom_0e858462 height_medium\"><div class=\"l-section-h i-cf\"><div class=\"g-cols vc_row via_grid cols_1 laptops-cols_inherit tablets-cols_inherit mobiles-cols_1 valign_top type_default stacking_default\"><div class=\"wpb_column vc_column_container us_custom_eb849559\"><div class=\"vc_column-inner\"><h2 class=\"w-text us_custom_8cc70a4d has_text_color\"><span class=\"w-text-h\"><span class=\"w-text-value\">WPATH: Associazione per la salute delle persone trans<\/span><\/span><\/h2><div class=\"g-cols wpb_row via_grid cols_custom laptops-cols_inherit tablets-cols_inherit mobiles-cols_1 valign_top type_default stacking_default\" style=\"--columns-gap:3rem;--custom-columns:1fr 1fr 2fr\"><div class=\"wpb_column vc_column_container\"><div class=\"vc_column-inner\"><div class=\"w-image align_none\"><div class=\"w-image-h\"><img decoding=\"async\" width=\"600\" height=\"555\" src=\"https:\/\/imgender.com\/wp-content\/uploads\/2021\/02\/WPATH-logo-min-1.jpg\" class=\"attachment-large size-large\" alt=\"WPATH\" loading=\"lazy\" srcset=\"https:\/\/imgender.com\/wp-content\/uploads\/2021\/02\/WPATH-logo-min-1.jpg 600w, https:\/\/imgender.com\/wp-content\/uploads\/2021\/02\/WPATH-logo-min-1-300x278.jpg 300w, https:\/\/imgender.com\/wp-content\/uploads\/2021\/02\/WPATH-logo-min-1-480x444.jpg 480w\" sizes=\"auto, (max-width: 600px) 100vw, 600px\" \/><\/div><\/div><\/div><\/div><div class=\"wpb_column vc_column_container\"><div class=\"vc_column-inner\"><div class=\"wpb_text_column us_custom_62104b76 has_text_color\"><div class=\"wpb_wrapper\"><p style=\"text-align: left;\"><strong>L&#8217;Associazione mondiale di professionisti per la promozione della salute delle persone transgender (WPATH \u2013 dall&#8217;inglese <i>World Professional Association for Transgender Health<\/i>) \u00e8 un&#8217;organizzazione professionale dedicata allo studio e al trattamento delle persone transgender.<\/strong><\/p>\n<\/div><\/div><\/div><\/div><div class=\"wpb_column vc_column_container\"><div class=\"vc_column-inner\"><div class=\"wpb_text_column us_custom_abd1c771 has_text_color\"><div class=\"wpb_wrapper\"><p><span style=\"font-weight: 400;\">La WPATH riconosce che la salute dipende non solo da una buona assistenza clinica, ma anche da un contesto sociale e politico in grado di garantire tolleranza, uguaglianza dei diritti e piena cittadinanza. La promozione della salute avviene attraverso politiche pubbliche e riforme legislative che favoriscano il rispetto della diversit\u00e0 sessuale e di genere e l&#8217;uguaglianza dei diritti delle persone trans, eliminando pregiudizi, discriminazione e stigma sociale. La WPATH \u00e8 impegnata nel promuovere e nel sostenere questi cambiamenti a livello politico e legislativo.<\/span><\/p>\n<p><span style=\"font-weight: 400;\">Gli standard di cura proposti dalla WPATH sono flessibili, per soddisfare le diverse esigenze sanitarie delle persone trans e con variabilit\u00e0 di genere. I criteri proposti per i trattamenti chirurgici rappresentano delle linee guida che i professionisti possono adattare a seconda delle necessit\u00e0, tenendo conto di aspetti anatomici, sociali o psicologici. Queste alternative devono essere riconosciute come tali, spiegate al paziente e documentate tramite il consenso informato, per garantire un&#8217;assistenza di qualit\u00e0 e la tutela legale della persona.<\/span><\/p>\n<\/div><\/div><\/div><\/div><\/div><\/div><\/div><\/div><\/div><\/section><section class=\"l-section wpb_row height_medium\"><div class=\"l-section-h i-cf\"><div class=\"g-cols vc_row via_grid cols_1 laptops-cols_inherit tablets-cols_inherit mobiles-cols_1 valign_top type_default stacking_default\"><div class=\"wpb_column vc_column_container\"><div class=\"vc_column-inner\"><section class=\"l-section wpb_row us_custom_2af29b77 title_testimonios height_medium\"><div class=\"l-section-h i-cf\"><div class=\"g-cols vc_row via_grid cols_1 laptops-cols_inherit tablets-cols_inherit mobiles-cols_1 valign_top type_default stacking_default\"><div class=\"wpb_column vc_column_container us_custom_eb849559\"><div class=\"vc_column-inner\"><p class=\"w-text us_custom_e707f37a has_text_color\"><span class=\"w-text-h\"><span class=\"w-text-value\">TESTIMONIANZE DEI <strong>NOSTRI PAZIENTI<\/strong><\/span><\/span><\/p><div class=\"w-html\"><div data-src=\"https:\/\/cdn.trustindex.io\/loader.js?579b6b858c220527e136e7c85d1\"><\/div><\/div><\/div><\/div><\/div><\/div><\/section>\n<\/div><\/div><\/div><\/div><\/section>\n","protected":false},"excerpt":{"rendered":"CHE COS&#8217;\u00c8 IM GENDER?UNIT\u00c0 DI GENEREL&#8217;Unit\u00e0 di Genere IM GENDER di IM CLINIC ha aperto le sue porte nel 1999, diventando un punto di riferimento a livello internazionale nella chirurgia di affermazione di genere (gender affirming surgery). IM GENDER, parte di IM CLINIC, assiste persone trans che hanno deciso di sottoporsi a un intervento di...","protected":false},"author":2,"featured_media":0,"parent":0,"menu_order":0,"comment_status":"closed","ping_status":"closed","template":"","meta":{"_acf_changed":false,"footnotes":""},"class_list":["post-66291","page","type-page","status-publish","hentry"],"acf":[],"yoast_head":"<!-- This site is optimized with the Yoast SEO plugin v26.4 - https:\/\/yoast.com\/wordpress\/plugins\/seo\/ -->\n<title>UNIT\u00c0 DI GENERE | IM GENDER<\/title>\n<meta name=\"description\" content=\"Presso IM GENDER accompagniamo persone trans e non binarie che hanno deciso di sottoporsi a un intervento di chirurgia plastica del viso o del corpo.\" \/>\n<meta name=\"robots\" content=\"index, follow, max-snippet:-1, max-image-preview:large, max-video-preview:-1\" \/>\n<link rel=\"canonical\" href=\"https:\/\/imgender.com\/it\/unita-di-genere\/\" \/>\n<meta property=\"og:locale\" content=\"it_IT\" \/>\n<meta property=\"og:type\" content=\"article\" \/>\n<meta property=\"og:title\" content=\"UNIT\u00c0 DI GENERE | IM GENDER\" \/>\n<meta property=\"og:description\" content=\"Presso IM GENDER accompagniamo persone trans e non binarie che hanno deciso di sottoporsi a un intervento di chirurgia plastica del viso o del corpo.\" \/>\n<meta property=\"og:url\" content=\"https:\/\/imgender.com\/it\/unita-di-genere\/\" \/>\n<meta property=\"og:site_name\" content=\"IM GENDER\" \/>\n<meta property=\"article:modified_time\" content=\"2025-11-12T11:28:34+00:00\" \/>\n<meta property=\"og:image\" content=\"https:\/\/imgender.com\/wp-content\/uploads\/2025\/11\/vaginoplastia-110-110.jpg\" \/>\n\t<meta property=\"og:image:width\" content=\"110\" \/>\n\t<meta property=\"og:image:height\" content=\"110\" \/>\n\t<meta property=\"og:image:type\" content=\"image\/jpeg\" \/>\n<meta name=\"twitter:card\" content=\"summary_large_image\" \/>\n<meta name=\"twitter:label1\" content=\"Tempo di lettura stimato\" \/>\n\t<meta name=\"twitter:data1\" content=\"3 minuti\" \/>\n<!-- \/ Yoast SEO plugin. -->","yoast_head_json":{"title":"UNIT\u00c0 DI GENERE | IM GENDER","description":"Presso IM GENDER accompagniamo persone trans e non binarie che hanno deciso di sottoporsi a un intervento di chirurgia plastica del viso o del corpo.","robots":{"index":"index","follow":"follow","max-snippet":"max-snippet:-1","max-image-preview":"max-image-preview:large","max-video-preview":"max-video-preview:-1"},"canonical":"https:\/\/imgender.com\/it\/unita-di-genere\/","og_locale":"it_IT","og_type":"article","og_title":"UNIT\u00c0 DI GENERE | IM GENDER","og_description":"Presso IM GENDER accompagniamo persone trans e non binarie che hanno deciso di sottoporsi a un intervento di chirurgia plastica del viso o del corpo.","og_url":"https:\/\/imgender.com\/it\/unita-di-genere\/","og_site_name":"IM GENDER","article_modified_time":"2025-11-12T11:28:34+00:00","og_image":[{"width":110,"height":110,"url":"https:\/\/imgender.com\/wp-content\/uploads\/2025\/11\/vaginoplastia-110-110.jpg","type":"image\/jpeg"}],"twitter_card":"summary_large_image","twitter_misc":{"Tempo di lettura stimato":"3 minuti"},"schema":{"@context":"https:\/\/schema.org","@graph":[{"@type":"WebPage","@id":"https:\/\/imgender.com\/it\/unita-di-genere\/","url":"https:\/\/imgender.com\/it\/unita-di-genere\/","name":"UNIT\u00c0 DI GENERE | IM GENDER","isPartOf":{"@id":"https:\/\/imgender.com\/it\/#website"},"datePublished":"2021-01-28T12:47:51+00:00","dateModified":"2025-11-12T11:28:34+00:00","description":"Presso IM GENDER accompagniamo persone trans e non binarie che hanno deciso di sottoporsi a un intervento di chirurgia plastica del viso o del corpo.","breadcrumb":{"@id":"https:\/\/imgender.com\/it\/unita-di-genere\/#breadcrumb"},"inLanguage":"it-IT","potentialAction":[{"@type":"ReadAction","target":["https:\/\/imgender.com\/it\/unita-di-genere\/"]}]},{"@type":"BreadcrumbList","@id":"https:\/\/imgender.com\/it\/unita-di-genere\/#breadcrumb","itemListElement":[{"@type":"ListItem","position":1,"name":"Portada","item":"https:\/\/imgender.com\/it\/"},{"@type":"ListItem","position":2,"name":"UNIT\u00c0 DI GENERE"}]},{"@type":"WebSite","@id":"https:\/\/imgender.com\/it\/#website","url":"https:\/\/imgender.com\/it\/","name":"IM GENDER","description":"Unidad de Cirug\u00eda de G\u00e9nero de IM CLINIC","publisher":{"@id":"https:\/\/imgender.com\/it\/#organization"},"alternateName":"IM GENDER","potentialAction":[{"@type":"SearchAction","target":{"@type":"EntryPoint","urlTemplate":"https:\/\/imgender.com\/it\/?s={search_term_string}"},"query-input":{"@type":"PropertyValueSpecification","valueRequired":true,"valueName":"search_term_string"}}],"inLanguage":"it-IT"},{"@type":"Organization","@id":"https:\/\/imgender.com\/it\/#organization","name":"IM GENDER","url":"https:\/\/imgender.com\/it\/","logo":{"@type":"ImageObject","inLanguage":"it-IT","@id":"https:\/\/imgender.com\/it\/#\/schema\/logo\/image\/","url":"https:\/\/imgender.com\/wp-content\/uploads\/2021\/03\/imclinic_gender.png","contentUrl":"https:\/\/imgender.com\/wp-content\/uploads\/2021\/03\/imclinic_gender.png","width":150,"height":151,"caption":"IM GENDER"},"image":{"@id":"https:\/\/imgender.com\/it\/#\/schema\/logo\/image\/"}}]}},"_links":{"self":[{"href":"https:\/\/imgender.com\/it\/wp-json\/wp\/v2\/pages\/66291","targetHints":{"allow":["GET"]}}],"collection":[{"href":"https:\/\/imgender.com\/it\/wp-json\/wp\/v2\/pages"}],"about":[{"href":"https:\/\/imgender.com\/it\/wp-json\/wp\/v2\/types\/page"}],"author":[{"embeddable":true,"href":"https:\/\/imgender.com\/it\/wp-json\/wp\/v2\/users\/2"}],"replies":[{"embeddable":true,"href":"https:\/\/imgender.com\/it\/wp-json\/wp\/v2\/comments?post=66291"}],"version-history":[{"count":0,"href":"https:\/\/imgender.com\/it\/wp-json\/wp\/v2\/pages\/66291\/revisions"}],"wp:attachment":[{"href":"https:\/\/imgender.com\/it\/wp-json\/wp\/v2\/media?parent=66291"}],"curies":[{"name":"wp","href":"https:\/\/api.w.org\/{rel}","templated":true}]}}