{"id":66349,"date":"2021-03-17T14:13:23","date_gmt":"2021-03-17T12:13:23","guid":{"rendered":"https:\/\/imgender.com\/operacion-pecho-trans\/"},"modified":"2026-01-08T15:47:11","modified_gmt":"2026-01-08T14:47:11","slug":"intervento-seno-persone-trans","status":"publish","type":"page","link":"https:\/\/imgender.com\/it\/intervento-seno-persone-trans\/","title":{"rendered":"Intervento al seno per persone trans"},"content":{"rendered":"<h1><span style=\"color: #ffffff;\">Operaci\u00f3n de pecho trans<\/span><\/h1>\n<p><span style=\"color: #ffffff;\">A pesar de que la hormonaci\u00f3n ayuda notablemente al crecimiento de las mamas, en muchas ocasiones este no es suficiente o no resulta ser el deseado por la mujer trans. En estos casos se recomienda un aumento de pecho, tambi\u00e9n llamado mamoplastia de aumento.<\/span><\/p>\n<h2 style=\"text-align: center;\">\u00bfEN QU\u00c9 CONSISTE UNA OPERACI\u00d3N DE PECHO TRANS?<\/h2>\n<p style=\"text-align: center;\"><span style=\"font-weight: 400;\">La <strong>mamoplastia trans o aumento de pecho<\/strong> es como se conoce a la cirug\u00eda que permite, gracias al uso de implantes o pr\u00f3tesis, agrandar el volumen y dar m\u00e1s\u00a0 proyecci\u00f3n de los pechos, d\u00e1ndoles al mismo tiempo una forma est\u00e9ticamente bonita.<\/span><\/p>\n<p style=\"text-align: center;\">Tu cirujano pl\u00e1stico de IM GENDER estudiar\u00e1 las caracter\u00edsticas de tu anatom\u00eda tor\u00e1cica, de la mama, la cantidad de grasa de la zona, del tejido subcut\u00e1neo, as\u00ed como grosor de la piel. As\u00ed podr\u00e1 <strong>aconsejarte el tipo de pr\u00f3tesis<\/strong> (volumen, proyecci\u00f3n, forma, tacto, etc.) que mejor armoniza con tu cuerpo.<\/p>\n<p>Pide tu cita<\/p>\n\n<div class=\"wpcf7 no-js\" id=\"wpcf7-f3165-o1\" lang=\"es-ES\" dir=\"ltr\" data-wpcf7-id=\"3165\">\n<div class=\"screen-reader-response\"><p role=\"status\" aria-live=\"polite\" aria-atomic=\"true\"><\/p> <ul><\/ul><\/div>\n<form action=\"\/it\/wp-json\/wp\/v2\/pages\/66349#wpcf7-f3165-o1\" method=\"post\" class=\"wpcf7-form init\" aria-label=\"Formulario de contacto\" novalidate=\"novalidate\" data-status=\"init\">\n<fieldset class=\"hidden-fields-container\"><input type=\"hidden\" name=\"_wpcf7\" value=\"3165\" \/><input type=\"hidden\" name=\"_wpcf7_version\" value=\"6.1.3\" \/><input type=\"hidden\" name=\"_wpcf7_locale\" value=\"es_ES\" \/><input type=\"hidden\" name=\"_wpcf7_unit_tag\" value=\"wpcf7-f3165-o1\" \/><input type=\"hidden\" name=\"_wpcf7_container_post\" value=\"0\" \/><input type=\"hidden\" name=\"_wpcf7_posted_data_hash\" value=\"\" \/>\n<\/fieldset>\n<div class=\"et_pb_contact\">\n\t<p class=\"et_pb_contact_field et_pb_contact_field_half\"><br \/>\n<span class=\"wpcf7-form-control-wrap\" data-name=\"nombre\"><input size=\"40\" maxlength=\"400\" class=\"wpcf7-form-control wpcf7-text wpcf7-validates-as-required\" aria-required=\"true\" aria-invalid=\"false\" placeholder=\"Nombre y apellidos*\" value=\"\" type=\"text\" name=\"nombre\" \/><\/span>\n\t<\/p>\n\t<p class=\"et_pb_contact_field et_pb_contact_field_half et_pb_contact_field_last\"><br \/>\n<span class=\"wpcf7-form-control-wrap\" data-name=\"telefono\"><input size=\"40\" maxlength=\"400\" class=\"wpcf7-form-control wpcf7-tel wpcf7-validates-as-required wpcf7-text wpcf7-validates-as-tel\" aria-required=\"true\" aria-invalid=\"false\" placeholder=\"Tel\u00e9fono*\" value=\"\" type=\"tel\" name=\"telefono\" \/><\/span>\n\t<\/p>\n\t<p class=\"et_pb_contact_field et_pb_contact_field_half\"><br \/>\n<span class=\"wpcf7-form-control-wrap\" data-name=\"your-email\"><input size=\"40\" maxlength=\"400\" class=\"wpcf7-form-control wpcf7-email wpcf7-validates-as-required wpcf7-text wpcf7-validates-as-email\" aria-required=\"true\" aria-invalid=\"false\" placeholder=\"Correo electr\u00f3nico*\" value=\"\" type=\"email\" name=\"your-email\" \/><\/span>\n\t<\/p>\n\t<p class=\"et_pb_contact_field et_pb_contact_field_half et_pb_contact_field_last\"><br \/>\n<span class=\"wpcf7-form-control-wrap\" data-name=\"ciudad\"><input size=\"40\" maxlength=\"400\" class=\"wpcf7-form-control wpcf7-text wpcf7-validates-as-required\" aria-required=\"true\" aria-invalid=\"false\" placeholder=\"Ciudad*\" value=\"\" type=\"text\" name=\"ciudad\" \/><\/span>\n\t<\/p>\n\t<p class=\"et_pb_contact_field et_pb_contact_field_half\"><br \/>\n<span class=\"wpcf7-form-control-wrap\" data-name=\"dni\"><input size=\"40\" maxlength=\"400\" class=\"wpcf7-form-control wpcf7-text wpcf7-validates-as-required\" aria-required=\"true\" aria-invalid=\"false\" placeholder=\"DNI*\" value=\"\" type=\"text\" name=\"dni\" \/><\/span>\n\t<\/p>\n\t<p class=\"et_pb_contact_field et_pb_contact_field_half desplegable et_pb_contact_field_last\"><br \/>\n<span class=\"wpcf7-form-control-wrap\" data-name=\"tipo_cita\"><select class=\"wpcf7-form-control wpcf7-select wpcf7-validates-as-required et_pb_contact_field et_pb_contact_select input\" aria-required=\"true\" aria-invalid=\"false\" name=\"tipo_cita\"><option value=\"\">Tipo de cita<\/option><option value=\"Cita presencial\">Cita presencial<\/option><option value=\"Videollamada\">Videollamada<\/option><\/select><\/span>\n\t<\/p>\n\t<p class=\"et_pb_contact_field et_pb_contact_left\"><br \/>\n<span class=\"wpcf7-form-control-wrap\" data-name=\"tu_consulta\"><textarea cols=\"40\" rows=\"10\" maxlength=\"2000\" class=\"wpcf7-form-control wpcf7-textarea\" aria-invalid=\"false\" placeholder=\"Tu consulta\" name=\"tu_consulta\"><\/textarea><\/span>\n\t<\/p>\n<\/div>\n<p><span id=\"wpcf7-69dbb24bdce01-wrapper\" class=\"wpcf7-form-control-wrap anti-spam-wrap\" style=\"display:none !important; visibility:hidden !important;\"><label for=\"wpcf7-69dbb24bdce01-field\" class=\"hp-message\">Por favor, deja este campo vac\u00edo.<\/label><input id=\"wpcf7-69dbb24bdce01-field\"  class=\"wpcf7-form-control wpcf7-text\" type=\"text\" name=\"anti-spam\" value=\"\" size=\"40\" tabindex=\"-1\" autocomplete=\"new-password\" \/><\/span>\n<\/p>\n<p class=\"et_pb_contact_field et_pb_contact_field_checkbox\"><span class=\"wpcf7-form-control-wrap\" data-name=\"politica-privacitat\"><span class=\"wpcf7-form-control wpcf7-acceptance\"><span class=\"wpcf7-list-item\"><label><input type=\"checkbox\" name=\"politica-privacitat\" value=\"1\" aria-invalid=\"false\" \/><span class=\"wpcf7-list-item-label\">He le\u00eddo y acepto la <a href=\"\/politica-de-privacidad\/\">pol\u00edtica de privacidad<\/a><\/span><\/label><\/span><\/span><\/span>\n<\/p>\n<div>\n<input class=\"wpcf7-form-control wpcf7-hidden\" value=\"\" type=\"hidden\" name=\"pais\" \/>\n<input class=\"wpcf7-form-control wpcf7-hidden\" value=\"\" type=\"hidden\" name=\"apellidos\" \/>\n<input class=\"wpcf7-form-control wpcf7-hidden\" value=\"\" type=\"hidden\" name=\"movil\" \/>\n<input class=\"wpcf7-form-control wpcf7-hidden\" value=\"\" type=\"hidden\" name=\"tipo_consulta\" \/>\n<input class=\"wpcf7-form-control wpcf7-hidden\" value=\"\" type=\"hidden\" name=\"centro\" \/>\n\t<p>[utm_campaign_i]<input type=\"hidden\" name=\"utm_campaign\" value=\"%s\" \/>[\/utm_campaign_i][utm_source_i]<input type=\"hidden\" name=\"utm_source\" value=\"%s\" \/>[\/utm_source_i][utm_term_i]<input type=\"hidden\" name=\"utm_term\" value=\"%s\" \/>[\/utm_term_i][utm_medium_i]<input type=\"hidden\" name=\"utm_medium\" value=\"%s\" \/>[\/utm_medium_i][utm_content_i]<input type=\"hidden\" name=\"utm_content\" value=\"%s\" \/>[\/utm_content_i][gclid_i]<input type=\"hidden\" name=\"gclid\" value=\"%s\" \/>[\/gclid_i][handl_original_ref_i]<input type=\"hidden\" name=\"handl_original_ref\" value=\"%s\" \/>[\/handl_original_ref_i][handl_landing_page_i]<input type=\"hidden\" name=\"handl_landing_page\" value=\"%s\" \/>[\/handl_landing_page_i][handl_ip_i]<input type=\"hidden\" name=\"handl_ip\" value=\"%s\" \/>[\/handl_ip_i][handl_ref_i]<input type=\"hidden\" name=\"handl_ref\" value=\"%s\" \/>[\/handl_ref_i][handl_url_i]<input type=\"hidden\" name=\"handl_url\" value=\"%s\" \/>[\/handl_url_i]\n\t<\/p>\n<\/div>\n<div class=\"enviar_formulari\">\n\t<p><input class=\"wpcf7-form-control wpcf7-submit has-spinner\" type=\"submit\" value=\"Enviar\" \/>\n\t<\/p>\n<\/div>\n<p style=\"clear:both;\">\n<\/p><input type='hidden' class='wpcf7-pum' value='{\"closepopup\":false,\"closedelay\":0,\"openpopup\":false,\"openpopup_id\":0}' \/><div class=\"wpcf7-response-output\" aria-hidden=\"true\"><\/div>\n<\/form>\n<\/div>\n\n<h2>Resultados Mamoplastia trans<\/h2>\n<p>Conocer el antes y despu\u00e9s de aumento de pecho realizados por el equipo de IM GENDER puede ayudarte a tener una idea m\u00e1s clara de los resultados que puedes conseguir.\u00a0 De esta manera podr\u00e1s ver casos parecidos al tuyo y hacerte una idea del resultado final.<\/p>\n<h2>LAS T\u00c9CNICAS DEL AUMENTO DE PECHO TRANS<\/h2>\n<p>El aumento de mamas es una intervenci\u00f3n relativamente corta, pues suele durar entre una y dos horas. Suele utilizarse anestesia general.<\/p>\n<p>Existen <strong>3 v\u00edas posibles por las se puede implantar la pr\u00f3tesis:<\/strong><\/p>\n<ul>\n<li><strong>La axilar:<\/strong> la pr\u00f3tesis se coloca a trav\u00e9s de una incisi\u00f3n en la axila, con lo que la cicatriz queda estrat\u00e9gicamente escondida.<\/li>\n<li><strong>La periareolar:<\/strong> la incisi\u00f3n se realiza en el l\u00edmite entre la parte inferior de la areola y la piel, ya que el cambio de color disimula la cicatriz.<\/li>\n<li><strong>La submamaria:<\/strong> la incisi\u00f3n se realiza en el surco de debajo del pecho, con lo que la cicatriz queda escondida en el pliegue que existe entre la mama y el t\u00f3rax.<\/li>\n<\/ul>\n<p>El cirujano evaluar\u00e1 todas las posibilidades seg\u00fan tus caracter\u00edsticas y tu historial m\u00e9dico antes de aconsejarte una de las v\u00edas.<\/p>\n<p>Es habitual que, durante la intervenci\u00f3n, se coloquen unos drenajes que se retiran a las 48 horas, aproximadamente, y que servir\u00e1n para reducir la inflamaci\u00f3n y las molestias postoperatorias al m\u00ednimo.<\/p>\n<h2>LA CIRUG\u00cdA DE OPERACI\u00d3N DE PECHO TRANS<\/h2>\n<h3>\u00bfCu\u00e1ndo empieza a cambiar el pecho despu\u00e9s de la cirug\u00eda?<\/h3>\n<p>Una vez retirados los drenajes, la recuperaci\u00f3n de la paciente es mucho m\u00e1s r\u00e1pida. Pasados 10 d\u00edas de la cirug\u00eda de aumento de mamas se empieza a notar la bajada de la inflamaci\u00f3n. En un mes, cuando se retiran las bandas y el sujetador, se empiezan a apreciar los resultados de la operaci\u00f3n. Aunque no ser\u00e1 hasta los 6 meses cuando se podr\u00e1 ver el pecho recuperado al 100%.<\/p>\n<h3>\u00bfC\u00f3mo debo dormir durante el postoperatorio de operaci\u00f3n de pecho trans?<\/h3>\n<p>Deber\u00e1s dormir boca arriba como m\u00ednimo durante el primer mes despu\u00e9s de tu cirug\u00eda de pecho. Aunque siempre depender\u00e1 de la recuperaci\u00f3n de cada paciente.<\/p>\n<h3>\u00bfCu\u00e1l es el precio de una cirug\u00eda de operaci\u00f3n de pecho trans?<\/h3>\n<p>El precio de una operaci\u00f3n de pecho trans puede oscilar seg\u00fan el caso de la persona. Tambi\u00e9n hay que tener en cuenta si la operaci\u00f3n de pecho se decide combinar con otros tratamientos.<br \/>\nEs recomendable una primera visita para valorar el caso del paciente para realizar un presupuesto personalizado.<\/p>\n<p><script type=\"application\/ld+json\">{\"@context\":\"https:\/\/schema.org\",\"@type\":\"FAQPage\",\"mainEntity\":[{\"@type\":\"Question\",\"name\":\"\u00bfCu\u00e1ndo empieza a cambiar el pecho despu\u00e9s de la cirug\u00eda?\",\"acceptedAnswer\":{\"@type\":\"Answer\",\"text\":\"Una vez retirados los drenajes, la recuperaci\u00f3n de la paciente es mucho m\u00e1s r\u00e1pida. Pasados 10 d\u00edas de la cirug\u00eda de aumento de mamas se empieza a notar la bajada de la inflamaci\u00f3n. En un mes, cuando se retiran las bandas y el sujetador, se empiezan a apreciar los resultados de la operaci\u00f3n. Aunque no ser\u00e1 hasta los 6 meses cuando se podr\u00e1 ver el pecho recuperado al 100%.\"}},{\"@type\":\"Question\",\"name\":\"\u00bfC\u00f3mo debo dormir durante el postoperatorio de operaci\u00f3n de pecho trans?\",\"acceptedAnswer\":{\"@type\":\"Answer\",\"text\":\"Deber\u00e1s dormir boca arriba como m\u00ednimo durante el primer mes despu\u00e9s de tu cirug\u00eda de pecho. Aunque siempre depender\u00e1 de la recuperaci\u00f3n de cada paciente.\"}},{\"@type\":\"Question\",\"name\":\"\u00bfCu\u00e1l es el precio de una cirug\u00eda de operaci\u00f3n de pecho trans?\",\"acceptedAnswer\":{\"@type\":\"Answer\",\"text\":\"El precio de una operaci\u00f3n de pecho trans puede oscilar seg\u00fan el caso de la persona. Tambi\u00e9n hay que tener en cuenta si la operaci\u00f3n de pecho se decide combinar con otros tratamientos.\\nEs recomendable una primera visita para valorar el caso del paciente para realizar un presupuesto personalizado.\"}}]}<\/script><\/p>\n<h2>LOS RESULTADOS DE OPERACI\u00d3N DE PECHO TRANS<\/h2>\n<p>Los resultados son excelentes y pueden apreciarse enseguida, aunque habr\u00e1 que esperar a que baje la inflamaci\u00f3n para apreciar el volumen y la forma definitiva.<\/p>\n<p>Las mamas resultantes tienen un aspecto natural y, est\u00e9ticamente, no se diferencian del de las mujeres cis.<\/p>\n<h2 style=\"text-align: center;\">CONSEJOS DESPU\u00c9S DE LA <strong>OPERACI\u00d3N DE PECHO TRANS<\/strong><\/h2>\n<p>Debes llevar la banda y el sujetador puestos las 24 horas del d\u00eda, incluso para dormir. Solo te los puedes quitar para ducharte y para realizar el tratamiento terap\u00e9utico postoperatorio.<\/p>\n<p>Antes de reiniciar tu rutina deportiva consulta con tu m\u00e9dico cu\u00e1ndo es adecuado empezar y que tipo de actividad f\u00edsica es la m\u00e1s adecuada hasta tu completa recuperaci\u00f3n.<\/p>\n<p>Es muy importante que no faltes a ninguna de las visitas despu\u00e9s de tu cirug\u00eda para que el equipo m\u00e9dico de IM GENDER pueda evaluar tu evoluci\u00f3n.<\/p>\n<p>\u00bfQuieres conocer m\u00e1s experiencias y testimonios de IM GENDER?<\/p>\n<h2 style=\"text-align: center;\">NOTICIAS RELACIONADAS<strong> SOBRE OPERACI\u00d3N DE PECHO TRANS<\/strong><\/h2>\n<p>Equipo IM GENDER<\/p>\n<p>En IM GENDER llevamos m\u00e1s de 20 a\u00f1os especializados en la atenci\u00f3n a las personas trans. \u00a0Dos d\u00e9cadas de experiencia, profesionalidad, investigaci\u00f3n y formaci\u00f3n avalan nuestro equipo m\u00e9dico y humano.<\/p>\n<p style=\"text-align: center;\">TESTIMONIOS DE <strong>NUESTROS PACIENTES<\/strong><\/p>\n<div data-src=\"https:\/\/cdn.trustindex.io\/loader.js?d2922d653d622817873644636a8\"><\/div>\n<p><strong>\u00bfNecesitas m\u00e1s informaci\u00f3n sobre la Unidad de G\u00e9nero de IM GENDER\u00a0<\/strong><\/p>\n<p>\u00bfQuieres conocer el precio de la operaci\u00f3n de pecho trans?<\/p>\n","protected":false},"excerpt":{"rendered":"<p>Operaci\u00f3n de pecho trans A pesar de que la hormonaci\u00f3n ayuda notablemente al crecimiento de las mamas, en muchas ocasiones este no es suficiente o no resulta ser el deseado por la mujer trans. En estos casos se recomienda un aumento de pecho, tambi\u00e9n llamado mamoplastia de aumento. \u00bfEN QU\u00c9 CONSISTE UNA OPERACI\u00d3N DE PECHO&#8230;<\/p>\n","protected":false},"author":2,"featured_media":66351,"parent":0,"menu_order":0,"comment_status":"closed","ping_status":"closed","template":"","meta":{"_acf_changed":false,"footnotes":""},"class_list":["post-66349","page","type-page","status-publish","has-post-thumbnail","hentry"],"acf":[],"yoast_head":"<!-- This site is optimized with the Yoast SEO plugin v26.4 - https:\/\/yoast.com\/wordpress\/plugins\/seo\/ -->\n<title>Intervento al seno per persone trans | Clinica IM GENDER<\/title>\n<meta name=\"description\" content=\"L&#039;intervento al seno per persone trans richiede una tecnica specifica che permette di ottenere una forma e un volume belli e naturali.\" \/>\n<meta name=\"robots\" content=\"index, follow, max-snippet:-1, max-image-preview:large, max-video-preview:-1\" \/>\n<link rel=\"canonical\" href=\"https:\/\/imgender.com\/it\/intervento-seno-persone-trans\/\" \/>\n<meta property=\"og:locale\" content=\"it_IT\" \/>\n<meta property=\"og:type\" content=\"article\" \/>\n<meta property=\"og:title\" content=\"Intervento al seno per persone trans | Clinica IM GENDER\" \/>\n<meta property=\"og:description\" content=\"L&#039;intervento al seno per persone trans richiede una tecnica specifica che permette di ottenere una forma e un volume belli e naturali.\" \/>\n<meta property=\"og:url\" content=\"https:\/\/imgender.com\/it\/intervento-seno-persone-trans\/\" \/>\n<meta property=\"og:site_name\" content=\"IM GENDER\" \/>\n<meta property=\"article:modified_time\" content=\"2026-01-08T14:47:11+00:00\" \/>\n<meta property=\"og:image\" content=\"https:\/\/imgender.com\/wp-content\/uploads\/2021\/03\/aumento-de-pecho.png\" \/>\n\t<meta property=\"og:image:width\" content=\"549\" \/>\n\t<meta property=\"og:image:height\" content=\"509\" \/>\n\t<meta property=\"og:image:type\" content=\"image\/png\" \/>\n<meta name=\"twitter:card\" content=\"summary_large_image\" \/>\n<meta name=\"twitter:label1\" content=\"Tempo di lettura stimato\" \/>\n\t<meta name=\"twitter:data1\" content=\"4 minuti\" \/>\n<!-- \/ Yoast SEO plugin. -->","yoast_head_json":{"title":"Intervento al seno per persone trans | Clinica IM GENDER","description":"L'intervento al seno per persone trans richiede una tecnica specifica che permette di ottenere una forma e un volume belli e naturali.","robots":{"index":"index","follow":"follow","max-snippet":"max-snippet:-1","max-image-preview":"max-image-preview:large","max-video-preview":"max-video-preview:-1"},"canonical":"https:\/\/imgender.com\/it\/intervento-seno-persone-trans\/","og_locale":"it_IT","og_type":"article","og_title":"Intervento al seno per persone trans | Clinica IM GENDER","og_description":"L'intervento al seno per persone trans richiede una tecnica specifica che permette di ottenere una forma e un volume belli e naturali.","og_url":"https:\/\/imgender.com\/it\/intervento-seno-persone-trans\/","og_site_name":"IM GENDER","article_modified_time":"2026-01-08T14:47:11+00:00","og_image":[{"width":549,"height":509,"url":"https:\/\/imgender.com\/wp-content\/uploads\/2021\/03\/aumento-de-pecho.png","type":"image\/png"}],"twitter_card":"summary_large_image","twitter_misc":{"Tempo di lettura stimato":"4 minuti"},"schema":{"@context":"https:\/\/schema.org","@graph":[{"@type":"WebPage","@id":"https:\/\/imgender.com\/it\/intervento-seno-persone-trans\/","url":"https:\/\/imgender.com\/it\/intervento-seno-persone-trans\/","name":"Intervento al seno per persone trans | Clinica IM GENDER","isPartOf":{"@id":"https:\/\/imgender.com\/it\/#website"},"primaryImageOfPage":{"@id":"https:\/\/imgender.com\/it\/intervento-seno-persone-trans\/#primaryimage"},"image":{"@id":"https:\/\/imgender.com\/it\/intervento-seno-persone-trans\/#primaryimage"},"thumbnailUrl":"https:\/\/imgender.com\/wp-content\/uploads\/2021\/03\/aumento-de-pecho.png","datePublished":"2021-03-17T12:13:23+00:00","dateModified":"2026-01-08T14:47:11+00:00","description":"L'intervento al seno per persone trans richiede una tecnica specifica che permette di ottenere una forma e un volume belli e naturali.","breadcrumb":{"@id":"https:\/\/imgender.com\/it\/intervento-seno-persone-trans\/#breadcrumb"},"inLanguage":"it-IT","potentialAction":[{"@type":"ReadAction","target":["https:\/\/imgender.com\/it\/intervento-seno-persone-trans\/"]}]},{"@type":"ImageObject","inLanguage":"it-IT","@id":"https:\/\/imgender.com\/it\/intervento-seno-persone-trans\/#primaryimage","url":"https:\/\/imgender.com\/wp-content\/uploads\/2021\/03\/aumento-de-pecho.png","contentUrl":"https:\/\/imgender.com\/wp-content\/uploads\/2021\/03\/aumento-de-pecho.png","width":549,"height":509,"caption":"Aumento de pecho"},{"@type":"BreadcrumbList","@id":"https:\/\/imgender.com\/it\/intervento-seno-persone-trans\/#breadcrumb","itemListElement":[{"@type":"ListItem","position":1,"name":"Portada","item":"https:\/\/imgender.com\/it\/"},{"@type":"ListItem","position":2,"name":"Intervento al seno per persone trans"}]},{"@type":"WebSite","@id":"https:\/\/imgender.com\/it\/#website","url":"https:\/\/imgender.com\/it\/","name":"IM GENDER","description":"Unidad de Cirug\u00eda de G\u00e9nero de IM CLINIC","publisher":{"@id":"https:\/\/imgender.com\/it\/#organization"},"alternateName":"IM GENDER","potentialAction":[{"@type":"SearchAction","target":{"@type":"EntryPoint","urlTemplate":"https:\/\/imgender.com\/it\/?s={search_term_string}"},"query-input":{"@type":"PropertyValueSpecification","valueRequired":true,"valueName":"search_term_string"}}],"inLanguage":"it-IT"},{"@type":"Organization","@id":"https:\/\/imgender.com\/it\/#organization","name":"IM GENDER","url":"https:\/\/imgender.com\/it\/","logo":{"@type":"ImageObject","inLanguage":"it-IT","@id":"https:\/\/imgender.com\/it\/#\/schema\/logo\/image\/","url":"https:\/\/imgender.com\/wp-content\/uploads\/2021\/03\/imclinic_gender.png","contentUrl":"https:\/\/imgender.com\/wp-content\/uploads\/2021\/03\/imclinic_gender.png","width":150,"height":151,"caption":"IM GENDER"},"image":{"@id":"https:\/\/imgender.com\/it\/#\/schema\/logo\/image\/"}}]}},"_links":{"self":[{"href":"https:\/\/imgender.com\/it\/wp-json\/wp\/v2\/pages\/66349","targetHints":{"allow":["GET"]}}],"collection":[{"href":"https:\/\/imgender.com\/it\/wp-json\/wp\/v2\/pages"}],"about":[{"href":"https:\/\/imgender.com\/it\/wp-json\/wp\/v2\/types\/page"}],"author":[{"embeddable":true,"href":"https:\/\/imgender.com\/it\/wp-json\/wp\/v2\/users\/2"}],"replies":[{"embeddable":true,"href":"https:\/\/imgender.com\/it\/wp-json\/wp\/v2\/comments?post=66349"}],"version-history":[{"count":0,"href":"https:\/\/imgender.com\/it\/wp-json\/wp\/v2\/pages\/66349\/revisions"}],"wp:featuredmedia":[{"embeddable":true,"href":"https:\/\/imgender.com\/it\/wp-json\/wp\/v2\/media\/66351"}],"wp:attachment":[{"href":"https:\/\/imgender.com\/it\/wp-json\/wp\/v2\/media?parent=66349"}],"curies":[{"name":"wp","href":"https:\/\/api.w.org\/{rel}","templated":true}]}}