{"id":66438,"date":"2021-02-22T17:50:43","date_gmt":"2021-02-22T15:50:43","guid":{"rendered":"https:\/\/imgender.com\/faqs-faloplastia\/"},"modified":"2026-01-09T11:15:31","modified_gmt":"2026-01-09T10:15:31","slug":"faqs-faloplastia","status":"publish","type":"page","link":"https:\/\/imgender.com\/it\/faqs-faloplastia\/","title":{"rendered":"Domande frequenti sulla falloplastica"},"content":{"rendered":"<section class=\"l-section wpb_row us_custom_df037c3f height_medium\"><div class=\"l-section-overlay\" style=\"background:linear-gradient(90deg, rgba(0,0,0,0.15) 0%,rgba(0,0,0,0.2) 100%)\"><\/div><div class=\"l-section-h i-cf\"><div class=\"g-cols vc_row via_grid cols_1 laptops-cols_inherit tablets-cols_inherit mobiles-cols_1 valign_top type_default stacking_default\"><div class=\"wpb_column vc_column_container\"><div class=\"vc_column-inner\"><div class=\"g-cols wpb_row via_grid cols_2 laptops-cols_inherit tablets-cols_inherit mobiles-cols_1 valign_top type_default stacking_default\" style=\"--columns-gap:3rem;\"><div class=\"wpb_column vc_column_container us_custom_6f6e1665 has_bg_color\"><div class=\"vc_column-inner\"><p class=\"w-text us_custom_480b7e6b has_text_color\"><span class=\"w-text-h\"><span class=\"w-text-value\">DOMANDE FREQUENTI<\/span><\/span><\/p><h1 class=\"w-text us_custom_42587a2f has_text_color\"><span class=\"w-text-h\"><span class=\"w-text-value\">Domande frequenti sulla falloplastica<\/span><\/span><\/h1><div class=\"wpb_text_column us_custom_f73f4019\"><div class=\"wpb_wrapper\"><p><span style=\"font-weight: 400;\">In questa pagina troverai le risposte ai dubbi pi\u00f9 comuni tra gli uomini transgender e le persone non binarie che stanno valutando di sottoporsi a una falloplastica. Se hai altri dubbi, inviaci la tua richiesta e faremo del nostro meglio per chiarirli.<\/span><\/p>\n<\/div><\/div><\/div><\/div><div class=\"wpb_column vc_column_container\"><div class=\"vc_column-inner\"><\/div><\/div><\/div><\/div><\/div><\/div><\/div><\/section><section class=\"l-section wpb_row height_medium\"><div class=\"l-section-h i-cf\"><div class=\"g-cols vc_row via_grid cols_1 laptops-cols_inherit tablets-cols_inherit mobiles-cols_1 valign_top type_default stacking_default\"><div class=\"wpb_column vc_column_container us_custom_8aaab345 margin-auto\"><div class=\"vc_column-inner\"><div class=\"wpb_text_column us_custom_5ecb7f7a contenido-faqs has_text_color\"><div class=\"wpb_wrapper\"><h2>Intervento chirurgico di falloplastica<\/h2>\n<h3>Che cos&#8217;\u00e8 la falloplastica?<\/h3>\n<p><span style=\"font-weight: 400;\">La falloplastica \u00e8 un intervento chirurgico di affermazione di genere pensato per uomini transgender e persone non binarie assegnate femmina alla nascita che desiderano avere un neofallo. Questa chirurgia rappresenta anche un&#8217;opzione per uomini cisgender che hanno perso il pene a causa di una malattia o di una lesione.<\/span><\/p>\n<p><span style=\"font-weight: 400;\">L&#8217;obiettivo della falloplastica \u00e8 quello di costruire un <\/span><b>pene funzionale ed esteticamente simile a quello di un uomo cisgender<\/b><span style=\"font-weight: 400;\">, permettendo al paziente di urinare in piedi e, dopo eventuali procedure aggiuntive, di avere rapporti sessuali con penetrazione. Ogni intervento di falloplastica viene adattato in base agli obiettivi e all&#8217;anatomia di ciascun paziente.<\/span><\/p>\n<h3>Come mi preparo all&#8217;intervento di falloplastica?<\/h3>\n<p><span style=\"font-weight: 400;\">La preparazione prevede visite con il chirurgo, valutazioni psicologiche e, spesso, un periodo di terapia ormonale. Smettere di fumare, mantenere un peso corporeo equilibrato e migliorare la propria salute generale sono anch&#8217;essi aspetti importanti.<\/span><\/p>\n<h3>Quali sono le diverse tecniche utilizzate nella falloplastica?<\/h3>\n<p><span style=\"font-weight: 400;\">Esistono diverse tecniche di falloplastica, a seconda dell&#8217;area del corpo da cui viene prelevato il tessuto donatore. I siti donatori pi\u00f9 comuni sono l&#8217;avambraccio (lembo radiale dell&#8217;avambraccio), la coscia (lembo anterolaterale della coscia) e la schiena (lembo gran dorsale). La scelta del sito donatore influir\u00e0 su fattori come l&#8217;aspetto del neofallo, i tempi di recupero e il grado di cicatrizzazione dell&#8217;area in cui \u00e8 stato effettuato il prelievo.<\/span><\/p>\n<p><span style=\"font-weight: 400;\">Il chirurgo ti aiuter\u00e0 a decidere quale tecnica sia la pi\u00f9 adatta in base alla tua anatomia, ai tuoi obiettivi e alla tua storia clinica.<\/span><\/p>\n<h3>Come viene costruita l&#8217;uretra nella falloplastica?<\/h3>\n<p><span style=\"font-weight: 400;\">Una parte fondamentale della falloplastica \u00e8 la creazione di un&#8217;uretra funzionale che permetta alla persona di urinare in piedi. Questo risultato si ottiene prolungando l&#8217;uretra esistente mediante l&#8217;uso di tessuto proveniente dal sito donatore.<\/span><\/p>\n<p><span style=\"font-weight: 400;\">Per prolungare il tratto iniziale dell&#8217;uretra, il chirurgo utilizza un lembo di tessuto prelevato dalla parete anteriore della vagina e un altro lembo cutaneo ricavato dalle piccole labbra. Successivamente, questo viene suturato all&#8217;uretra precedentemente creata all&#8217;interno del fallo.<\/span><\/p>\n<h3>\u00c8 possibile realizzare la falloplastica in un solo intervento chirurgico?<\/h3>\n<p><span style=\"font-weight: 400;\">La falloplastica viene generalmente eseguita in pi\u00f9 fasi. L&#8217;intervento iniziale \u00e8 finalizzato<\/span> <span style=\"font-weight: 400;\">alla costruzione del neofallo e, quando necessario, alla creazione di un&#8217;uretra funzionale. Le fasi successive, invece, possono prevedere l&#8217;inserimento di impianti testicolari e di una protesi peniena per consentire la funzione sessuale penetrativa.\u00a0\u00a0<\/span><\/p>\n<p><span style=\"font-weight: 400;\">Discutere le tempistiche previste e la necessit\u00e0 di pi\u00f9 interventi con il proprio chirurgo \u00e8 una parte importante della preparazione alla procedura chirurgica.<\/span><\/p>\n<h3>Dovr\u00f2 continuare la terapia ormonale dopo la chirurgia di affermazione di genere?<\/h3>\n<p><span style=\"font-weight: 400;\">Una volta eseguita la chirurgia genitale, dovresti fissare un appuntamento con il tuo endocrinologo, che ti consiglier\u00e0 come proseguire con la terapia ormonale, se lo desideri.<\/span><\/p>\n<h2>Opzioni estetiche e protesi<\/h2>\n<h3>Quali opzioni ho per gli impianti testicolari?<\/h3>\n<p><span style=\"font-weight: 400;\">Gli impianti testicolari sono disponibili in diverse dimensioni e vengono inseriti durante un intervento chirurgico secondario. La dimensione degli impianti dipender\u00e0 dalle tue preferenze personali e dall&#8217;elasticit\u00e0 e capacit\u00e0 del tessuto circostante. Il tuo chirurgo ti guider\u00e0 nella selezione della dimensione pi\u00f9 appropriata.<\/span><\/p>\n<p><span style=\"font-weight: 400;\">L&#8217;inserimento del primo testicolo avviene <\/span><b>tre o quattro mesi<\/b><span style=\"font-weight: 400;\"> dopo l&#8217;intervento di falloplastica. Il secondo, invece, viene inserito <\/span><b>quattro o cinque mesi<\/b><span style=\"font-weight: 400;\"> pi\u00f9 tardi.<\/span><\/p>\n<h3>Quando pu\u00f2 essere impiantata una protesi peniena idraulica?<\/h3>\n<p><span style=\"font-weight: 400;\">Una protesi peniena, che permette rapporti sessuali penetrativi, viene solitamente impiantata circa un anno dopo l&#8217;intervento iniziale, una volta completata la cicatrizzazione e recuperata la sensibilit\u00e0. La decisione di impiantare una protesi va presa in accordo con il chirurgo, in base ai propri obiettivi personali e al proprio progresso.\u00a0<\/span><\/p>\n<h3>Quanto realistico apparir\u00e0 il mio pene dopo la falloplastica?<\/h3>\n<p><span style=\"font-weight: 400;\">La falloplastica transgender mira a creare un neofallo dall&#8217;aspetto realistico. Il successo dipende dalla tecnica chirurgica, dall&#8217;abilit\u00e0 del chirurgo e dal processo di cicatrizzazione del paziente.<\/span><\/p>\n<p><span style=\"font-weight: 400;\">Per migliorare l&#8217;aspetto del fallo, \u00e8 disponibile tutta una <\/span><b>serie di trattamenti estetici post-operatori<\/b><span style=\"font-weight: 400;\">, volti a ottenere un pene con una colorazione e un sistema venoso pi\u00f9 naturali. Uno dei trattamenti pi\u00f9 popolari \u00e8 la <\/span><b>micropigmentazione del fallo<\/b><span style=\"font-weight: 400;\">, che riproduce le caratteristiche estetiche di un pene naturale.<\/span><\/p>\n<h2>Funzione sessuale e sensibilit\u00e0<\/h2>\n<h3>Dopo la falloplastica, avr\u00f2 sensibilit\u00e0 nel pene?<\/h3>\n<p><span style=\"font-weight: 400;\">La sensibilit\u00e0 del pene pu\u00f2 essere suddivisa in due componenti: da un lato, c&#8217;\u00e8 la sensibilit\u00e0 tattile, termica e dolorifica, ossia quella che proviamo in qualsiasi parte del corpo. Dall&#8217;altro lato, c\u2019\u00e8 la sensibilit\u00e0 erogena, specifica solo di alcune parti del corpo, come il pene o il clitoride. Entrambe le sensibilit\u00e0 sono preservate dopo la falloplastica. La prima, grazie all&#8217;unione di un nervo del fallo (pene) con uno dei nervi della gamba. La seconda, grazie all&#8217;unione di un nervo del pene dell&#8217;uomo trans con un nervo del clitoride.\u00a0<\/span><\/p>\n<p><span style=\"font-weight: 400;\">Tuttavia, questa sensibilit\u00e0 non \u00e8 immediata: \u00e8 necessario attendere <\/span><b>un periodo di circa 6-8 mesi <\/b><span style=\"font-weight: 400;\">affinch\u00e9<\/span><b> il recupero sensoriale sia completo.<\/b><span style=\"font-weight: 400;\"> \u00c8 inoltre necessario un periodo di &#8220;apprendimento&#8221; affinch\u00e9 il cervello impari a identificare lo stimolo nervoso proveniente dal pene.<\/span><\/p>\n<h3>Potr\u00f2 avere rapporti sessuali penetrativi dopo la falloplastica?<\/h3>\n<p><span style=\"font-weight: 400;\">Dopo la falloplastica, la mancanza di rigidit\u00e0 del neofallo nell&#8217;uomo trans non permette di avere rapporti sessuali penetrativi, in quanto risulta troppo flaccido. Sebbene alcuni pazienti riferiscano di aver avuto rapporti con penetrazione, la realt\u00e0 \u00e8 che non \u00e8 possibile. Per poterlo fare, \u00e8 necessario un secondo intervento per l&#8217;impianto di una protesi peniena che fornisca la rigidit\u00e0 necessaria al neofallo.<\/span><\/p>\n<p><span style=\"font-weight: 400;\">Prima di procedere con questo secondo intervento, il paziente deve aver recuperato la sensibilit\u00e0 del pene. Una volta effettuato il secondo intervento, il paziente potr\u00e0 avere rapporti sessuali con normalit\u00e0.<\/span><\/p>\n<h3>Potr\u00f2 raggiungere l&#8217;orgasmo dopo la falloplastica?<\/h3>\n<p><span style=\"font-weight: 400;\">Il pene dopo la falloplastica presenta piena sensibilit\u00e0 erogena, per cui \u00e8 possibile provare piacere sessuale e raggiungere l&#8217;orgasmo con assoluta normalit\u00e0.<\/span><\/p>\n<h2>Cure post-operatorie e risultati<\/h2>\n<h3>Cosa posso aspettarmi durante il periodo post-operatorio?<\/h3>\n<p><span style=\"font-weight: 400;\">Le cure post-operatorie prevedono di evitare attivit\u00e0 fisiche impegnative, presentarsi ai controlli di follow-up, ecc. Il tuo chirurgo ti fornir\u00e0 istruzioni dettagliate specifiche per il tuo intervento di falloplastica.\u00a0<\/span><\/p>\n<h3>Quanti giorni dovr\u00f2 rimanere in ospedale dopo l&#8217;intervento di falloplastica?<\/h3>\n<p><span style=\"font-weight: 400;\">Dopo la falloplastica, dovrai rimanere in ospedale per almeno una settimana. Questo permette allo staff medico di monitorare da vicino il tuo recupero e garantire che tutto proceda adeguatamente. Allo stesso tempo, viene creato un ambiente confortevole e di supporto, sia per te che per eventuali accompagnatori, ideale durante le prime fasi del recupero.<\/span><\/p>\n<h3><span style=\"font-weight: 400;\">Cosa devo fare in caso di complicazioni?<\/span><\/h3>\n<p><span style=\"font-weight: 400;\">Come per qualsiasi intervento chirurgico, possono verificarsi delle complicazioni, tra cui infezioni, problemi uretrali (ad esempio fistole) o l&#8217;estrusione delle protesi. \u00c8 importante seguire tutte le indicazioni post-operatorie e presentarsi ai controlli di follow-up con il chirurgo. Se dovessero sorgere problemi, contatta immediatamente il tuo chirurgo per gestire tempestivamente eventuali complicazioni.<\/span><\/p>\n<h3>Qual \u00e8 il risultato della falloplastica?<\/h3>\n<p><span style=\"font-weight: 400;\">La falloplastica mira a creare un neofallo che assomigli il pi\u00f9 possibile al pene di un uomo cisgender. Il risultato dipende dalla tecnica chirurgica e dal sito donatore da cui viene prelevato il tessuto. I siti pi\u00f9 comuni sono l&#8217;avambraccio, la coscia o la schiena. Dopo l&#8217;intervento, i pazienti possono aspettarsi cicatrici nei siti donatori e chirurgici, che normalmente si attenuano con il tempo.\u00a0\u00a0<\/span><\/p>\n<p><span style=\"font-weight: 400;\">Sul nostro sito web puoi trovare video, testimonianze e <\/span><b>risultati di interventi di falloplastica<\/b><span style=\"font-weight: 400;\"> eseguiti presso IM GENDER.<\/span><\/p>\n<\/div><\/div><\/div><\/div><\/div><\/div><\/section><section class=\"l-section wpb_row us_custom_685ee0ed height_medium\"><div class=\"l-section-h i-cf\"><div class=\"g-cols vc_row via_grid cols_1 laptops-cols_inherit tablets-cols_inherit mobiles-cols_1 valign_top type_default stacking_default\"><div class=\"wpb_column vc_column_container us_custom_eb849559\"><div class=\"vc_column-inner\"><p class=\"w-text us_custom_0cad52e0 has_text_color\"><span class=\"w-text-h\"><span class=\"w-text-value\">TESTIMONIANZE DEI NOSTRI PAZIENTI<\/span><\/span><\/p><div class=\"w-html\"><div data-src=\"https:\/\/cdn.trustindex.io\/loader.js?579b6b858c220527e136e7c85d1\"><\/div><\/div><\/div><\/div><\/div><\/div><\/section><section class=\"l-section wpb_row us_custom_9018be24 height_medium\"><div class=\"l-section-h i-cf\"><div class=\"g-cols vc_row via_grid cols_1 laptops-cols_inherit tablets-cols_inherit mobiles-cols_1 valign_top type_default stacking_default\"><div class=\"wpb_column vc_column_container us_custom_89909d76\"><div class=\"vc_column-inner\"><p class=\"w-text us_custom_c2f1cdb8 has_text_color\"><span class=\"w-text-h\"><span class=\"w-text-value\">Hai altre domande sulla <strong>falloplastica o altri interventi di chirurgia estetica per il miglioramento dei genitali<\/strong>?<\/span><\/span><\/p><p class=\"w-text us_custom_c2f1cdb8 has_text_color\"><span class=\"w-text-h\"><span class=\"w-text-value\">Richiedi un appuntamento o fai la tua richiesta online e ti aiuteremo.<\/span><\/span><\/p><div class=\"g-cols wpb_row via_grid cols_2 laptops-cols_inherit tablets-cols_inherit mobiles-cols_1 valign_top type_default stacking_default\" style=\"--columns-gap:7rem;--laptops-columns-gap:7rem;--tablets-columns-gap:7rem;--mobiles-columns-gap:1.6rem;\"><div class=\"wpb_column vc_column_container us_custom_65dee96e\"><div class=\"vc_column-inner\"><div class=\"w-btn-wrapper align_none\"><a class=\"w-btn us-btn-style_3 us_custom_a3d5695e\" href=\"\/it\/richiedere-appuntamento\/\"><span class=\"w-btn-label\">Prendere un appuntamento<\/span><\/a><\/div><\/div><\/div><div class=\"wpb_column vc_column_container us_custom_e46c6d82\"><div class=\"vc_column-inner\"><div class=\"w-btn-wrapper align_none\"><a class=\"w-btn us-btn-style_3 us_custom_a3d5695e\" href=\"\/it\/contatto\/\"><span class=\"w-btn-label\">Consulenza online<\/span><\/a><\/div><\/div><\/div><\/div><\/div><\/div><\/div><\/div><\/section>\n","protected":false},"excerpt":{"rendered":"DOMANDE FREQUENTIDomande frequenti sulla falloplasticaIn questa pagina troverai le risposte ai dubbi pi\u00f9 comuni tra gli uomini transgender e le persone non binarie che stanno valutando di sottoporsi a una falloplastica. Se hai altri dubbi, inviaci la tua richiesta e faremo del nostro meglio per chiarirli. Intervento chirurgico di falloplastica Che cos&#8217;\u00e8 la falloplastica? La...","protected":false},"author":2,"featured_media":0,"parent":0,"menu_order":0,"comment_status":"closed","ping_status":"closed","template":"","meta":{"_acf_changed":false,"footnotes":""},"class_list":["post-66438","page","type-page","status-publish","hentry"],"acf":[],"yoast_head":"<!-- This site is optimized with the Yoast SEO plugin v26.4 - https:\/\/yoast.com\/wordpress\/plugins\/seo\/ -->\n<title>Domande frequenti sulla falloplastica | IM GENDER<\/title>\n<meta name=\"description\" content=\"Se stai pensando di sottoporti a un intervento chirurgico di falloplastica, \u00e8 normale che ti sorgano dei dubbi. Qui rispondiamo alle domande pi\u00f9 frequenti sulla falloplastica.\" \/>\n<meta name=\"robots\" content=\"index, follow, max-snippet:-1, max-image-preview:large, max-video-preview:-1\" \/>\n<link rel=\"canonical\" href=\"https:\/\/imgender.com\/it\/faqs-faloplastia\/\" \/>\n<meta property=\"og:locale\" content=\"it_IT\" \/>\n<meta property=\"og:type\" content=\"article\" \/>\n<meta property=\"og:title\" content=\"Domande frequenti sulla falloplastica | IM GENDER\" \/>\n<meta property=\"og:description\" content=\"Se stai pensando di sottoporti a un intervento chirurgico di falloplastica, \u00e8 normale che ti sorgano dei dubbi. Qui rispondiamo alle domande pi\u00f9 frequenti sulla falloplastica.\" \/>\n<meta property=\"og:url\" content=\"https:\/\/imgender.com\/it\/faqs-faloplastia\/\" \/>\n<meta property=\"og:site_name\" content=\"IM GENDER\" \/>\n<meta property=\"article:modified_time\" content=\"2026-01-09T10:15:31+00:00\" \/>\n<meta property=\"og:image\" content=\"https:\/\/imgender.com\/wp-content\/uploads\/2025\/11\/vaginoplastia-110-110.jpg\" \/>\n\t<meta property=\"og:image:width\" content=\"110\" \/>\n\t<meta property=\"og:image:height\" content=\"110\" \/>\n\t<meta property=\"og:image:type\" content=\"image\/jpeg\" \/>\n<meta name=\"twitter:card\" content=\"summary_large_image\" \/>\n<meta name=\"twitter:label1\" content=\"Tempo di lettura stimato\" \/>\n\t<meta name=\"twitter:data1\" content=\"7 minuti\" \/>\n<!-- \/ Yoast SEO plugin. -->","yoast_head_json":{"title":"Domande frequenti sulla falloplastica | IM GENDER","description":"Se stai pensando di sottoporti a un intervento chirurgico di falloplastica, \u00e8 normale che ti sorgano dei dubbi. Qui rispondiamo alle domande pi\u00f9 frequenti sulla falloplastica.","robots":{"index":"index","follow":"follow","max-snippet":"max-snippet:-1","max-image-preview":"max-image-preview:large","max-video-preview":"max-video-preview:-1"},"canonical":"https:\/\/imgender.com\/it\/faqs-faloplastia\/","og_locale":"it_IT","og_type":"article","og_title":"Domande frequenti sulla falloplastica | IM GENDER","og_description":"Se stai pensando di sottoporti a un intervento chirurgico di falloplastica, \u00e8 normale che ti sorgano dei dubbi. Qui rispondiamo alle domande pi\u00f9 frequenti sulla falloplastica.","og_url":"https:\/\/imgender.com\/it\/faqs-faloplastia\/","og_site_name":"IM GENDER","article_modified_time":"2026-01-09T10:15:31+00:00","og_image":[{"width":110,"height":110,"url":"https:\/\/imgender.com\/wp-content\/uploads\/2025\/11\/vaginoplastia-110-110.jpg","type":"image\/jpeg"}],"twitter_card":"summary_large_image","twitter_misc":{"Tempo di lettura stimato":"7 minuti"},"schema":{"@context":"https:\/\/schema.org","@graph":[{"@type":"WebPage","@id":"https:\/\/imgender.com\/it\/faqs-faloplastia\/","url":"https:\/\/imgender.com\/it\/faqs-faloplastia\/","name":"Domande frequenti sulla falloplastica | IM GENDER","isPartOf":{"@id":"https:\/\/imgender.com\/it\/#website"},"datePublished":"2021-02-22T15:50:43+00:00","dateModified":"2026-01-09T10:15:31+00:00","description":"Se stai pensando di sottoporti a un intervento chirurgico di falloplastica, \u00e8 normale che ti sorgano dei dubbi. Qui rispondiamo alle domande pi\u00f9 frequenti sulla falloplastica.","breadcrumb":{"@id":"https:\/\/imgender.com\/it\/faqs-faloplastia\/#breadcrumb"},"inLanguage":"it-IT","potentialAction":[{"@type":"ReadAction","target":["https:\/\/imgender.com\/it\/faqs-faloplastia\/"]}]},{"@type":"BreadcrumbList","@id":"https:\/\/imgender.com\/it\/faqs-faloplastia\/#breadcrumb","itemListElement":[{"@type":"ListItem","position":1,"name":"Portada","item":"https:\/\/imgender.com\/it\/"},{"@type":"ListItem","position":2,"name":"Domande frequenti sulla falloplastica"}]},{"@type":"WebSite","@id":"https:\/\/imgender.com\/it\/#website","url":"https:\/\/imgender.com\/it\/","name":"IM GENDER","description":"Unidad de Cirug\u00eda de G\u00e9nero de IM CLINIC","publisher":{"@id":"https:\/\/imgender.com\/it\/#organization"},"alternateName":"IM GENDER","potentialAction":[{"@type":"SearchAction","target":{"@type":"EntryPoint","urlTemplate":"https:\/\/imgender.com\/it\/?s={search_term_string}"},"query-input":{"@type":"PropertyValueSpecification","valueRequired":true,"valueName":"search_term_string"}}],"inLanguage":"it-IT"},{"@type":"Organization","@id":"https:\/\/imgender.com\/it\/#organization","name":"IM GENDER","url":"https:\/\/imgender.com\/it\/","logo":{"@type":"ImageObject","inLanguage":"it-IT","@id":"https:\/\/imgender.com\/it\/#\/schema\/logo\/image\/","url":"https:\/\/imgender.com\/wp-content\/uploads\/2021\/03\/imclinic_gender.png","contentUrl":"https:\/\/imgender.com\/wp-content\/uploads\/2021\/03\/imclinic_gender.png","width":150,"height":151,"caption":"IM GENDER"},"image":{"@id":"https:\/\/imgender.com\/it\/#\/schema\/logo\/image\/"}}]}},"_links":{"self":[{"href":"https:\/\/imgender.com\/it\/wp-json\/wp\/v2\/pages\/66438","targetHints":{"allow":["GET"]}}],"collection":[{"href":"https:\/\/imgender.com\/it\/wp-json\/wp\/v2\/pages"}],"about":[{"href":"https:\/\/imgender.com\/it\/wp-json\/wp\/v2\/types\/page"}],"author":[{"embeddable":true,"href":"https:\/\/imgender.com\/it\/wp-json\/wp\/v2\/users\/2"}],"replies":[{"embeddable":true,"href":"https:\/\/imgender.com\/it\/wp-json\/wp\/v2\/comments?post=66438"}],"version-history":[{"count":0,"href":"https:\/\/imgender.com\/it\/wp-json\/wp\/v2\/pages\/66438\/revisions"}],"wp:attachment":[{"href":"https:\/\/imgender.com\/it\/wp-json\/wp\/v2\/media?parent=66438"}],"curies":[{"name":"wp","href":"https:\/\/api.w.org\/{rel}","templated":true}]}}